{"id":2492,"date":"2024-07-16T17:48:23","date_gmt":"2024-07-16T17:48:23","guid":{"rendered":"https:\/\/astrobrain.site\/blog\/"},"modified":"2025-11-26T19:17:42","modified_gmt":"2025-11-26T19:17:42","slug":"blog","status":"publish","type":"page","link":"https:\/\/astrobrain.site\/de\/blog\/","title":{"rendered":"Blog"},"content":{"rendered":"\n<div style=\"background-image:url(&apos;https:\/\/astrobrain.site\/wp-content\/uploads\/2024\/12\/guyongroundbooks-3.jpg&apos;);background-position:50% 50%;background-repeat:no-repeat;background-size:contain;\" class=\"wp-block-group nfd-container nfd-p-lg nfd-bg-surface nfd-theme-white is-style-nfd-theme-white has-background\"><div class=\"wp-block-group__inner-container is-layout-constrained wp-block-group-is-layout-constrained\">\n<div class=\"wp-block-group has-contrast-3-color has-text-color has-link-color wp-elements-831f0281ef6c6637ac6cf5c12f4c6109 is-vertical is-content-justification-center is-layout-flex wp-container-core-group-is-layout-4b2eccd6 wp-block-group-is-layout-flex\">\n<h1 class=\"wp-block-heading has-text-align-center nfd-text-giga nfd-text-contrast nfd-text-balance has-nv-light-bg-color has-text-color has-link-color wp-elements-1e5ffc191471aa1be31ec26beb9f450a\" style=\"margin-top:0px;margin-bottom:0px;padding-top:185px;padding-bottom:185px\">Die Gedanken<\/h1>\n<\/div>\n<\/div><\/div>\n\n<div style=\"height:100px\" aria-hidden=\"true\" class=\"wp-block-spacer\"><\/div>\n\n<div class=\"wp-block-group nfd-container nfd-px-md nfd-bg-surface nfd-theme-light is-style-nfd-theme-light\"><div class=\"wp-block-group__inner-container is-layout-constrained wp-block-group-is-layout-constrained\">\n<div class=\"wp-block-query nfd-query-loop-1 is-layout-flow wp-block-query-is-layout-flow\"><ul class=\"wp-block-post-template is-layout-flow wp-block-post-template-is-layout-flow\"><li class=\"wp-block-post post-8628 post type-post status-publish format-standard has-post-thumbnail hentry category-astrologie category-personlich category-unkategorisiert\">\n\n<div class=\"wp-block-columns is-layout-flex wp-container-core-columns-is-layout-2f387617 wp-block-columns-is-layout-flex\">\n<div class=\"wp-block-column is-layout-flow wp-block-column-is-layout-flow\" style=\"flex-basis:30%\"><figure style=\"aspect-ratio:1;width:100%;\" class=\"nfd-rounded-md wp-block-post-featured-image\"><a href=\"https:\/\/astrobrain.site\/de\/den-jupiter-zyklus-nutzen-verwandeln-sie-ihr-zuhause-in-diesem-jahr\/\" target=\"_self\"  ><img data-recalc-dims=\"1\" loading=\"lazy\" decoding=\"async\" width=\"1024\" height=\"768\" src=\"https:\/\/i0.wp.com\/astrobrain.site\/wp-content\/uploads\/2025\/12\/image-3.png?resize=1024%2C768&#038;ssl=1\" class=\"attachment-post-thumbnail size-post-thumbnail wp-post-image\" alt=\"Den Jupiter-Zyklus nutzen: Verwandeln Sie Ihr Zuhause in diesem Jahr\" style=\"width:100%;height:100%;object-fit:cover;\" srcset=\"https:\/\/i0.wp.com\/astrobrain.site\/wp-content\/uploads\/2025\/12\/image-3.png?w=1024&amp;ssl=1 1024w, https:\/\/i0.wp.com\/astrobrain.site\/wp-content\/uploads\/2025\/12\/image-3.png?resize=300%2C225&amp;ssl=1 300w, https:\/\/i0.wp.com\/astrobrain.site\/wp-content\/uploads\/2025\/12\/image-3.png?resize=768%2C576&amp;ssl=1 768w, https:\/\/i0.wp.com\/astrobrain.site\/wp-content\/uploads\/2025\/12\/image-3.png?resize=600%2C450&amp;ssl=1 600w\" sizes=\"auto, (max-width: 1024px) 100vw, 1024px\" \/><\/a><\/figure><\/div>\n\n\n\n<div class=\"wp-block-column is-vertically-aligned-center is-layout-flow wp-block-column-is-layout-flow\" style=\"flex-basis:66.66%\">\n<div class=\"wp-block-group is-vertical is-layout-flex wp-container-core-group-is-layout-c88e71c7 wp-block-group-is-layout-flex\">\n<div class=\"wp-block-group is-vertical is-layout-flex wp-container-core-group-is-layout-8cf370e7 wp-block-group-is-layout-flex\"><h2 style=\"font-style:normal;font-weight:500;\" class=\"nfd-text-balance wp-block-post-title\"><a href=\"https:\/\/astrobrain.site\/de\/den-jupiter-zyklus-nutzen-verwandeln-sie-ihr-zuhause-in-diesem-jahr\/\" target=\"_self\" >Den Jupiter-Zyklus nutzen: Verwandeln Sie Ihr Zuhause in diesem Jahr<\/a><\/h2>\n\n<div class=\"nfd-text-balance wp-block-post-excerpt\"><p class=\"wp-block-post-excerpt__excerpt\">Der Wechsel des Kalenderjahres r\u00fcckt n\u00e4her und bietet die M\u00f6glichkeit, Bilanz zu ziehen und neu anzufangen. Astrologisch gesehen befinden wir uns jedoch mitten in einer anderen Art von&hellip;<\/p><p class=\"wp-block-post-excerpt__more-text\"><a class=\"wp-block-post-excerpt__more-link\" href=\"https:\/\/astrobrain.site\/de\/den-jupiter-zyklus-nutzen-verwandeln-sie-ihr-zuhause-in-diesem-jahr\/\"><strong>Weiterlesen<\/strong><\/a><\/p><\/div><\/div>\n\n\n\n<div class=\"wp-block-group nfd-gap-md  nfd-text-base is-content-justification-left is-layout-flex wp-container-core-group-is-layout-76ea2f42 wp-block-group-is-layout-flex\">\n<div class=\"wp-block-group\" style=\"border-left-width:2px;min-height:0.85em\"><div class=\"wp-block-group__inner-container is-layout-constrained wp-block-group-is-layout-constrained\"><\/div><\/div>\n\n\n<div class=\"nfd-text-faded wp-block-post-date\"><time datetime=\"2025-12-25T22:24:47+00:00\">25. Dezember 2025<\/time><\/div><\/div>\n<\/div>\n<\/div>\n<\/div>\n\n<\/li><li class=\"wp-block-post post-8411 post type-post status-publish format-standard has-post-thumbnail hentry category-astrologie category-kultur category-mundane-de category-personlich category-unkategorisiert\">\n\n<div class=\"wp-block-columns is-layout-flex wp-container-core-columns-is-layout-2f387617 wp-block-columns-is-layout-flex\">\n<div class=\"wp-block-column is-layout-flow wp-block-column-is-layout-flow\" style=\"flex-basis:30%\"><figure style=\"aspect-ratio:1;width:100%;\" class=\"nfd-rounded-md wp-block-post-featured-image\"><a href=\"https:\/\/astrobrain.site\/de\/astrologisches-jahresende-kosmische-veraenderungen-und-ihre-auswirkungen\/\" target=\"_self\"  ><img data-recalc-dims=\"1\" loading=\"lazy\" decoding=\"async\" width=\"1200\" height=\"648\" src=\"https:\/\/i0.wp.com\/astrobrain.site\/wp-content\/uploads\/2025\/12\/getimg_ai_img-jNiOuOFuE1ZuawprKf6UV.webp?resize=1200%2C648&#038;ssl=1\" class=\"attachment-post-thumbnail size-post-thumbnail wp-post-image\" alt=\"Astrologisches Jahresende: Kosmische Ver\u00e4nderungen und ihre Auswirkungen\" style=\"width:100%;height:100%;object-fit:cover;\" srcset=\"https:\/\/i0.wp.com\/astrobrain.site\/wp-content\/uploads\/2025\/12\/getimg_ai_img-jNiOuOFuE1ZuawprKf6UV.webp?w=1392&amp;ssl=1 1392w, https:\/\/i0.wp.com\/astrobrain.site\/wp-content\/uploads\/2025\/12\/getimg_ai_img-jNiOuOFuE1ZuawprKf6UV.webp?resize=300%2C162&amp;ssl=1 300w, https:\/\/i0.wp.com\/astrobrain.site\/wp-content\/uploads\/2025\/12\/getimg_ai_img-jNiOuOFuE1ZuawprKf6UV.webp?resize=1024%2C553&amp;ssl=1 1024w, https:\/\/i0.wp.com\/astrobrain.site\/wp-content\/uploads\/2025\/12\/getimg_ai_img-jNiOuOFuE1ZuawprKf6UV.webp?resize=768%2C415&amp;ssl=1 768w, https:\/\/i0.wp.com\/astrobrain.site\/wp-content\/uploads\/2025\/12\/getimg_ai_img-jNiOuOFuE1ZuawprKf6UV.webp?resize=600%2C324&amp;ssl=1 600w\" sizes=\"auto, (max-width: 1200px) 100vw, 1200px\" \/><\/a><\/figure><\/div>\n\n\n\n<div class=\"wp-block-column is-vertically-aligned-center is-layout-flow wp-block-column-is-layout-flow\" style=\"flex-basis:66.66%\">\n<div class=\"wp-block-group is-vertical is-layout-flex wp-container-core-group-is-layout-c88e71c7 wp-block-group-is-layout-flex\">\n<div class=\"wp-block-group is-vertical is-layout-flex wp-container-core-group-is-layout-8cf370e7 wp-block-group-is-layout-flex\"><h2 style=\"font-style:normal;font-weight:500;\" class=\"nfd-text-balance wp-block-post-title\"><a href=\"https:\/\/astrobrain.site\/de\/astrologisches-jahresende-kosmische-veraenderungen-und-ihre-auswirkungen\/\" target=\"_self\" >Astrologisches Jahresende: Kosmische Ver\u00e4nderungen und ihre Auswirkungen<\/a><\/h2>\n\n<div class=\"nfd-text-balance wp-block-post-excerpt\"><p class=\"wp-block-post-excerpt__excerpt\">Gibt es ein astrologisches Jahresende, das mit dem Ende des von Menschen geschaffenen Kalenderjahres korreliert werden kann? Unter Astrologen, insbesondere den traditionellen, wird allgemein vorausgesetzt, dass astrologische Zyklen&hellip;<\/p><p class=\"wp-block-post-excerpt__more-text\"><a class=\"wp-block-post-excerpt__more-link\" href=\"https:\/\/astrobrain.site\/de\/astrologisches-jahresende-kosmische-veraenderungen-und-ihre-auswirkungen\/\"><strong>Weiterlesen<\/strong><\/a><\/p><\/div><\/div>\n\n\n\n<div class=\"wp-block-group nfd-gap-md  nfd-text-base is-content-justification-left is-layout-flex wp-container-core-group-is-layout-76ea2f42 wp-block-group-is-layout-flex\">\n<div class=\"wp-block-group\" style=\"border-left-width:2px;min-height:0.85em\"><div class=\"wp-block-group__inner-container is-layout-constrained wp-block-group-is-layout-constrained\"><\/div><\/div>\n\n\n<div class=\"nfd-text-faded wp-block-post-date\"><time datetime=\"2025-12-13T23:34:57+00:00\">13. Dezember 2025<\/time><\/div><\/div>\n<\/div>\n<\/div>\n<\/div>\n\n<\/li><li class=\"wp-block-post post-8327 post type-post status-publish format-standard has-post-thumbnail hentry category-astrologie category-personlich\">\n\n<div class=\"wp-block-columns is-layout-flex wp-container-core-columns-is-layout-2f387617 wp-block-columns-is-layout-flex\">\n<div class=\"wp-block-column is-layout-flow wp-block-column-is-layout-flow\" style=\"flex-basis:30%\"><figure style=\"aspect-ratio:1;width:100%;\" class=\"nfd-rounded-md wp-block-post-featured-image\"><a href=\"https:\/\/astrobrain.site\/de\/die-starke-wirkung-von-finsternissen\/\" target=\"_self\"  ><img data-recalc-dims=\"1\" loading=\"lazy\" decoding=\"async\" width=\"1200\" height=\"648\" src=\"https:\/\/i0.wp.com\/astrobrain.site\/wp-content\/uploads\/2025\/12\/getimg_ai_img-MCRbeSnVWC2yrzBQyVxSh.webp?resize=1200%2C648&#038;ssl=1\" class=\"attachment-post-thumbnail size-post-thumbnail wp-post-image\" alt=\"Die starke Wirkung von Finsternissen\" style=\"width:100%;height:100%;object-fit:cover;\" srcset=\"https:\/\/i0.wp.com\/astrobrain.site\/wp-content\/uploads\/2025\/12\/getimg_ai_img-MCRbeSnVWC2yrzBQyVxSh.webp?w=1392&amp;ssl=1 1392w, https:\/\/i0.wp.com\/astrobrain.site\/wp-content\/uploads\/2025\/12\/getimg_ai_img-MCRbeSnVWC2yrzBQyVxSh.webp?resize=300%2C162&amp;ssl=1 300w, https:\/\/i0.wp.com\/astrobrain.site\/wp-content\/uploads\/2025\/12\/getimg_ai_img-MCRbeSnVWC2yrzBQyVxSh.webp?resize=1024%2C553&amp;ssl=1 1024w, https:\/\/i0.wp.com\/astrobrain.site\/wp-content\/uploads\/2025\/12\/getimg_ai_img-MCRbeSnVWC2yrzBQyVxSh.webp?resize=768%2C415&amp;ssl=1 768w, https:\/\/i0.wp.com\/astrobrain.site\/wp-content\/uploads\/2025\/12\/getimg_ai_img-MCRbeSnVWC2yrzBQyVxSh.webp?resize=600%2C324&amp;ssl=1 600w\" sizes=\"auto, (max-width: 1200px) 100vw, 1200px\" \/><\/a><\/figure><\/div>\n\n\n\n<div class=\"wp-block-column is-vertically-aligned-center is-layout-flow wp-block-column-is-layout-flow\" style=\"flex-basis:66.66%\">\n<div class=\"wp-block-group is-vertical is-layout-flex wp-container-core-group-is-layout-c88e71c7 wp-block-group-is-layout-flex\">\n<div class=\"wp-block-group is-vertical is-layout-flex wp-container-core-group-is-layout-8cf370e7 wp-block-group-is-layout-flex\"><h2 style=\"font-style:normal;font-weight:500;\" class=\"nfd-text-balance wp-block-post-title\"><a href=\"https:\/\/astrobrain.site\/de\/die-starke-wirkung-von-finsternissen\/\" target=\"_self\" >Die starke Wirkung von Finsternissen<\/a><\/h2>\n\n<div class=\"nfd-text-balance wp-block-post-excerpt\"><p class=\"wp-block-post-excerpt__excerpt\">Auch wenn gerade keine Finsternis-Saison ist, lohnt es sich, den m\u00f6glichen Einfluss dieser Ereignisse zu erw\u00e4hnen, insbesondere wenn ihre Auswirkungen weit \u00fcber ihren genauen Zeitpunkt hinaus anhalten. Unter&hellip;<\/p><p class=\"wp-block-post-excerpt__more-text\"><a class=\"wp-block-post-excerpt__more-link\" href=\"https:\/\/astrobrain.site\/de\/die-starke-wirkung-von-finsternissen\/\"><strong>Weiterlesen<\/strong><\/a><\/p><\/div><\/div>\n\n\n\n<div class=\"wp-block-group nfd-gap-md  nfd-text-base is-content-justification-left is-layout-flex wp-container-core-group-is-layout-76ea2f42 wp-block-group-is-layout-flex\">\n<div class=\"wp-block-group\" style=\"border-left-width:2px;min-height:0.85em\"><div class=\"wp-block-group__inner-container is-layout-constrained wp-block-group-is-layout-constrained\"><\/div><\/div>\n\n\n<div class=\"nfd-text-faded wp-block-post-date\"><time datetime=\"2025-12-06T23:20:17+00:00\">6. Dezember 2025<\/time><\/div><\/div>\n<\/div>\n<\/div>\n<\/div>\n\n<\/li><li class=\"wp-block-post post-6336 post type-post status-publish format-standard has-post-thumbnail hentry category-tarot-de\">\n\n<div class=\"wp-block-columns is-layout-flex wp-container-core-columns-is-layout-2f387617 wp-block-columns-is-layout-flex\">\n<div class=\"wp-block-column is-layout-flow wp-block-column-is-layout-flow\" style=\"flex-basis:30%\"><figure style=\"aspect-ratio:1;width:100%;\" class=\"nfd-rounded-md wp-block-post-featured-image\"><a href=\"https:\/\/astrobrain.site\/de\/das-verbesserte-somnia-tarot\/\" target=\"_self\"  ><img data-recalc-dims=\"1\" loading=\"lazy\" decoding=\"async\" width=\"1200\" height=\"1030\" src=\"https:\/\/i0.wp.com\/astrobrain.site\/wp-content\/uploads\/2025\/11\/IMG_4638-scaled.webp?resize=1200%2C1030&#038;ssl=1\" class=\"attachment-post-thumbnail size-post-thumbnail wp-post-image\" alt=\"Das verbesserte Somnia Tarot\" style=\"width:100%;height:100%;object-fit:cover;\" srcset=\"https:\/\/i0.wp.com\/astrobrain.site\/wp-content\/uploads\/2025\/11\/IMG_4638-scaled.webp?w=2560&amp;ssl=1 2560w, https:\/\/i0.wp.com\/astrobrain.site\/wp-content\/uploads\/2025\/11\/IMG_4638-scaled.webp?resize=300%2C257&amp;ssl=1 300w, https:\/\/i0.wp.com\/astrobrain.site\/wp-content\/uploads\/2025\/11\/IMG_4638-scaled.webp?resize=1024%2C879&amp;ssl=1 1024w, https:\/\/i0.wp.com\/astrobrain.site\/wp-content\/uploads\/2025\/11\/IMG_4638-scaled.webp?resize=768%2C659&amp;ssl=1 768w, https:\/\/i0.wp.com\/astrobrain.site\/wp-content\/uploads\/2025\/11\/IMG_4638-scaled.webp?resize=1536%2C1318&amp;ssl=1 1536w, https:\/\/i0.wp.com\/astrobrain.site\/wp-content\/uploads\/2025\/11\/IMG_4638-scaled.webp?resize=2048%2C1758&amp;ssl=1 2048w, https:\/\/i0.wp.com\/astrobrain.site\/wp-content\/uploads\/2025\/11\/IMG_4638-scaled.webp?resize=600%2C515&amp;ssl=1 600w, https:\/\/i0.wp.com\/astrobrain.site\/wp-content\/uploads\/2025\/11\/IMG_4638-scaled.webp?w=2400&amp;ssl=1 2400w\" sizes=\"auto, (max-width: 1200px) 100vw, 1200px\" \/><\/a><\/figure><\/div>\n\n\n\n<div class=\"wp-block-column is-vertically-aligned-center is-layout-flow wp-block-column-is-layout-flow\" style=\"flex-basis:66.66%\">\n<div class=\"wp-block-group is-vertical is-layout-flex wp-container-core-group-is-layout-c88e71c7 wp-block-group-is-layout-flex\">\n<div class=\"wp-block-group is-vertical is-layout-flex wp-container-core-group-is-layout-8cf370e7 wp-block-group-is-layout-flex\"><h2 style=\"font-style:normal;font-weight:500;\" class=\"nfd-text-balance wp-block-post-title\"><a href=\"https:\/\/astrobrain.site\/de\/das-verbesserte-somnia-tarot\/\" target=\"_self\" >Das verbesserte Somnia Tarot<\/a><\/h2>\n\n<div class=\"nfd-text-balance wp-block-post-excerpt\"><p class=\"wp-block-post-excerpt__excerpt\">Vor etwa einem Jahr habe ich etwas gekauft, wovon ich nicht lange zuvor getr\u00e4umt hatte. Normalerweise erinnere ich mich nicht viel an meine Tr\u00e4ume, aber dieses Mal wachte&hellip;<\/p><p class=\"wp-block-post-excerpt__more-text\"><a class=\"wp-block-post-excerpt__more-link\" href=\"https:\/\/astrobrain.site\/de\/das-verbesserte-somnia-tarot\/\"><strong>Weiterlesen<\/strong><\/a><\/p><\/div><\/div>\n\n\n\n<div class=\"wp-block-group nfd-gap-md  nfd-text-base is-content-justification-left is-layout-flex wp-container-core-group-is-layout-76ea2f42 wp-block-group-is-layout-flex\">\n<div class=\"wp-block-group\" style=\"border-left-width:2px;min-height:0.85em\"><div class=\"wp-block-group__inner-container is-layout-constrained wp-block-group-is-layout-constrained\"><\/div><\/div>\n\n\n<div class=\"nfd-text-faded wp-block-post-date\"><time datetime=\"2025-11-29T22:41:02+00:00\">29. November 2025<\/time><\/div><\/div>\n<\/div>\n<\/div>\n<\/div>\n\n<\/li><li class=\"wp-block-post post-4661 post type-post status-publish format-standard has-post-thumbnail hentry category-personlich\">\n\n<div class=\"wp-block-columns is-layout-flex wp-container-core-columns-is-layout-2f387617 wp-block-columns-is-layout-flex\">\n<div class=\"wp-block-column is-layout-flow wp-block-column-is-layout-flow\" style=\"flex-basis:30%\"><figure style=\"aspect-ratio:1;width:100%;\" class=\"nfd-rounded-md wp-block-post-featured-image\"><a href=\"https:\/\/astrobrain.site\/de\/zwei-mondzyklen-und-uranus-ein-unerwarteter-einfluss\/\" target=\"_self\"  ><img data-recalc-dims=\"1\" loading=\"lazy\" decoding=\"async\" width=\"1200\" height=\"675\" src=\"https:\/\/i0.wp.com\/astrobrain.site\/wp-content\/uploads\/2025\/02\/img-2xBwLdP23UI5Vv0PJq2YI-1.webp?resize=1200%2C675&#038;ssl=1\" class=\"attachment-post-thumbnail size-post-thumbnail wp-post-image\" alt=\"Zwei Mondzyklen und Uranus \u2013 ein unerwarteter Einfluss\" style=\"width:100%;height:100%;object-fit:cover;\" srcset=\"https:\/\/i0.wp.com\/astrobrain.site\/wp-content\/uploads\/2025\/02\/img-2xBwLdP23UI5Vv0PJq2YI-1.webp?w=1280&amp;ssl=1 1280w, https:\/\/i0.wp.com\/astrobrain.site\/wp-content\/uploads\/2025\/02\/img-2xBwLdP23UI5Vv0PJq2YI-1.webp?resize=300%2C169&amp;ssl=1 300w, https:\/\/i0.wp.com\/astrobrain.site\/wp-content\/uploads\/2025\/02\/img-2xBwLdP23UI5Vv0PJq2YI-1.webp?resize=1024%2C576&amp;ssl=1 1024w, https:\/\/i0.wp.com\/astrobrain.site\/wp-content\/uploads\/2025\/02\/img-2xBwLdP23UI5Vv0PJq2YI-1.webp?resize=768%2C432&amp;ssl=1 768w, https:\/\/i0.wp.com\/astrobrain.site\/wp-content\/uploads\/2025\/02\/img-2xBwLdP23UI5Vv0PJq2YI-1.webp?resize=600%2C338&amp;ssl=1 600w\" sizes=\"auto, (max-width: 1200px) 100vw, 1200px\" \/><\/a><\/figure><\/div>\n\n\n\n<div class=\"wp-block-column is-vertically-aligned-center is-layout-flow wp-block-column-is-layout-flow\" style=\"flex-basis:66.66%\">\n<div class=\"wp-block-group is-vertical is-layout-flex wp-container-core-group-is-layout-c88e71c7 wp-block-group-is-layout-flex\">\n<div class=\"wp-block-group is-vertical is-layout-flex wp-container-core-group-is-layout-8cf370e7 wp-block-group-is-layout-flex\"><h2 style=\"font-style:normal;font-weight:500;\" class=\"nfd-text-balance wp-block-post-title\"><a href=\"https:\/\/astrobrain.site\/de\/zwei-mondzyklen-und-uranus-ein-unerwarteter-einfluss\/\" target=\"_self\" >Zwei Mondzyklen und Uranus \u2013 ein unerwarteter Einfluss<\/a><\/h2>\n\n<div class=\"nfd-text-balance wp-block-post-excerpt\"><p class=\"wp-block-post-excerpt__excerpt\">Dieser Vollmond im L\u00f6wen, der gerade stattfindet, ist tats\u00e4chlich ein Punkt der pers\u00f6nlichen Neubewertung. Auch wenn keine Planeten oder Punkte im Zeichen des Vollmonds oder in den entsprechenden&hellip;<\/p><p class=\"wp-block-post-excerpt__more-text\"><a class=\"wp-block-post-excerpt__more-link\" href=\"https:\/\/astrobrain.site\/de\/zwei-mondzyklen-und-uranus-ein-unerwarteter-einfluss\/\"><strong>Weiterlesen<\/strong><\/a><\/p><\/div><\/div>\n\n\n\n<div class=\"wp-block-group nfd-gap-md  nfd-text-base is-content-justification-left is-layout-flex wp-container-core-group-is-layout-76ea2f42 wp-block-group-is-layout-flex\">\n<div class=\"wp-block-group\" style=\"border-left-width:2px;min-height:0.85em\"><div class=\"wp-block-group__inner-container is-layout-constrained wp-block-group-is-layout-constrained\"><\/div><\/div>\n\n\n<div class=\"nfd-text-faded wp-block-post-date\"><time datetime=\"2025-02-12T23:26:36+00:00\">12. Februar 2025<\/time><\/div><\/div>\n<\/div>\n<\/div>\n<\/div>\n\n<\/li><li class=\"wp-block-post post-4555 post type-post status-publish format-standard has-post-thumbnail hentry category-personlich category-tarot-de\">\n\n<div class=\"wp-block-columns is-layout-flex wp-container-core-columns-is-layout-2f387617 wp-block-columns-is-layout-flex\">\n<div class=\"wp-block-column is-layout-flow wp-block-column-is-layout-flow\" style=\"flex-basis:30%\"><figure style=\"aspect-ratio:1;width:100%;\" class=\"nfd-rounded-md wp-block-post-featured-image\"><a href=\"https:\/\/astrobrain.site\/de\/mit-tarot-ihr-aufsteigendes-zeichen-finden\/\" target=\"_self\"  ><img data-recalc-dims=\"1\" loading=\"lazy\" decoding=\"async\" width=\"1200\" height=\"800\" src=\"https:\/\/i0.wp.com\/astrobrain.site\/wp-content\/uploads\/2025\/02\/iStock-1905743504-scaled.webp?resize=1200%2C800&#038;ssl=1\" class=\"attachment-post-thumbnail size-post-thumbnail wp-post-image\" alt=\"Tarot nutzen, um dein Sternzeichen zu finden\" style=\"width:100%;height:100%;object-fit:cover;\" srcset=\"https:\/\/i0.wp.com\/astrobrain.site\/wp-content\/uploads\/2025\/02\/iStock-1905743504-scaled.webp?w=2560&amp;ssl=1 2560w, https:\/\/i0.wp.com\/astrobrain.site\/wp-content\/uploads\/2025\/02\/iStock-1905743504-scaled.webp?resize=300%2C200&amp;ssl=1 300w, https:\/\/i0.wp.com\/astrobrain.site\/wp-content\/uploads\/2025\/02\/iStock-1905743504-scaled.webp?resize=1024%2C683&amp;ssl=1 1024w, https:\/\/i0.wp.com\/astrobrain.site\/wp-content\/uploads\/2025\/02\/iStock-1905743504-scaled.webp?resize=768%2C512&amp;ssl=1 768w, https:\/\/i0.wp.com\/astrobrain.site\/wp-content\/uploads\/2025\/02\/iStock-1905743504-scaled.webp?resize=1536%2C1024&amp;ssl=1 1536w, https:\/\/i0.wp.com\/astrobrain.site\/wp-content\/uploads\/2025\/02\/iStock-1905743504-scaled.webp?resize=2048%2C1365&amp;ssl=1 2048w, https:\/\/i0.wp.com\/astrobrain.site\/wp-content\/uploads\/2025\/02\/iStock-1905743504-scaled.webp?resize=930%2C620&amp;ssl=1 930w, https:\/\/i0.wp.com\/astrobrain.site\/wp-content\/uploads\/2025\/02\/iStock-1905743504-scaled.webp?resize=600%2C400&amp;ssl=1 600w, https:\/\/i0.wp.com\/astrobrain.site\/wp-content\/uploads\/2025\/02\/iStock-1905743504-scaled.webp?w=2400&amp;ssl=1 2400w\" sizes=\"auto, (max-width: 1200px) 100vw, 1200px\" \/><\/a><\/figure><\/div>\n\n\n\n<div class=\"wp-block-column is-vertically-aligned-center is-layout-flow wp-block-column-is-layout-flow\" style=\"flex-basis:66.66%\">\n<div class=\"wp-block-group is-vertical is-layout-flex wp-container-core-group-is-layout-c88e71c7 wp-block-group-is-layout-flex\">\n<div class=\"wp-block-group is-vertical is-layout-flex wp-container-core-group-is-layout-8cf370e7 wp-block-group-is-layout-flex\"><h2 style=\"font-style:normal;font-weight:500;\" class=\"nfd-text-balance wp-block-post-title\"><a href=\"https:\/\/astrobrain.site\/de\/mit-tarot-ihr-aufsteigendes-zeichen-finden\/\" target=\"_self\" >Tarot nutzen, um dein Sternzeichen zu finden<\/a><\/h2>\n\n<div class=\"nfd-text-balance wp-block-post-excerpt\"><p class=\"wp-block-post-excerpt__excerpt\">Eines der wichtigsten Details bei der Berechnung und Interpretation des Geburtshoroskops einer Person, wenn nicht sogar das wichtigste, ist die genaue Geburtszeit, die das Sternzeichen ergibt und damit&hellip;<\/p><p class=\"wp-block-post-excerpt__more-text\"><a class=\"wp-block-post-excerpt__more-link\" href=\"https:\/\/astrobrain.site\/de\/mit-tarot-ihr-aufsteigendes-zeichen-finden\/\"><strong>Weiterlesen<\/strong><\/a><\/p><\/div><\/div>\n\n\n\n<div class=\"wp-block-group nfd-gap-md  nfd-text-base is-content-justification-left is-layout-flex wp-container-core-group-is-layout-76ea2f42 wp-block-group-is-layout-flex\">\n<div class=\"wp-block-group\" style=\"border-left-width:2px;min-height:0.85em\"><div class=\"wp-block-group__inner-container is-layout-constrained wp-block-group-is-layout-constrained\"><\/div><\/div>\n\n\n<div class=\"nfd-text-faded wp-block-post-date\"><time datetime=\"2025-02-08T12:22:58+00:00\">8. Februar 2025<\/time><\/div><\/div>\n<\/div>\n<\/div>\n<\/div>\n\n<\/li><\/ul>\n\n<nav class=\"wp-block-query-pagination has-normal-font-size is-content-justification-center is-layout-flex wp-container-core-query-pagination-is-layout-16018d1d wp-block-query-pagination-is-layout-flex\" aria-label=\"Seitennummerierung\">\n\n\n<div class=\"wp-block-query-pagination-numbers\"><span aria-label=\"Seite 1\" aria-current=\"page\" class=\"page-numbers current\">1<\/span>\n<a aria-label=\"Seite 2\" class=\"page-numbers\" href=\"?query-33-page=2\">2<\/a>\n<a aria-label=\"Seite 3\" class=\"page-numbers\" href=\"?query-33-page=3\">3<\/a>\n<a aria-label=\"Seite 4\" class=\"page-numbers\" href=\"?query-33-page=4\">4<\/a><\/div>\n\n<a href=\"\/de\/wp-json\/wp\/v2\/pages\/2492?query-33-page=2\" class=\"wp-block-query-pagination-next\" aria-label=\"N\u00e4chste Seite\"><span class='wp-block-query-pagination-next-arrow is-arrow-arrow' aria-hidden='true'>\u2192<\/span><\/a>\n<\/nav><\/div>\n<\/div><\/div>\n\n<div style=\"height:0px\" aria-hidden=\"true\" class=\"wp-block-spacer\"><\/div>\n\n<p><\/p>\n","protected":false},"excerpt":{"rendered":"<p>Die Gedanken<\/p>\n","protected":false},"author":1,"featured_media":0,"parent":0,"menu_order":0,"comment_status":"closed","ping_status":"closed","template":"","meta":{"neve_meta_sidebar":"","neve_meta_container":"","neve_meta_enable_content_width":"","neve_meta_content_width":0,"neve_meta_title_alignment":"","neve_meta_author_avatar":"","neve_post_elements_order":"","neve_meta_disable_header":"","neve_meta_disable_footer":"","neve_meta_disable_title":"","neve_meta_reading_time":"","footnotes":""},"class_list":["post-2492","page","type-page","status-publish","hentry"],"jetpack_sharing_enabled":true,"_links":{"self":[{"href":"https:\/\/astrobrain.site\/de\/wp-json\/wp\/v2\/pages\/2492","targetHints":{"allow":["GET"]}}],"collection":[{"href":"https:\/\/astrobrain.site\/de\/wp-json\/wp\/v2\/pages"}],"about":[{"href":"https:\/\/astrobrain.site\/de\/wp-json\/wp\/v2\/types\/page"}],"author":[{"embeddable":true,"href":"https:\/\/astrobrain.site\/de\/wp-json\/wp\/v2\/users\/1"}],"replies":[{"embeddable":true,"href":"https:\/\/astrobrain.site\/de\/wp-json\/wp\/v2\/comments?post=2492"}],"version-history":[{"count":14,"href":"https:\/\/astrobrain.site\/de\/wp-json\/wp\/v2\/pages\/2492\/revisions"}],"predecessor-version":[{"id":5791,"href":"https:\/\/astrobrain.site\/de\/wp-json\/wp\/v2\/pages\/2492\/revisions\/5791"}],"wp:attachment":[{"href":"https:\/\/astrobrain.site\/de\/wp-json\/wp\/v2\/media?parent=2492"}],"curies":[{"name":"wp","href":"https:\/\/api.w.org\/{rel}","templated":true}]}}