{"id":2607,"date":"2024-11-14T09:04:09","date_gmt":"2024-11-14T09:04:09","guid":{"rendered":"https:\/\/astrobrain.site\/product\/tarot-lesen-kostenlos-bezahlung-optional\/"},"modified":"2025-12-25T04:50:16","modified_gmt":"2025-12-25T04:50:16","slug":"tarot-lesen-kostenlos-bezahlung-optional","status":"publish","type":"product","link":"https:\/\/astrobrain.site\/de\/produkt\/tarot-lesen-kostenlos-bezahlung-optional\/","title":{"rendered":"Tarot-Lesung"},"content":{"rendered":"<p>Du kannst mir deine Frage sowie die bevorzugte Methode an <a href=\"mailto:astrobrain.site@gmail.com\">astrobrain.site@gmail.com<\/a> senden.<\/p>\n<p>Ich kann eine Lesung in einer der 3 in der Tarot-Welt bekannten Methoden durchf\u00fchren:<\/p>\n<ol>\n<li>RWS-Stil (am beliebtesten);<\/li>\n<li>Thoth-Stil;<\/li>\n<li>Marseille-Stil.<\/li>\n<\/ol>\n<p>Bei jeder der Methoden verwende ich nat\u00fcrlich das passende Deck sowie die geeigneten Legesysteme:<\/p>\n<ol>\n<li>F\u00fcr RWS und Thoth ist es das Keltische Kreuz;<\/li>\n<li>F\u00fcr Marseille ist es das Carr\u00e9 de Neuf Legesystem. Es gibt auch eine Option f\u00fcr das Grand Tableau Legesystem mit 25+1 Karten f\u00fcr Interessierte. <\/li>\n<\/ol>\n<p>Wenn Ihnen gef\u00e4llt, was Sie von mir erhalten, k\u00f6nnen Sie mir gerne eine Spende als Zeichen der Wertsch\u00e4tzung zukommen lassen. Danke \ud83d\ude0a.<br \/>\n<style>\r\n        .wpedon-container .wpedon-select,\r\n        .wpedon-container .wpedon-input {\r\n            width: 300px;\r\n            min-width: 300px;\r\n            max-width: 300px;\r\n        }\r\n    <\/style><div class='wpedon-container wpedon-align-left'><form class='wpedon-form wpedon-form-disabled' id='86129a25e5452543c51d150b35d40f8d' action='#' method='post'>\t\t<script\r\n\t\t\tsrc='https:\/\/www.paypal.com\/sdk\/js?client-id=Advx1wc_4Se6ICsYnMXTqWntyS0F1VdRHIeWnT2Qgv0nFi6sD86KEM9DSxcG79rq_weHqfs1uClL1xDy&merchant-id=KTQTAEB6RHLKE&currency=USD&intent=capture&components=buttons,funding-eligibility&enable-funding=venmo,card'\r\n\t\t\tdata-partner-attribution-id='WPPlugin_STP_CP'\r\n\t\t\t\t\t><\/script>\r\n\t\t<style>\r\n        .wpedon-paypal-button-container > *,\r\n        .wpedon-paypal-hosted-fields-container .wpedon-paypal-btn,\r\n        .wpedon-form .wpedon-or {\r\n            width: 300px;\r\n            min-width: 300px;\r\n            max-width: 300px;\r\n        }\r\n        .wpedon-paypal-hosted-fields-container .wpedon-paypal-btn {\r\n            height: 40px;\r\n        }\r\n\t\t<\/style>\r\n\t\t<script>\r\n      const wpedonPaypalFunding = [\"paypal\",\"venmo\",\"card\"];\r\n\t\t<\/script>\r\n\t\t\r\n\t<!-- Buttons container -->\r\n\t<div id='wpedon-paypal-button-container-86129a25e5452543c51d150b35d40f8d' class='wpedon-paypal-button-container wpedon-vertical'><\/div>\r\n\r\n\t\t<div id='wpedon-paypal-message-86129a25e5452543c51d150b35d40f8d' class='wpedon-payment-message'><\/div>\r\n\r\n\r\n\r\n\r\n\t<script>\r\n    const message_86129a25e5452543c51d150b35d40f8d = document.getElementById('wpedon-paypal-message-86129a25e5452543c51d150b35d40f8d');\r\n    if ( typeof paypal === 'undefined' ) {\r\n      message_86129a25e5452543c51d150b35d40f8d.innerHTML = '<span class=\"payment-error\">' + \r\n          'An error occurred while connecting PayPal SDK. Check the plugin settings.' + '<\/span>';\r\n      throw 'An error occurred while connecting PayPal SDK. Check the plugin settings.';\r\n    }\r\n\r\n    paypal.getFundingSources().forEach(function (fundingSource) {\r\n      if ( wpedonPaypalFunding.indexOf(fundingSource) > -1 ) {\r\n        const style = {\r\n          shape: 'rect',\r\n          label: 'donate',\r\n          height: 40        };\r\n\r\n        if ( fundingSource !== 'card' ) {\r\n          let color = 'gold';\r\n          if (fundingSource === 'venmo' && color === 'gold') {\r\n            color = 'blue';\r\n          } else if (['ideal', 'bancontact', 'giropay', 'eps', 'sofort', 'mybank', 'p24'].indexOf(fundingSource) > -1 && ['gold', 'blue'].indexOf(color) > -1) {\r\n            color = 'default';\r\n          } else if (fundingSource === 'credit' && ['darkblue', 'black', 'white'].indexOf(color) === -1) {\r\n              color = 'darkblue';\r\n          }\r\n          style.color = color;\r\n        }\r\n\r\n        const button = paypal.Buttons({\r\n          fundingSource: fundingSource,\r\n          style: style,\r\n          createOrder: function() {\r\n            message_86129a25e5452543c51d150b35d40f8d.innerHTML = '';\r\n\r\n            const form = document.getElementById('86129a25e5452543c51d150b35d40f8d');\r\n            const formData = new FormData(form);\r\n            formData.append('action', 'wpedon-ppcp-order-create');\r\n            formData.append('nonce', wpedon.nonce);\r\n\r\n            return fetch(wpedon.ajaxUrl, {\r\n              method: 'post',\r\n              body: formData\r\n            }).then(function(response) {\r\n              return response.json();\r\n            }).then(function(data) {\r\n              let orderID = false;\r\n              if (data.success && data.data.order_id) {\r\n                orderID = data.data.order_id;\r\n              } else {\r\n                throw data.data && data.data.message ? data.data.message : 'An unknown error occurred while creating the order. Please reload the page and try again.';\r\n              }\r\n              return orderID;\r\n            });\r\n          },\r\n          onApprove: function(data) {\r\n            const formData = new FormData();\r\n\r\n            formData.append('action', 'wpedon-ppcp-order-finalize');\r\n            formData.append('nonce', wpedon.nonce);\r\n            formData.append('order_id', data.orderID);\r\n\r\n            return fetch(wpedon.ajaxUrl, {\r\n              method: 'post',\r\n              body: formData\r\n            }).then(function(response) {\r\n              return response.json();\r\n            }).then(function(data) {\r\n              if (data.success) {\r\n\t\t\t    var return_url = '';\r\n                if (return_url.length) {\r\n                  window.location.href = return_url;\r\n                } else {\r\n                  message_86129a25e5452543c51d150b35d40f8d.innerHTML = '<span class=\"payment-success\">' + \r\n                    'The payment was successful' + '<\/span>';\r\n                }\r\n              } else {\r\n                throw data.data.message;\r\n              }\r\n            });\r\n          },\r\n          onCancel: function() {\r\n            if (wpedon.cancel.length && fundingSource !== 'card') {\r\n              window.location.href = wpedon.cancel;\r\n            } else {\r\n              message_86129a25e5452543c51d150b35d40f8d.innerHTML = '<span class=\"payment-error\">' + \r\n                'The payment was cancelled.' + '<\/span>';\r\n            }\r\n          },\r\n          onError: function (error) {\r\n            message_86129a25e5452543c51d150b35d40f8d.innerHTML = '<span class=\"payment-error\">' + (error ? error : '<strong>Site admin<\/strong>, an error was detected in the plugin settings.<\/br>Please check the PayPal connection and product settings (price, name, etc.)') + '<\/span>';\r\n          }\r\n        });\r\n\r\n        if (button.isEligible()) {\r\n          button.render('#wpedon-paypal-button-container-86129a25e5452543c51d150b35d40f8d');\r\n        }\r\n      }\r\n    });\r\n\r\n\t\t\t<\/script>\r\n\t\r\n\t\r\n\t\r\n\t<input type='hidden' name='amount' id='amount_86129a25e5452543c51d150b35d40f8d' value='15.00' \/><input type='hidden' name='price' id='price_86129a25e5452543c51d150b35d40f8d' value='15.00' \/><input type='hidden' name='item_number' value='' \/><input type='hidden' name='item_name' value='An appreciation token' \/><input type='hidden' name='name' value='An appreciation token' \/><input type='hidden' name='custom' value='6147'><input type='hidden' name='no_shipping' value='1'><input type='hidden' name='no_note' value='1'><input type='hidden' name='currency_code' value='USD'><\/form><\/div><br \/>\n<a href=\"https:\/\/www.buymeacoffee.com\/astrobrain.site\" target=\"_blank\" rel=\"noopener noreferrer\" style=\"display:inline-block;padding:10px 14px;border-radius:8px;text-decoration:none;font-weight:600;border:1px solid #ddd;\"><br \/>\nUnterst\u00fctze meine Arbeit \u2615<br \/>\n<\/a><br \/>\n&nbsp;<\/p>\n","protected":false},"excerpt":{"rendered":"<p>Kostenloses Tarot-Lesen als Antwort auf eine eingereichte schriftliche Frage, nur zu Unterhaltungszwecken (siehe Details und E-Mail unten).<\/p>\n<p>Lieferung als PDF-Datei mit dem Bild des Legesystems.<\/p>\n<p>&nbsp;<\/p>\n","protected":false},"featured_media":1874,"comment_status":"closed","ping_status":"closed","template":"","meta":{"neve_meta_sidebar":"","neve_meta_container":"","neve_meta_enable_content_width":"off","neve_meta_content_width":100,"neve_meta_title_alignment":"","neve_meta_author_avatar":"","neve_post_elements_order":"","neve_meta_disable_header":"","neve_meta_disable_footer":"","neve_meta_disable_title":"","neve_meta_reading_time":""},"product_brand":[],"product_cat":[157],"product_tag":[158,159],"class_list":{"0":"post-2607","1":"product","2":"type-product","3":"status-publish","4":"has-post-thumbnail","6":"product_cat-angebote","7":"product_tag-lesen","8":"product_tag-tarot-de","10":"first","11":"instock","12":"virtual","13":"purchasable","14":"product-type-simple"},"jetpack_sharing_enabled":true,"_links":{"self":[{"href":"https:\/\/astrobrain.site\/de\/wp-json\/wp\/v2\/product\/2607","targetHints":{"allow":["GET"]}}],"collection":[{"href":"https:\/\/astrobrain.site\/de\/wp-json\/wp\/v2\/product"}],"about":[{"href":"https:\/\/astrobrain.site\/de\/wp-json\/wp\/v2\/types\/product"}],"replies":[{"embeddable":true,"href":"https:\/\/astrobrain.site\/de\/wp-json\/wp\/v2\/comments?post=2607"}],"wp:featuredmedia":[{"embeddable":true,"href":"https:\/\/astrobrain.site\/de\/wp-json\/wp\/v2\/media\/1874"}],"wp:attachment":[{"href":"https:\/\/astrobrain.site\/de\/wp-json\/wp\/v2\/media?parent=2607"}],"wp:term":[{"taxonomy":"product_brand","embeddable":true,"href":"https:\/\/astrobrain.site\/de\/wp-json\/wp\/v2\/product_brand?post=2607"},{"taxonomy":"product_cat","embeddable":true,"href":"https:\/\/astrobrain.site\/de\/wp-json\/wp\/v2\/product_cat?post=2607"},{"taxonomy":"product_tag","embeddable":true,"href":"https:\/\/astrobrain.site\/de\/wp-json\/wp\/v2\/product_tag?post=2607"}],"curies":[{"name":"wp","href":"https:\/\/api.w.org\/{rel}","templated":true}]}}