{"id":2480,"date":"2024-07-20T04:34:11","date_gmt":"2024-07-20T04:34:11","guid":{"rendered":"https:\/\/astrobrain.site\/aloha\/"},"modified":"2025-12-18T10:24:21","modified_gmt":"2025-12-18T10:24:21","slug":"aloha","status":"publish","type":"page","link":"https:\/\/astrobrain.site\/es\/","title":{"rendered":"\u00a1Aloha!"},"content":{"rendered":"\n<div style=\"height:54px\" aria-hidden=\"true\" class=\"wp-block-spacer\"><\/div>\n\n\n\n<img data-recalc-dims=\"1\" decoding=\"async\" class=\"gb-media-e83a1873\" alt=\"\" src=\"https:\/\/i0.wp.com\/astrobrain.site\/wp-content\/uploads\/2025\/01\/iStock-1333819741-1-scaled.webp?w=1200&#038;ssl=1\" title=\"iStock-1333819741\"\/>\n\n\n\n<div style=\"height:54px\" aria-hidden=\"true\" class=\"wp-block-spacer\"><\/div>\n\n\n\n<p>Soy astr\u00f3logo occidental y me dedico a la astrolog\u00eda desde que era adolescente. Mi pasi\u00f3n es leer e interpretar cartas astrales y otros temas relacionados con la astrolog\u00eda, como la astrolog\u00eda mundana. <\/p>\n\n\n\n<p>Recientemente aprob\u00e9 el examen de competencia CAPISAR (<a href=\"http:\/\/capisar.org\">http:\/\/capisar.org<\/a>), un examen bastante extenso y completo sobre astrolog\u00eda, y tambi\u00e9n complet\u00e9 2 cursos en <a href=\"https:\/\/courses.theastrologyschool.com\/\">http:\/\/theastrlogyschool.com<\/a>: astrolog\u00eda helen\u00edstica y rectificaci\u00f3n de la hora de nacimiento.<\/p>\n\n\n\n<p>Adem\u00e1s de algunas reflexiones sobre astrolog\u00eda, ofrezco aqu\u00ed 3 servicios:<\/p>\n\n\n\n<ol class=\"wp-block-list\">\n<li style=\"margin-right:var(--wp--preset--spacing--50);margin-left:var(--wp--preset--spacing--50)\">Lectura anual (al menos 500 palabras) en forma de respuesta a una pregunta basada en la carta natal.<\/li>\n\n\n\n<li style=\"margin-right:var(--wp--preset--spacing--50);margin-left:var(--wp--preset--spacing--50)\">Tirada de tarot gratuita en uno de los 3 m\u00e9todos conocidos: RWS, Thoth o Marsella.<\/li>\n\n\n\n<li style=\"margin-right:var(--wp--preset--spacing--50);margin-left:var(--wp--preset--spacing--50)\">La rectificaci\u00f3n de la hora de nacimiento est\u00e1 disponible en 3 niveles, seg\u00fan la precisi\u00f3n que tengas sobre tu hora de nacimiento. Cada nivel tiene un precio diferente seg\u00fan la complejidad del proceso de rectificaci\u00f3n:  \n<ul class=\"wp-block-list\">\n<li style=\"margin-right:var(--wp--preset--spacing--50);margin-left:var(--wp--preset--spacing--50)\">para aquellos con una hora de nacimiento aproximada dentro de un rango de 6 horas.<\/li>\n\n\n\n<li style=\"margin-right:var(--wp--preset--spacing--50);margin-left:var(--wp--preset--spacing--50)\">para aquellos con una hora de nacimiento aproximada dentro de un rango de 12 horas. <\/li>\n\n\n\n<li style=\"margin-right:var(--wp--preset--spacing--50);margin-left:var(--wp--preset--spacing--50)\">y para los que s\u00f3lo conocen la fecha de nacimiento, sin hora aproximada (intervalo de 24 horas).  <br><\/li>\n<\/ul>\n<\/li>\n<\/ol>\n\n\n\n<p>Visite mi p\u00e1gina de la tienda para ver las ofertas y pase por mi blog para ver las reflexiones:<\/p>\n\n\n\n<div class=\"wp-block-buttons is-layout-flex wp-block-buttons-is-layout-flex\">\n<div class=\"wp-block-button\"><a class=\"wp-block-button__link wp-element-button\" href=\"https:\/\/astrobrain.site\/es\/tienda\/\">Tienda<\/a><\/div>\n\n\n\n<div class=\"wp-block-button\"><a class=\"wp-block-button__link wp-element-button\" href=\"https:\/\/astrobrain.site\/es\/blog\/\">Blog<\/a><\/div>\n\n\n<\/div>\n\n\n\n<p><\/p>\n","protected":false},"excerpt":{"rendered":"<p>Soy astr\u00f3logo occidental y me dedico a la astrolog\u00eda desde que era adolescente. Mi pasi\u00f3n es leer e interpretar cartas astrales y otros temas relacionados con la astrolog\u00eda, como la astrolog\u00eda mundana. Recientemente aprob\u00e9 el examen de competencia CAPISAR (http:\/\/capisar.org), un examen bastante extenso y completo sobre astrolog\u00eda, y tambi\u00e9n complet\u00e9 2 cursos en http:\/\/theastrlogyschool.com:&hellip;&nbsp;<a href=\"https:\/\/astrobrain.site\/es\/\" rel=\"bookmark\">Read More &raquo;<span class=\"screen-reader-text\">\u00a1Aloha!<\/span><\/a><\/p>\n","protected":false},"author":1,"featured_media":4210,"parent":0,"menu_order":0,"comment_status":"closed","ping_status":"closed","template":"","meta":{"neve_meta_sidebar":"","neve_meta_container":"","neve_meta_enable_content_width":"","neve_meta_content_width":0,"neve_meta_title_alignment":"","neve_meta_author_avatar":"","neve_post_elements_order":"","neve_meta_disable_header":"","neve_meta_disable_footer":"","neve_meta_disable_title":"","neve_meta_reading_time":"","footnotes":""},"class_list":["post-2480","page","type-page","status-publish","has-post-thumbnail","hentry"],"jetpack_sharing_enabled":true,"_links":{"self":[{"href":"https:\/\/astrobrain.site\/es\/wp-json\/wp\/v2\/pages\/2480","targetHints":{"allow":["GET"]}}],"collection":[{"href":"https:\/\/astrobrain.site\/es\/wp-json\/wp\/v2\/pages"}],"about":[{"href":"https:\/\/astrobrain.site\/es\/wp-json\/wp\/v2\/types\/page"}],"author":[{"embeddable":true,"href":"https:\/\/astrobrain.site\/es\/wp-json\/wp\/v2\/users\/1"}],"replies":[{"embeddable":true,"href":"https:\/\/astrobrain.site\/es\/wp-json\/wp\/v2\/comments?post=2480"}],"version-history":[{"count":20,"href":"https:\/\/astrobrain.site\/es\/wp-json\/wp\/v2\/pages\/2480\/revisions"}],"predecessor-version":[{"id":8602,"href":"https:\/\/astrobrain.site\/es\/wp-json\/wp\/v2\/pages\/2480\/revisions\/8602"}],"wp:featuredmedia":[{"embeddable":true,"href":"https:\/\/astrobrain.site\/es\/wp-json\/wp\/v2\/media\/4210"}],"wp:attachment":[{"href":"https:\/\/astrobrain.site\/es\/wp-json\/wp\/v2\/media?parent=2480"}],"curies":[{"name":"wp","href":"https:\/\/api.w.org\/{rel}","templated":true}]}}