{"id":2488,"date":"2024-07-16T17:48:23","date_gmt":"2024-07-16T17:48:23","guid":{"rendered":"https:\/\/astrobrain.site\/blog\/"},"modified":"2025-11-26T19:29:38","modified_gmt":"2025-11-26T19:29:38","slug":"blog","status":"publish","type":"page","link":"https:\/\/astrobrain.site\/es\/blog\/","title":{"rendered":"Blog"},"content":{"rendered":"\n<div style=\"background-image:url(&apos;https:\/\/astrobrain.site\/wp-content\/uploads\/2024\/12\/guyongroundbooks-3.jpg&apos;);background-position:50% 50%;background-repeat:no-repeat;background-size:contain;\" class=\"wp-block-group nfd-container nfd-p-lg nfd-bg-surface nfd-theme-white is-style-nfd-theme-white has-background\"><div class=\"wp-block-group__inner-container is-layout-constrained wp-block-group-is-layout-constrained\">\n<div class=\"wp-block-group has-contrast-3-color has-text-color has-link-color wp-elements-08e6d106f3e73df24310a107b6e7d320 is-vertical is-content-justification-center is-layout-flex wp-container-core-group-is-layout-4b2eccd6 wp-block-group-is-layout-flex\">\n<h1 class=\"wp-block-heading has-text-align-center nfd-text-giga nfd-text-contrast nfd-text-balance has-nv-light-bg-color has-text-color has-link-color wp-elements-cac5e7170c492ec84341b0729ce86167\" style=\"margin-top:0px;margin-bottom:0px;padding-top:185px;padding-bottom:185px\">Las Reflexiones<\/h1>\n<\/div>\n<\/div><\/div>\n\n<div style=\"height:100px\" aria-hidden=\"true\" class=\"wp-block-spacer\"><\/div>\n\n<div class=\"wp-block-group nfd-container nfd-px-md nfd-bg-surface nfd-theme-light is-style-nfd-theme-light\"><div class=\"wp-block-group__inner-container is-layout-constrained wp-block-group-is-layout-constrained\">\n<div class=\"wp-block-query nfd-query-loop-1 is-layout-flow wp-block-query-is-layout-flow\"><ul class=\"wp-block-post-template is-layout-flow wp-block-post-template-is-layout-flow\"><li class=\"wp-block-post post-8657 post type-post status-publish format-standard has-post-thumbnail hentry category-astrologia category-personal-es category-sin-categorizar\">\n\n<div class=\"wp-block-columns is-layout-flex wp-container-core-columns-is-layout-2f387617 wp-block-columns-is-layout-flex\">\n<div class=\"wp-block-column is-layout-flow wp-block-column-is-layout-flow\" style=\"flex-basis:30%\"><figure style=\"aspect-ratio:1;width:100%;\" class=\"nfd-rounded-md wp-block-post-featured-image\"><a href=\"https:\/\/astrobrain.site\/es\/aprovechar-el-ciclo-de-jupiter-transforma-tu-hogar-este-ano\/\" target=\"_self\"  ><img data-recalc-dims=\"1\" loading=\"lazy\" decoding=\"async\" width=\"1024\" height=\"768\" src=\"https:\/\/i0.wp.com\/astrobrain.site\/wp-content\/uploads\/2025\/12\/image-3.png?resize=1024%2C768&#038;ssl=1\" class=\"attachment-post-thumbnail size-post-thumbnail wp-post-image\" alt=\"Aprovechar el ciclo de J\u00fapiter: Transforma tu hogar este a\u00f1o\" style=\"width:100%;height:100%;object-fit:cover;\" srcset=\"https:\/\/i0.wp.com\/astrobrain.site\/wp-content\/uploads\/2025\/12\/image-3.png?w=1024&amp;ssl=1 1024w, https:\/\/i0.wp.com\/astrobrain.site\/wp-content\/uploads\/2025\/12\/image-3.png?resize=300%2C225&amp;ssl=1 300w, https:\/\/i0.wp.com\/astrobrain.site\/wp-content\/uploads\/2025\/12\/image-3.png?resize=768%2C576&amp;ssl=1 768w, https:\/\/i0.wp.com\/astrobrain.site\/wp-content\/uploads\/2025\/12\/image-3.png?resize=600%2C450&amp;ssl=1 600w\" sizes=\"auto, (max-width: 1024px) 100vw, 1024px\" \/><\/a><\/figure><\/div>\n\n\n\n<div class=\"wp-block-column is-vertically-aligned-center is-layout-flow wp-block-column-is-layout-flow\" style=\"flex-basis:66.66%\">\n<div class=\"wp-block-group is-vertical is-layout-flex wp-container-core-group-is-layout-c88e71c7 wp-block-group-is-layout-flex\">\n<div class=\"wp-block-group is-vertical is-layout-flex wp-container-core-group-is-layout-8cf370e7 wp-block-group-is-layout-flex\"><h2 style=\"font-style:normal;font-weight:500;\" class=\"nfd-text-balance wp-block-post-title\"><a href=\"https:\/\/astrobrain.site\/es\/aprovechar-el-ciclo-de-jupiter-transforma-tu-hogar-este-ano\/\" target=\"_self\" >Aprovechar el ciclo de J\u00fapiter: Transforma tu hogar este a\u00f1o<\/a><\/h2>\n\n<div class=\"nfd-text-balance wp-block-post-excerpt\"><p class=\"wp-block-post-excerpt__excerpt\">El cambio de a\u00f1o en el calendario se acerca, creando la oportunidad de hacer balance y empezar de nuevo. Pero astrol\u00f3gicamente, en realidad estamos en medio de un&hellip;<\/p><p class=\"wp-block-post-excerpt__more-text\"><a class=\"wp-block-post-excerpt__more-link\" href=\"https:\/\/astrobrain.site\/es\/aprovechar-el-ciclo-de-jupiter-transforma-tu-hogar-este-ano\/\"><strong>Seguir leyendo<\/strong><\/a><\/p><\/div><\/div>\n\n\n\n<div class=\"wp-block-group nfd-gap-md  nfd-text-base is-content-justification-left is-layout-flex wp-container-core-group-is-layout-76ea2f42 wp-block-group-is-layout-flex\">\n<div class=\"wp-block-group\" style=\"border-left-width:2px;min-height:0.85em\"><div class=\"wp-block-group__inner-container is-layout-constrained wp-block-group-is-layout-constrained\"><\/div><\/div>\n\n\n<div class=\"nfd-text-faded wp-block-post-date\"><time datetime=\"2025-12-25T22:24:47+00:00\">25 de diciembre de 2025<\/time><\/div><\/div>\n<\/div>\n<\/div>\n<\/div>\n\n<\/li><li class=\"wp-block-post post-8515 post type-post status-publish format-standard has-post-thumbnail hentry category-astrologia category-cultura-es category-mundano-es category-personal-es category-sin-categorizar\">\n\n<div class=\"wp-block-columns is-layout-flex wp-container-core-columns-is-layout-2f387617 wp-block-columns-is-layout-flex\">\n<div class=\"wp-block-column is-layout-flow wp-block-column-is-layout-flow\" style=\"flex-basis:30%\"><figure style=\"aspect-ratio:1;width:100%;\" class=\"nfd-rounded-md wp-block-post-featured-image\"><a href=\"https:\/\/astrobrain.site\/es\/fin-de-ano-astrologico-cambios-cosmicos-y-su-impacto\/\" target=\"_self\"  ><img data-recalc-dims=\"1\" loading=\"lazy\" decoding=\"async\" width=\"1200\" height=\"648\" src=\"https:\/\/i0.wp.com\/astrobrain.site\/wp-content\/uploads\/2025\/12\/getimg_ai_img-jNiOuOFuE1ZuawprKf6UV.webp?resize=1200%2C648&#038;ssl=1\" class=\"attachment-post-thumbnail size-post-thumbnail wp-post-image\" alt=\"Fin de a\u00f1o astrol\u00f3gico: Cambios c\u00f3smicos y su impacto\" style=\"width:100%;height:100%;object-fit:cover;\" srcset=\"https:\/\/i0.wp.com\/astrobrain.site\/wp-content\/uploads\/2025\/12\/getimg_ai_img-jNiOuOFuE1ZuawprKf6UV.webp?w=1392&amp;ssl=1 1392w, https:\/\/i0.wp.com\/astrobrain.site\/wp-content\/uploads\/2025\/12\/getimg_ai_img-jNiOuOFuE1ZuawprKf6UV.webp?resize=300%2C162&amp;ssl=1 300w, https:\/\/i0.wp.com\/astrobrain.site\/wp-content\/uploads\/2025\/12\/getimg_ai_img-jNiOuOFuE1ZuawprKf6UV.webp?resize=1024%2C553&amp;ssl=1 1024w, https:\/\/i0.wp.com\/astrobrain.site\/wp-content\/uploads\/2025\/12\/getimg_ai_img-jNiOuOFuE1ZuawprKf6UV.webp?resize=768%2C415&amp;ssl=1 768w, https:\/\/i0.wp.com\/astrobrain.site\/wp-content\/uploads\/2025\/12\/getimg_ai_img-jNiOuOFuE1ZuawprKf6UV.webp?resize=600%2C324&amp;ssl=1 600w\" sizes=\"auto, (max-width: 1200px) 100vw, 1200px\" \/><\/a><\/figure><\/div>\n\n\n\n<div class=\"wp-block-column is-vertically-aligned-center is-layout-flow wp-block-column-is-layout-flow\" style=\"flex-basis:66.66%\">\n<div class=\"wp-block-group is-vertical is-layout-flex wp-container-core-group-is-layout-c88e71c7 wp-block-group-is-layout-flex\">\n<div class=\"wp-block-group is-vertical is-layout-flex wp-container-core-group-is-layout-8cf370e7 wp-block-group-is-layout-flex\"><h2 style=\"font-style:normal;font-weight:500;\" class=\"nfd-text-balance wp-block-post-title\"><a href=\"https:\/\/astrobrain.site\/es\/fin-de-ano-astrologico-cambios-cosmicos-y-su-impacto\/\" target=\"_self\" >Fin de a\u00f1o astrol\u00f3gico: Cambios c\u00f3smicos y su impacto<\/a><\/h2>\n\n<div class=\"nfd-text-balance wp-block-post-excerpt\"><p class=\"wp-block-post-excerpt__excerpt\">\u00bfExiste un final astrol\u00f3gico del a\u00f1o que pueda correlacionarse con el final del a\u00f1o calendario creado por el ser humano? Generalmente se presupone entre los astr\u00f3logos, especialmente los&hellip;<\/p><p class=\"wp-block-post-excerpt__more-text\"><a class=\"wp-block-post-excerpt__more-link\" href=\"https:\/\/astrobrain.site\/es\/fin-de-ano-astrologico-cambios-cosmicos-y-su-impacto\/\"><strong>Seguir leyendo<\/strong><\/a><\/p><\/div><\/div>\n\n\n\n<div class=\"wp-block-group nfd-gap-md  nfd-text-base is-content-justification-left is-layout-flex wp-container-core-group-is-layout-76ea2f42 wp-block-group-is-layout-flex\">\n<div class=\"wp-block-group\" style=\"border-left-width:2px;min-height:0.85em\"><div class=\"wp-block-group__inner-container is-layout-constrained wp-block-group-is-layout-constrained\"><\/div><\/div>\n\n\n<div class=\"nfd-text-faded wp-block-post-date\"><time datetime=\"2025-12-13T23:34:57+00:00\">13 de diciembre de 2025<\/time><\/div><\/div>\n<\/div>\n<\/div>\n<\/div>\n\n<\/li><li class=\"wp-block-post post-8333 post type-post status-publish format-standard has-post-thumbnail hentry category-astrologia category-personal-es\">\n\n<div class=\"wp-block-columns is-layout-flex wp-container-core-columns-is-layout-2f387617 wp-block-columns-is-layout-flex\">\n<div class=\"wp-block-column is-layout-flow wp-block-column-is-layout-flow\" style=\"flex-basis:30%\"><figure style=\"aspect-ratio:1;width:100%;\" class=\"nfd-rounded-md wp-block-post-featured-image\"><a href=\"https:\/\/astrobrain.site\/es\/el-poderoso-impacto-de-los-eclipses\/\" target=\"_self\"  ><img data-recalc-dims=\"1\" loading=\"lazy\" decoding=\"async\" width=\"1200\" height=\"648\" src=\"https:\/\/i0.wp.com\/astrobrain.site\/wp-content\/uploads\/2025\/12\/getimg_ai_img-MCRbeSnVWC2yrzBQyVxSh.webp?resize=1200%2C648&#038;ssl=1\" class=\"attachment-post-thumbnail size-post-thumbnail wp-post-image\" alt=\"El poderoso impacto de los eclipses\" style=\"width:100%;height:100%;object-fit:cover;\" srcset=\"https:\/\/i0.wp.com\/astrobrain.site\/wp-content\/uploads\/2025\/12\/getimg_ai_img-MCRbeSnVWC2yrzBQyVxSh.webp?w=1392&amp;ssl=1 1392w, https:\/\/i0.wp.com\/astrobrain.site\/wp-content\/uploads\/2025\/12\/getimg_ai_img-MCRbeSnVWC2yrzBQyVxSh.webp?resize=300%2C162&amp;ssl=1 300w, https:\/\/i0.wp.com\/astrobrain.site\/wp-content\/uploads\/2025\/12\/getimg_ai_img-MCRbeSnVWC2yrzBQyVxSh.webp?resize=1024%2C553&amp;ssl=1 1024w, https:\/\/i0.wp.com\/astrobrain.site\/wp-content\/uploads\/2025\/12\/getimg_ai_img-MCRbeSnVWC2yrzBQyVxSh.webp?resize=768%2C415&amp;ssl=1 768w, https:\/\/i0.wp.com\/astrobrain.site\/wp-content\/uploads\/2025\/12\/getimg_ai_img-MCRbeSnVWC2yrzBQyVxSh.webp?resize=600%2C324&amp;ssl=1 600w\" sizes=\"auto, (max-width: 1200px) 100vw, 1200px\" \/><\/a><\/figure><\/div>\n\n\n\n<div class=\"wp-block-column is-vertically-aligned-center is-layout-flow wp-block-column-is-layout-flow\" style=\"flex-basis:66.66%\">\n<div class=\"wp-block-group is-vertical is-layout-flex wp-container-core-group-is-layout-c88e71c7 wp-block-group-is-layout-flex\">\n<div class=\"wp-block-group is-vertical is-layout-flex wp-container-core-group-is-layout-8cf370e7 wp-block-group-is-layout-flex\"><h2 style=\"font-style:normal;font-weight:500;\" class=\"nfd-text-balance wp-block-post-title\"><a href=\"https:\/\/astrobrain.site\/es\/el-poderoso-impacto-de-los-eclipses\/\" target=\"_self\" >El poderoso impacto de los eclipses<\/a><\/h2>\n\n<div class=\"nfd-text-balance wp-block-post-excerpt\"><p class=\"wp-block-post-excerpt__excerpt\">Aunque ahora mismo no sea temporada de eclipses, merece la pena mencionar la posible influencia de estos eventos, especialmente cuando sus efectos duran mucho m\u00e1s all\u00e1 de su&hellip;<\/p><p class=\"wp-block-post-excerpt__more-text\"><a class=\"wp-block-post-excerpt__more-link\" href=\"https:\/\/astrobrain.site\/es\/el-poderoso-impacto-de-los-eclipses\/\"><strong>Seguir leyendo<\/strong><\/a><\/p><\/div><\/div>\n\n\n\n<div class=\"wp-block-group nfd-gap-md  nfd-text-base is-content-justification-left is-layout-flex wp-container-core-group-is-layout-76ea2f42 wp-block-group-is-layout-flex\">\n<div class=\"wp-block-group\" style=\"border-left-width:2px;min-height:0.85em\"><div class=\"wp-block-group__inner-container is-layout-constrained wp-block-group-is-layout-constrained\"><\/div><\/div>\n\n\n<div class=\"nfd-text-faded wp-block-post-date\"><time datetime=\"2025-12-06T23:20:17+00:00\">6 de diciembre de 2025<\/time><\/div><\/div>\n<\/div>\n<\/div>\n<\/div>\n\n<\/li><li class=\"wp-block-post post-6344 post type-post status-publish format-standard has-post-thumbnail hentry category-tarot-es\">\n\n<div class=\"wp-block-columns is-layout-flex wp-container-core-columns-is-layout-2f387617 wp-block-columns-is-layout-flex\">\n<div class=\"wp-block-column is-layout-flow wp-block-column-is-layout-flow\" style=\"flex-basis:30%\"><figure style=\"aspect-ratio:1;width:100%;\" class=\"nfd-rounded-md wp-block-post-featured-image\"><a href=\"https:\/\/astrobrain.site\/es\/el-somnia-tarot-mejorado\/\" target=\"_self\"  ><img data-recalc-dims=\"1\" loading=\"lazy\" decoding=\"async\" width=\"1200\" height=\"1030\" src=\"https:\/\/i0.wp.com\/astrobrain.site\/wp-content\/uploads\/2025\/11\/IMG_4638-scaled.webp?resize=1200%2C1030&#038;ssl=1\" class=\"attachment-post-thumbnail size-post-thumbnail wp-post-image\" alt=\"El Somnia Tarot mejorado\" style=\"width:100%;height:100%;object-fit:cover;\" srcset=\"https:\/\/i0.wp.com\/astrobrain.site\/wp-content\/uploads\/2025\/11\/IMG_4638-scaled.webp?w=2560&amp;ssl=1 2560w, https:\/\/i0.wp.com\/astrobrain.site\/wp-content\/uploads\/2025\/11\/IMG_4638-scaled.webp?resize=300%2C257&amp;ssl=1 300w, https:\/\/i0.wp.com\/astrobrain.site\/wp-content\/uploads\/2025\/11\/IMG_4638-scaled.webp?resize=1024%2C879&amp;ssl=1 1024w, https:\/\/i0.wp.com\/astrobrain.site\/wp-content\/uploads\/2025\/11\/IMG_4638-scaled.webp?resize=768%2C659&amp;ssl=1 768w, https:\/\/i0.wp.com\/astrobrain.site\/wp-content\/uploads\/2025\/11\/IMG_4638-scaled.webp?resize=1536%2C1318&amp;ssl=1 1536w, https:\/\/i0.wp.com\/astrobrain.site\/wp-content\/uploads\/2025\/11\/IMG_4638-scaled.webp?resize=2048%2C1758&amp;ssl=1 2048w, https:\/\/i0.wp.com\/astrobrain.site\/wp-content\/uploads\/2025\/11\/IMG_4638-scaled.webp?resize=600%2C515&amp;ssl=1 600w, https:\/\/i0.wp.com\/astrobrain.site\/wp-content\/uploads\/2025\/11\/IMG_4638-scaled.webp?w=2400&amp;ssl=1 2400w\" sizes=\"auto, (max-width: 1200px) 100vw, 1200px\" \/><\/a><\/figure><\/div>\n\n\n\n<div class=\"wp-block-column is-vertically-aligned-center is-layout-flow wp-block-column-is-layout-flow\" style=\"flex-basis:66.66%\">\n<div class=\"wp-block-group is-vertical is-layout-flex wp-container-core-group-is-layout-c88e71c7 wp-block-group-is-layout-flex\">\n<div class=\"wp-block-group is-vertical is-layout-flex wp-container-core-group-is-layout-8cf370e7 wp-block-group-is-layout-flex\"><h2 style=\"font-style:normal;font-weight:500;\" class=\"nfd-text-balance wp-block-post-title\"><a href=\"https:\/\/astrobrain.site\/es\/el-somnia-tarot-mejorado\/\" target=\"_self\" >El Somnia Tarot mejorado<\/a><\/h2>\n\n<div class=\"nfd-text-balance wp-block-post-excerpt\"><p class=\"wp-block-post-excerpt__excerpt\">Hace aproximadamente un a\u00f1o compr\u00e9 algo con lo que hab\u00eda so\u00f1ado no mucho antes. Normalmente no recuerdo mucho de mis sue\u00f1os, pero esta vez me despert\u00e9 justo despu\u00e9s&hellip;<\/p><p class=\"wp-block-post-excerpt__more-text\"><a class=\"wp-block-post-excerpt__more-link\" href=\"https:\/\/astrobrain.site\/es\/el-somnia-tarot-mejorado\/\"><strong>Seguir leyendo<\/strong><\/a><\/p><\/div><\/div>\n\n\n\n<div class=\"wp-block-group nfd-gap-md  nfd-text-base is-content-justification-left is-layout-flex wp-container-core-group-is-layout-76ea2f42 wp-block-group-is-layout-flex\">\n<div class=\"wp-block-group\" style=\"border-left-width:2px;min-height:0.85em\"><div class=\"wp-block-group__inner-container is-layout-constrained wp-block-group-is-layout-constrained\"><\/div><\/div>\n\n\n<div class=\"nfd-text-faded wp-block-post-date\"><time datetime=\"2025-11-29T22:41:02+00:00\">29 de noviembre de 2025<\/time><\/div><\/div>\n<\/div>\n<\/div>\n<\/div>\n\n<\/li><li class=\"wp-block-post post-4680 post type-post status-publish format-standard has-post-thumbnail hentry category-personal-es\">\n\n<div class=\"wp-block-columns is-layout-flex wp-container-core-columns-is-layout-2f387617 wp-block-columns-is-layout-flex\">\n<div class=\"wp-block-column is-layout-flow wp-block-column-is-layout-flow\" style=\"flex-basis:30%\"><figure style=\"aspect-ratio:1;width:100%;\" class=\"nfd-rounded-md wp-block-post-featured-image\"><a href=\"https:\/\/astrobrain.site\/es\/dos-ciclos-lunares-y-urano-una-influencia-inesperada\/\" target=\"_self\"  ><img data-recalc-dims=\"1\" loading=\"lazy\" decoding=\"async\" width=\"1200\" height=\"675\" src=\"https:\/\/i0.wp.com\/astrobrain.site\/wp-content\/uploads\/2025\/02\/img-2xBwLdP23UI5Vv0PJq2YI-1.webp?resize=1200%2C675&#038;ssl=1\" class=\"attachment-post-thumbnail size-post-thumbnail wp-post-image\" alt=\"Dos ciclos lunares y Urano: una influencia inesperada\" style=\"width:100%;height:100%;object-fit:cover;\" srcset=\"https:\/\/i0.wp.com\/astrobrain.site\/wp-content\/uploads\/2025\/02\/img-2xBwLdP23UI5Vv0PJq2YI-1.webp?w=1280&amp;ssl=1 1280w, https:\/\/i0.wp.com\/astrobrain.site\/wp-content\/uploads\/2025\/02\/img-2xBwLdP23UI5Vv0PJq2YI-1.webp?resize=300%2C169&amp;ssl=1 300w, https:\/\/i0.wp.com\/astrobrain.site\/wp-content\/uploads\/2025\/02\/img-2xBwLdP23UI5Vv0PJq2YI-1.webp?resize=1024%2C576&amp;ssl=1 1024w, https:\/\/i0.wp.com\/astrobrain.site\/wp-content\/uploads\/2025\/02\/img-2xBwLdP23UI5Vv0PJq2YI-1.webp?resize=768%2C432&amp;ssl=1 768w, https:\/\/i0.wp.com\/astrobrain.site\/wp-content\/uploads\/2025\/02\/img-2xBwLdP23UI5Vv0PJq2YI-1.webp?resize=600%2C338&amp;ssl=1 600w\" sizes=\"auto, (max-width: 1200px) 100vw, 1200px\" \/><\/a><\/figure><\/div>\n\n\n\n<div class=\"wp-block-column is-vertically-aligned-center is-layout-flow wp-block-column-is-layout-flow\" style=\"flex-basis:66.66%\">\n<div class=\"wp-block-group is-vertical is-layout-flex wp-container-core-group-is-layout-c88e71c7 wp-block-group-is-layout-flex\">\n<div class=\"wp-block-group is-vertical is-layout-flex wp-container-core-group-is-layout-8cf370e7 wp-block-group-is-layout-flex\"><h2 style=\"font-style:normal;font-weight:500;\" class=\"nfd-text-balance wp-block-post-title\"><a href=\"https:\/\/astrobrain.site\/es\/dos-ciclos-lunares-y-urano-una-influencia-inesperada\/\" target=\"_self\" >Dos ciclos lunares y Urano: una influencia inesperada<\/a><\/h2>\n\n<div class=\"nfd-text-balance wp-block-post-excerpt\"><p class=\"wp-block-post-excerpt__excerpt\">Esta luna llena en Leo, que est\u00e1 ocurriendo ahora mismo, es en realidad un punto de reevaluaci\u00f3n personal. Incluso cuando no hay planetas o puntos en el signo&hellip;<\/p><p class=\"wp-block-post-excerpt__more-text\"><a class=\"wp-block-post-excerpt__more-link\" href=\"https:\/\/astrobrain.site\/es\/dos-ciclos-lunares-y-urano-una-influencia-inesperada\/\"><strong>Seguir leyendo<\/strong><\/a><\/p><\/div><\/div>\n\n\n\n<div class=\"wp-block-group nfd-gap-md  nfd-text-base is-content-justification-left is-layout-flex wp-container-core-group-is-layout-76ea2f42 wp-block-group-is-layout-flex\">\n<div class=\"wp-block-group\" style=\"border-left-width:2px;min-height:0.85em\"><div class=\"wp-block-group__inner-container is-layout-constrained wp-block-group-is-layout-constrained\"><\/div><\/div>\n\n\n<div class=\"nfd-text-faded wp-block-post-date\"><time datetime=\"2025-02-12T23:26:36+00:00\">12 de febrero de 2025<\/time><\/div><\/div>\n<\/div>\n<\/div>\n<\/div>\n\n<\/li><li class=\"wp-block-post post-4589 post type-post status-publish format-standard has-post-thumbnail hentry category-personal-es category-tarot-es\">\n\n<div class=\"wp-block-columns is-layout-flex wp-container-core-columns-is-layout-2f387617 wp-block-columns-is-layout-flex\">\n<div class=\"wp-block-column is-layout-flow wp-block-column-is-layout-flow\" style=\"flex-basis:30%\"><figure style=\"aspect-ratio:1;width:100%;\" class=\"nfd-rounded-md wp-block-post-featured-image\"><a href=\"https:\/\/astrobrain.site\/es\/como-utilizar-el-tarot-para-encontrar-tu-signo-ascendente\/\" target=\"_self\"  ><img data-recalc-dims=\"1\" loading=\"lazy\" decoding=\"async\" width=\"1200\" height=\"800\" src=\"https:\/\/i0.wp.com\/astrobrain.site\/wp-content\/uploads\/2025\/02\/iStock-1905743504-scaled.webp?resize=1200%2C800&#038;ssl=1\" class=\"attachment-post-thumbnail size-post-thumbnail wp-post-image\" alt=\"Usar el tarot para encontrar tu ascendente\" style=\"width:100%;height:100%;object-fit:cover;\" srcset=\"https:\/\/i0.wp.com\/astrobrain.site\/wp-content\/uploads\/2025\/02\/iStock-1905743504-scaled.webp?w=2560&amp;ssl=1 2560w, https:\/\/i0.wp.com\/astrobrain.site\/wp-content\/uploads\/2025\/02\/iStock-1905743504-scaled.webp?resize=300%2C200&amp;ssl=1 300w, https:\/\/i0.wp.com\/astrobrain.site\/wp-content\/uploads\/2025\/02\/iStock-1905743504-scaled.webp?resize=1024%2C683&amp;ssl=1 1024w, https:\/\/i0.wp.com\/astrobrain.site\/wp-content\/uploads\/2025\/02\/iStock-1905743504-scaled.webp?resize=768%2C512&amp;ssl=1 768w, https:\/\/i0.wp.com\/astrobrain.site\/wp-content\/uploads\/2025\/02\/iStock-1905743504-scaled.webp?resize=1536%2C1024&amp;ssl=1 1536w, https:\/\/i0.wp.com\/astrobrain.site\/wp-content\/uploads\/2025\/02\/iStock-1905743504-scaled.webp?resize=2048%2C1365&amp;ssl=1 2048w, https:\/\/i0.wp.com\/astrobrain.site\/wp-content\/uploads\/2025\/02\/iStock-1905743504-scaled.webp?resize=930%2C620&amp;ssl=1 930w, https:\/\/i0.wp.com\/astrobrain.site\/wp-content\/uploads\/2025\/02\/iStock-1905743504-scaled.webp?resize=600%2C400&amp;ssl=1 600w, https:\/\/i0.wp.com\/astrobrain.site\/wp-content\/uploads\/2025\/02\/iStock-1905743504-scaled.webp?w=2400&amp;ssl=1 2400w\" sizes=\"auto, (max-width: 1200px) 100vw, 1200px\" \/><\/a><\/figure><\/div>\n\n\n\n<div class=\"wp-block-column is-vertically-aligned-center is-layout-flow wp-block-column-is-layout-flow\" style=\"flex-basis:66.66%\">\n<div class=\"wp-block-group is-vertical is-layout-flex wp-container-core-group-is-layout-c88e71c7 wp-block-group-is-layout-flex\">\n<div class=\"wp-block-group is-vertical is-layout-flex wp-container-core-group-is-layout-8cf370e7 wp-block-group-is-layout-flex\"><h2 style=\"font-style:normal;font-weight:500;\" class=\"nfd-text-balance wp-block-post-title\"><a href=\"https:\/\/astrobrain.site\/es\/como-utilizar-el-tarot-para-encontrar-tu-signo-ascendente\/\" target=\"_self\" >Usar el tarot para encontrar tu ascendente<\/a><\/h2>\n\n<div class=\"nfd-text-balance wp-block-post-excerpt\"><p class=\"wp-block-post-excerpt__excerpt\">Uno de los detalles m\u00e1s importantes en el c\u00e1lculo e interpretaci\u00f3n de la carta natal de una persona, si no el m\u00e1s importante, es la hora exacta de&hellip;<\/p><p class=\"wp-block-post-excerpt__more-text\"><a class=\"wp-block-post-excerpt__more-link\" href=\"https:\/\/astrobrain.site\/es\/como-utilizar-el-tarot-para-encontrar-tu-signo-ascendente\/\"><strong>Seguir leyendo<\/strong><\/a><\/p><\/div><\/div>\n\n\n\n<div class=\"wp-block-group nfd-gap-md  nfd-text-base is-content-justification-left is-layout-flex wp-container-core-group-is-layout-76ea2f42 wp-block-group-is-layout-flex\">\n<div class=\"wp-block-group\" style=\"border-left-width:2px;min-height:0.85em\"><div class=\"wp-block-group__inner-container is-layout-constrained wp-block-group-is-layout-constrained\"><\/div><\/div>\n\n\n<div class=\"nfd-text-faded wp-block-post-date\"><time datetime=\"2025-02-08T12:22:58+00:00\">8 de febrero de 2025<\/time><\/div><\/div>\n<\/div>\n<\/div>\n<\/div>\n\n<\/li><\/ul>\n\n<nav class=\"wp-block-query-pagination has-normal-font-size is-content-justification-center is-layout-flex wp-container-core-query-pagination-is-layout-16018d1d wp-block-query-pagination-is-layout-flex\" aria-label=\"Paginaci\u00f3n\">\n\n\n<div class=\"wp-block-query-pagination-numbers\"><span aria-label=\"P\u00e1gina 1\" aria-current=\"page\" class=\"page-numbers current\">1<\/span>\n<a aria-label=\"P\u00e1gina 2\" class=\"page-numbers\" href=\"?query-33-page=2\">2<\/a>\n<a aria-label=\"P\u00e1gina 3\" class=\"page-numbers\" href=\"?query-33-page=3\">3<\/a>\n<a aria-label=\"P\u00e1gina 4\" class=\"page-numbers\" href=\"?query-33-page=4\">4<\/a><\/div>\n\n<a href=\"\/es\/wp-json\/wp\/v2\/pages\/2488?query-33-page=2\" class=\"wp-block-query-pagination-next\" aria-label=\"P\u00e1gina siguiente\"><span class='wp-block-query-pagination-next-arrow is-arrow-arrow' aria-hidden='true'>\u2192<\/span><\/a>\n<\/nav><\/div>\n<\/div><\/div>\n\n<div style=\"height:0px\" aria-hidden=\"true\" class=\"wp-block-spacer\"><\/div>\n\n<p><\/p>\n","protected":false},"excerpt":{"rendered":"<p>Las Reflexiones<\/p>\n","protected":false},"author":1,"featured_media":0,"parent":0,"menu_order":0,"comment_status":"closed","ping_status":"closed","template":"","meta":{"neve_meta_sidebar":"","neve_meta_container":"","neve_meta_enable_content_width":"","neve_meta_content_width":0,"neve_meta_title_alignment":"","neve_meta_author_avatar":"","neve_post_elements_order":"","neve_meta_disable_header":"","neve_meta_disable_footer":"","neve_meta_disable_title":"","neve_meta_reading_time":"","footnotes":""},"class_list":["post-2488","page","type-page","status-publish","hentry"],"jetpack_sharing_enabled":true,"_links":{"self":[{"href":"https:\/\/astrobrain.site\/es\/wp-json\/wp\/v2\/pages\/2488","targetHints":{"allow":["GET"]}}],"collection":[{"href":"https:\/\/astrobrain.site\/es\/wp-json\/wp\/v2\/pages"}],"about":[{"href":"https:\/\/astrobrain.site\/es\/wp-json\/wp\/v2\/types\/page"}],"author":[{"embeddable":true,"href":"https:\/\/astrobrain.site\/es\/wp-json\/wp\/v2\/users\/1"}],"replies":[{"embeddable":true,"href":"https:\/\/astrobrain.site\/es\/wp-json\/wp\/v2\/comments?post=2488"}],"version-history":[{"count":12,"href":"https:\/\/astrobrain.site\/es\/wp-json\/wp\/v2\/pages\/2488\/revisions"}],"predecessor-version":[{"id":5971,"href":"https:\/\/astrobrain.site\/es\/wp-json\/wp\/v2\/pages\/2488\/revisions\/5971"}],"wp:attachment":[{"href":"https:\/\/astrobrain.site\/es\/wp-json\/wp\/v2\/media?parent=2488"}],"curies":[{"name":"wp","href":"https:\/\/api.w.org\/{rel}","templated":true}]}}