{"id":2659,"date":"2024-11-13T21:03:36","date_gmt":"2024-11-13T21:03:36","guid":{"rendered":"https:\/\/astrobrain.site\/product\/rectificacion-de-la-hora-de-nacimiento\/"},"modified":"2025-12-15T09:40:13","modified_gmt":"2025-12-15T09:40:13","slug":"rectificacion-de-la-hora-de-nacimiento","status":"publish","type":"product","link":"https:\/\/astrobrain.site\/es\/producto\/rectificacion-de-la-hora-de-nacimiento\/","title":{"rendered":"Rectificaci\u00f3n de la hora de nacimiento"},"content":{"rendered":"<p>Ofrezco un servicio de rectificaci\u00f3n de la hora de nacimiento utilizando una lista de eventos importantes de tu vida y las fechas correspondientes que me proporciones.<\/p>\n<p>El proceso se basa en t\u00e9cnicas de astrolog\u00eda helen\u00edstica y en tr\u00e1nsitos.<\/p>\n<p>La entrega final incluir\u00e1 la hora de nacimiento determinada.<\/p>\n<p>Para obtener los mejores resultados, proporciona una lista de 5 a 10 eventos importantes de tu vida con fechas exactas. Puedes enviar esta informaci\u00f3n a <a href=\"mailto:astrobrain.site@gmail.com\">astrobrain.site@gmail.com<\/a> <\/p>\n","protected":false},"excerpt":{"rendered":"<p>Es un an\u00e1lisis exhaustivo de la carta natal dada, utilizando un rango de tiempo de varias horas (6, 12 o 24), junto con varios eventos importantes de la vida (5-10). Consulta los detalles a continuaci\u00f3n. <\/p>\n","protected":false},"featured_media":1671,"comment_status":"closed","ping_status":"closed","template":"","meta":{"neve_meta_sidebar":"","neve_meta_container":"","neve_meta_enable_content_width":"off","neve_meta_content_width":100,"neve_meta_title_alignment":"","neve_meta_author_avatar":"","neve_post_elements_order":"","neve_meta_disable_header":"","neve_meta_disable_footer":"","neve_meta_disable_title":"","neve_meta_reading_time":""},"product_brand":[],"product_cat":[147],"product_tag":[193,212,211],"class_list":{"0":"post-2659","1":"product","2":"type-product","3":"status-publish","4":"has-post-thumbnail","6":"product_cat-ofrece","7":"product_tag-astrologia-es","8":"product_tag-hora-de-nacimiento","9":"product_tag-rectificacion","11":"first","12":"instock","13":"shipping-taxable","14":"purchasable","15":"product-type-variable"},"jetpack_sharing_enabled":true,"_links":{"self":[{"href":"https:\/\/astrobrain.site\/es\/wp-json\/wp\/v2\/product\/2659","targetHints":{"allow":["GET"]}}],"collection":[{"href":"https:\/\/astrobrain.site\/es\/wp-json\/wp\/v2\/product"}],"about":[{"href":"https:\/\/astrobrain.site\/es\/wp-json\/wp\/v2\/types\/product"}],"replies":[{"embeddable":true,"href":"https:\/\/astrobrain.site\/es\/wp-json\/wp\/v2\/comments?post=2659"}],"wp:featuredmedia":[{"embeddable":true,"href":"https:\/\/astrobrain.site\/es\/wp-json\/wp\/v2\/media\/1671"}],"wp:attachment":[{"href":"https:\/\/astrobrain.site\/es\/wp-json\/wp\/v2\/media?parent=2659"}],"wp:term":[{"taxonomy":"product_brand","embeddable":true,"href":"https:\/\/astrobrain.site\/es\/wp-json\/wp\/v2\/product_brand?post=2659"},{"taxonomy":"product_cat","embeddable":true,"href":"https:\/\/astrobrain.site\/es\/wp-json\/wp\/v2\/product_cat?post=2659"},{"taxonomy":"product_tag","embeddable":true,"href":"https:\/\/astrobrain.site\/es\/wp-json\/wp\/v2\/product_tag?post=2659"}],"curies":[{"name":"wp","href":"https:\/\/api.w.org\/{rel}","templated":true}]}}