{"id":2474,"date":"2024-07-20T04:34:11","date_gmt":"2024-07-20T04:34:11","guid":{"rendered":"https:\/\/astrobrain.site\/aloha\/"},"modified":"2025-12-18T10:10:21","modified_gmt":"2025-12-18T10:10:21","slug":"aloha","status":"publish","type":"page","link":"https:\/\/astrobrain.site\/fr\/","title":{"rendered":"Aloha !"},"content":{"rendered":"\n<div style=\"height:54px\" aria-hidden=\"true\" class=\"wp-block-spacer\"><\/div>\n\n\n\n<img data-recalc-dims=\"1\" decoding=\"async\" class=\"gb-media-e83a1873\" alt=\"\" src=\"https:\/\/i0.wp.com\/astrobrain.site\/wp-content\/uploads\/2025\/01\/iStock-1333819741-1-scaled.webp?w=1200&#038;ssl=1\" title=\"iStock-1333819741\"\/>\n\n\n\n<div style=\"height:54px\" aria-hidden=\"true\" class=\"wp-block-spacer\"><\/div>\n\n\n\n<p>Je suis un astrologue occidental passionn\u00e9 par l&rsquo;astrologie depuis mon adolescence. Ma passion est de lire et d&rsquo;interpr\u00e9ter les th\u00e8mes astraux et d&rsquo;autres sujets li\u00e9s \u00e0 l&rsquo;astrologie, comme l&rsquo;astrologie mondiale. <\/p>\n\n\n\n<p>R\u00e9cemment, j&rsquo;ai r\u00e9ussi l&rsquo;examen de comp\u00e9tence CAPISAR (<a href=\"http:\/\/capisar.org\">http:\/\/capisar.org<\/a>), un examen assez complet et exhaustif sur l&rsquo;astrologie, et j&rsquo;ai \u00e9galement suivi 2 cours avec <a href=\"https:\/\/courses.theastrologyschool.com\/\">http:\/\/theastrlogyschool.com<\/a> &#8211; l&rsquo;astrologie hell\u00e9nistique et la rectification de l&rsquo;heure de naissance.<\/p>\n\n\n\n<p>En plus de quelques r\u00e9flexions sur l&rsquo;astrologie, je propose ici 3 services :<\/p>\n\n\n\n<ol class=\"wp-block-list\">\n<li style=\"margin-right:var(--wp--preset--spacing--50);margin-left:var(--wp--preset--spacing--50)\">Une lecture de l&rsquo;ann\u00e9e \u00e0 venir (au moins 500 mots) sous forme de r\u00e9ponse \u00e0 une question bas\u00e9e sur le th\u00e8me natal.<\/li>\n\n\n\n<li style=\"margin-right:var(--wp--preset--spacing--50);margin-left:var(--wp--preset--spacing--50)\">Tirage de tarot gratuit selon l\u2019une des 3 m\u00e9thodes connues&nbsp;: RWS, Thoth ou Marseille.<\/li>\n\n\n\n<li style=\"margin-right:var(--wp--preset--spacing--50);margin-left:var(--wp--preset--spacing--50)\">La rectification de l&rsquo;heure de naissance est disponible en 3 niveaux, selon le degr\u00e9 de pr\u00e9cision dont tu disposes concernant ton heure de naissance. Chaque niveau est tarif\u00e9 diff\u00e9remment en fonction de la complexit\u00e9 du processus de rectification :  \n<ul class=\"wp-block-list\">\n<li style=\"margin-right:var(--wp--preset--spacing--50);margin-left:var(--wp--preset--spacing--50)\">pour ceux qui ont une heure de naissance approximative dans une fourchette de 6 heures.<\/li>\n\n\n\n<li style=\"margin-right:var(--wp--preset--spacing--50);margin-left:var(--wp--preset--spacing--50)\">pour ceux qui ont une heure de naissance approximative dans une fourchette de 12 heures. <\/li>\n\n\n\n<li style=\"margin-right:var(--wp--preset--spacing--50);margin-left:var(--wp--preset--spacing--50)\">et pour ceux qui ne connaissent que la date de naissance, sans heure approximative (plage de 24 heures).  <br><\/li>\n<\/ul>\n<\/li>\n<\/ol>\n\n\n\n<p>Jette un \u0153il \u00e0 ma page Boutique pour les offres, et passe sur mon Blog pour les r\u00e9flexions :<\/p>\n\n\n\n<div class=\"wp-block-buttons is-layout-flex wp-block-buttons-is-layout-flex\">\n<div class=\"wp-block-button\"><a class=\"wp-block-button__link wp-element-button\" href=\"https:\/\/astrobrain.site\/fr\/boutique\/\">Boutique<\/a><\/div>\n\n\n\n<div class=\"wp-block-button\"><a class=\"wp-block-button__link wp-element-button\" href=\"https:\/\/astrobrain.site\/fr\/blog\/\">Blog<\/a><\/div>\n\n\n<\/div>\n\n\n\n<p><\/p>\n","protected":false},"excerpt":{"rendered":"<p>Je suis un astrologue occidental passionn\u00e9 par l&rsquo;astrologie depuis mon adolescence. Ma passion est de lire et d&rsquo;interpr\u00e9ter les th\u00e8mes astraux et d&rsquo;autres sujets li\u00e9s \u00e0 l&rsquo;astrologie, comme l&rsquo;astrologie mondiale. R\u00e9cemment, j&rsquo;ai r\u00e9ussi l&rsquo;examen de comp\u00e9tence CAPISAR (http:\/\/capisar.org), un examen assez complet et exhaustif sur l&rsquo;astrologie, et j&rsquo;ai \u00e9galement suivi 2 cours avec http:\/\/theastrlogyschool.com &#8211;&hellip;&nbsp;<a href=\"https:\/\/astrobrain.site\/fr\/\" rel=\"bookmark\">Read More &raquo;<span class=\"screen-reader-text\">Aloha !<\/span><\/a><\/p>\n","protected":false},"author":1,"featured_media":4194,"parent":0,"menu_order":0,"comment_status":"closed","ping_status":"closed","template":"","meta":{"neve_meta_sidebar":"","neve_meta_container":"","neve_meta_enable_content_width":"","neve_meta_content_width":0,"neve_meta_title_alignment":"","neve_meta_author_avatar":"","neve_post_elements_order":"","neve_meta_disable_header":"","neve_meta_disable_footer":"","neve_meta_disable_title":"","neve_meta_reading_time":"","footnotes":""},"class_list":["post-2474","page","type-page","status-publish","has-post-thumbnail","hentry"],"jetpack_sharing_enabled":true,"_links":{"self":[{"href":"https:\/\/astrobrain.site\/fr\/wp-json\/wp\/v2\/pages\/2474","targetHints":{"allow":["GET"]}}],"collection":[{"href":"https:\/\/astrobrain.site\/fr\/wp-json\/wp\/v2\/pages"}],"about":[{"href":"https:\/\/astrobrain.site\/fr\/wp-json\/wp\/v2\/types\/page"}],"author":[{"embeddable":true,"href":"https:\/\/astrobrain.site\/fr\/wp-json\/wp\/v2\/users\/1"}],"replies":[{"embeddable":true,"href":"https:\/\/astrobrain.site\/fr\/wp-json\/wp\/v2\/comments?post=2474"}],"version-history":[{"count":20,"href":"https:\/\/astrobrain.site\/fr\/wp-json\/wp\/v2\/pages\/2474\/revisions"}],"predecessor-version":[{"id":8589,"href":"https:\/\/astrobrain.site\/fr\/wp-json\/wp\/v2\/pages\/2474\/revisions\/8589"}],"wp:featuredmedia":[{"embeddable":true,"href":"https:\/\/astrobrain.site\/fr\/wp-json\/wp\/v2\/media\/4194"}],"wp:attachment":[{"href":"https:\/\/astrobrain.site\/fr\/wp-json\/wp\/v2\/media?parent=2474"}],"curies":[{"name":"wp","href":"https:\/\/api.w.org\/{rel}","templated":true}]}}