{"id":2612,"date":"2024-11-14T09:04:09","date_gmt":"2024-11-14T09:04:09","guid":{"rendered":"https:\/\/astrobrain.site\/product\/lecture-de-tarot-gratuite-paiement-optionnel\/"},"modified":"2025-12-25T04:50:16","modified_gmt":"2025-12-25T04:50:16","slug":"lecture-de-tarot-gratuite-paiement-optionnel","status":"publish","type":"product","link":"https:\/\/astrobrain.site\/fr\/produit\/lecture-de-tarot-gratuite-paiement-optionnel\/","title":{"rendered":"Lecture de tarot"},"content":{"rendered":"<p>Tu peux m&rsquo;envoyer ta question, ainsi que ta pr\u00e9f\u00e9rence de m\u00e9thode, \u00e0 <a href=\"mailto:astrobrain.site@gmail.com\">astrobrain.site@gmail.com<\/a>.<\/p>\n<p>Je peux faire une lecture selon l&rsquo;une des 3 m\u00e9thodes connues dans le monde du Tarot :<\/p>\n<ol>\n<li>Style RWS (le plus populaire) ;<\/li>\n<li>Style Thoth ;<\/li>\n<li>Style Marseille.<\/li>\n<\/ol>\n<p>Pour chacune des m\u00e9thodes j&rsquo;utilise le jeu appropri\u00e9, \u00e9videmment, ainsi que les tirages adapt\u00e9s :<\/p>\n<ol>\n<li>Pour RWS et Thoth c&rsquo;est la Croix Celtique ;<\/li>\n<li>Pour Marseille c&rsquo;est le tirage Carr\u00e9 de Neuf. Il y a aussi une option pour le tirage Grand Tableau de 25+1 cartes pour ceux qui sont int\u00e9ress\u00e9s. <\/li>\n<\/ol>\n<p>Si tu appr\u00e9cies ce que je t\u2019envoie, tu peux faire un don en signe de reconnaissance. Merci \ud83d\ude0a.<br \/>\n<style>\r\n        .wpedon-container .wpedon-select,\r\n        .wpedon-container .wpedon-input {\r\n            width: 300px;\r\n            min-width: 300px;\r\n            max-width: 300px;\r\n        }\r\n    <\/style><div class='wpedon-container wpedon-align-left'><form class='wpedon-form wpedon-form-disabled' id='272d691e6e45bf93e376abbc650c0f23' action='#' method='post'>\t\t<script\r\n\t\t\tsrc='https:\/\/www.paypal.com\/sdk\/js?client-id=Advx1wc_4Se6ICsYnMXTqWntyS0F1VdRHIeWnT2Qgv0nFi6sD86KEM9DSxcG79rq_weHqfs1uClL1xDy&merchant-id=KTQTAEB6RHLKE&currency=USD&intent=capture&components=buttons,funding-eligibility&enable-funding=venmo,card'\r\n\t\t\tdata-partner-attribution-id='WPPlugin_STP_CP'\r\n\t\t\t\t\t><\/script>\r\n\t\t<style>\r\n        .wpedon-paypal-button-container > *,\r\n        .wpedon-paypal-hosted-fields-container .wpedon-paypal-btn,\r\n        .wpedon-form .wpedon-or {\r\n            width: 300px;\r\n            min-width: 300px;\r\n            max-width: 300px;\r\n        }\r\n        .wpedon-paypal-hosted-fields-container .wpedon-paypal-btn {\r\n            height: 40px;\r\n        }\r\n\t\t<\/style>\r\n\t\t<script>\r\n      const wpedonPaypalFunding = [\"paypal\",\"venmo\",\"card\"];\r\n\t\t<\/script>\r\n\t\t\r\n\t<!-- Buttons container -->\r\n\t<div id='wpedon-paypal-button-container-272d691e6e45bf93e376abbc650c0f23' class='wpedon-paypal-button-container wpedon-vertical'><\/div>\r\n\r\n\t\t<div id='wpedon-paypal-message-272d691e6e45bf93e376abbc650c0f23' class='wpedon-payment-message'><\/div>\r\n\r\n\r\n\r\n\r\n\t<script>\r\n    const message_272d691e6e45bf93e376abbc650c0f23 = document.getElementById('wpedon-paypal-message-272d691e6e45bf93e376abbc650c0f23');\r\n    if ( typeof paypal === 'undefined' ) {\r\n      message_272d691e6e45bf93e376abbc650c0f23.innerHTML = '<span class=\"payment-error\">' + \r\n          'An error occurred while connecting PayPal SDK. Check the plugin settings.' + '<\/span>';\r\n      throw 'An error occurred while connecting PayPal SDK. Check the plugin settings.';\r\n    }\r\n\r\n    paypal.getFundingSources().forEach(function (fundingSource) {\r\n      if ( wpedonPaypalFunding.indexOf(fundingSource) > -1 ) {\r\n        const style = {\r\n          shape: 'rect',\r\n          label: 'donate',\r\n          height: 40        };\r\n\r\n        if ( fundingSource !== 'card' ) {\r\n          let color = 'gold';\r\n          if (fundingSource === 'venmo' && color === 'gold') {\r\n            color = 'blue';\r\n          } else if (['ideal', 'bancontact', 'giropay', 'eps', 'sofort', 'mybank', 'p24'].indexOf(fundingSource) > -1 && ['gold', 'blue'].indexOf(color) > -1) {\r\n            color = 'default';\r\n          } else if (fundingSource === 'credit' && ['darkblue', 'black', 'white'].indexOf(color) === -1) {\r\n              color = 'darkblue';\r\n          }\r\n          style.color = color;\r\n        }\r\n\r\n        const button = paypal.Buttons({\r\n          fundingSource: fundingSource,\r\n          style: style,\r\n          createOrder: function() {\r\n            message_272d691e6e45bf93e376abbc650c0f23.innerHTML = '';\r\n\r\n            const form = document.getElementById('272d691e6e45bf93e376abbc650c0f23');\r\n            const formData = new FormData(form);\r\n            formData.append('action', 'wpedon-ppcp-order-create');\r\n            formData.append('nonce', wpedon.nonce);\r\n\r\n            return fetch(wpedon.ajaxUrl, {\r\n              method: 'post',\r\n              body: formData\r\n            }).then(function(response) {\r\n              return response.json();\r\n            }).then(function(data) {\r\n              let orderID = false;\r\n              if (data.success && data.data.order_id) {\r\n                orderID = data.data.order_id;\r\n              } else {\r\n                throw data.data && data.data.message ? data.data.message : 'An unknown error occurred while creating the order. Please reload the page and try again.';\r\n              }\r\n              return orderID;\r\n            });\r\n          },\r\n          onApprove: function(data) {\r\n            const formData = new FormData();\r\n\r\n            formData.append('action', 'wpedon-ppcp-order-finalize');\r\n            formData.append('nonce', wpedon.nonce);\r\n            formData.append('order_id', data.orderID);\r\n\r\n            return fetch(wpedon.ajaxUrl, {\r\n              method: 'post',\r\n              body: formData\r\n            }).then(function(response) {\r\n              return response.json();\r\n            }).then(function(data) {\r\n              if (data.success) {\r\n\t\t\t    var return_url = '';\r\n                if (return_url.length) {\r\n                  window.location.href = return_url;\r\n                } else {\r\n                  message_272d691e6e45bf93e376abbc650c0f23.innerHTML = '<span class=\"payment-success\">' + \r\n                    'The payment was successful' + '<\/span>';\r\n                }\r\n              } else {\r\n                throw data.data.message;\r\n              }\r\n            });\r\n          },\r\n          onCancel: function() {\r\n            if (wpedon.cancel.length && fundingSource !== 'card') {\r\n              window.location.href = wpedon.cancel;\r\n            } else {\r\n              message_272d691e6e45bf93e376abbc650c0f23.innerHTML = '<span class=\"payment-error\">' + \r\n                'The payment was cancelled.' + '<\/span>';\r\n            }\r\n          },\r\n          onError: function (error) {\r\n            message_272d691e6e45bf93e376abbc650c0f23.innerHTML = '<span class=\"payment-error\">' + (error ? error : '<strong>Site admin<\/strong>, an error was detected in the plugin settings.<\/br>Please check the PayPal connection and product settings (price, name, etc.)') + '<\/span>';\r\n          }\r\n        });\r\n\r\n        if (button.isEligible()) {\r\n          button.render('#wpedon-paypal-button-container-272d691e6e45bf93e376abbc650c0f23');\r\n        }\r\n      }\r\n    });\r\n\r\n\t\t\t<\/script>\r\n\t\r\n\t\r\n\t\r\n\t<input type='hidden' name='amount' id='amount_272d691e6e45bf93e376abbc650c0f23' value='15.00' \/><input type='hidden' name='price' id='price_272d691e6e45bf93e376abbc650c0f23' value='15.00' \/><input type='hidden' name='item_number' value='' \/><input type='hidden' name='item_name' value='An appreciation token' \/><input type='hidden' name='name' value='An appreciation token' \/><input type='hidden' name='custom' value='6147'><input type='hidden' name='no_shipping' value='1'><input type='hidden' name='no_note' value='1'><input type='hidden' name='currency_code' value='USD'><\/form><\/div><br \/>\n<a href=\"https:\/\/www.buymeacoffee.com\/astrobrain.site\" target=\"_blank\" rel=\"noopener noreferrer\" style=\"display:inline-block;padding:10px 14px;border-radius:8px;text-decoration:none;font-weight:600;border:1px solid #ddd;\"><br \/>\nSoutenez mon travail \u2615<br \/>\n<\/a><br \/>\n&nbsp;<\/p>\n","protected":false},"excerpt":{"rendered":"<p>Lecture de tarot gratuite en r\u00e9ponse \u00e0 une question \u00e9crite soumise, \u00e0 des fins de divertissement uniquement (voir les d\u00e9tails et l&rsquo;adresse \u00e9lectronique ci-dessous).<\/p>\n<p>Livr\u00e9 sous forme de fichier PDF avec la photo du tirage.<\/p>\n<p>&nbsp;<\/p>\n","protected":false},"featured_media":1873,"comment_status":"closed","ping_status":"closed","template":"","meta":{"neve_meta_sidebar":"","neve_meta_container":"","neve_meta_enable_content_width":"off","neve_meta_content_width":100,"neve_meta_title_alignment":"","neve_meta_author_avatar":"","neve_post_elements_order":"","neve_meta_disable_header":"","neve_meta_disable_footer":"","neve_meta_disable_title":"","neve_meta_reading_time":""},"product_brand":[],"product_cat":[170],"product_tag":[171,172],"class_list":{"0":"post-2612","1":"product","2":"type-product","3":"status-publish","4":"has-post-thumbnail","6":"product_cat-offres","7":"product_tag-lecture","8":"product_tag-tarot-fr","10":"first","11":"instock","12":"virtual","13":"purchasable","14":"product-type-simple"},"jetpack_sharing_enabled":true,"_links":{"self":[{"href":"https:\/\/astrobrain.site\/fr\/wp-json\/wp\/v2\/product\/2612","targetHints":{"allow":["GET"]}}],"collection":[{"href":"https:\/\/astrobrain.site\/fr\/wp-json\/wp\/v2\/product"}],"about":[{"href":"https:\/\/astrobrain.site\/fr\/wp-json\/wp\/v2\/types\/product"}],"replies":[{"embeddable":true,"href":"https:\/\/astrobrain.site\/fr\/wp-json\/wp\/v2\/comments?post=2612"}],"wp:featuredmedia":[{"embeddable":true,"href":"https:\/\/astrobrain.site\/fr\/wp-json\/wp\/v2\/media\/1873"}],"wp:attachment":[{"href":"https:\/\/astrobrain.site\/fr\/wp-json\/wp\/v2\/media?parent=2612"}],"wp:term":[{"taxonomy":"product_brand","embeddable":true,"href":"https:\/\/astrobrain.site\/fr\/wp-json\/wp\/v2\/product_brand?post=2612"},{"taxonomy":"product_cat","embeddable":true,"href":"https:\/\/astrobrain.site\/fr\/wp-json\/wp\/v2\/product_cat?post=2612"},{"taxonomy":"product_tag","embeddable":true,"href":"https:\/\/astrobrain.site\/fr\/wp-json\/wp\/v2\/product_tag?post=2612"}],"curies":[{"name":"wp","href":"https:\/\/api.w.org\/{rel}","templated":true}]}}