{"id":2620,"date":"2024-11-13T22:33:55","date_gmt":"2024-11-13T22:33:55","guid":{"rendered":"https:\/\/astrobrain.site\/product\/lecture-courte-du-theme-de-naissance\/"},"modified":"2025-12-01T15:33:49","modified_gmt":"2025-12-01T15:33:49","slug":"lecture-courte-du-theme-de-naissance","status":"publish","type":"product","link":"https:\/\/astrobrain.site\/fr\/produit\/lecture-courte-du-theme-de-naissance\/","title":{"rendered":"Lecture de th\u00e8me natal"},"content":{"rendered":"<p style=\"text-align: left;\">R\u00e9ponse \u00e0 une question de ta part, bas\u00e9e sur une vari\u00e9t\u00e9 d&rsquo;outils astrologiques. En au moins 500 mots. <\/p>\n<p>Parmi les outils que j&rsquo;utilise, il y a les profections annuelles et le releasing zodiacal (astrologie hell\u00e9nistique), les transits, ainsi que les r\u00e9volutions solaires et les progressions.<\/p>\n<p>Livr\u00e9 au format PDF par email.<\/p>\n<p>Tu peux m&rsquo;envoyer ta question, ainsi que le lieu, la date et l&rsquo;heure exacte de naissance pour le th\u00e8me natal \u00e0 <a href=\"mailto:astrobrain.site@gmail.com\">astrobrain.site@gmail.com<\/a>.<\/p>\n<p>&nbsp;<\/p>\n<p>&nbsp;<\/p>\n<p>&nbsp;<\/p>\n","protected":false},"excerpt":{"rendered":"<p>Analyse de th\u00e8me natal pour l&rsquo;ann\u00e9e \u00e0 venir bas\u00e9e sur une question \u00e9crite soumise. Voir les d\u00e9tails ci-dessous. <\/p>\n<p>&nbsp;<\/p>\n<p>&nbsp;<\/p>\n","protected":false},"featured_media":1723,"comment_status":"closed","ping_status":"closed","template":"","meta":{"neve_meta_sidebar":"","neve_meta_container":"","neve_meta_enable_content_width":"off","neve_meta_content_width":100,"neve_meta_title_alignment":"","neve_meta_author_avatar":"","neve_post_elements_order":"","neve_meta_disable_header":"","neve_meta_disable_footer":"","neve_meta_disable_title":"","neve_meta_reading_time":""},"product_brand":[],"product_cat":[170],"product_tag":[191,192,171],"class_list":{"0":"post-2620","1":"product","2":"type-product","3":"status-publish","4":"has-post-thumbnail","6":"product_cat-offres","7":"product_tag-astrologie-fr","8":"product_tag-carte-de-naissance","9":"product_tag-lecture","11":"first","12":"instock","13":"virtual","14":"purchasable","15":"product-type-simple"},"jetpack_sharing_enabled":true,"_links":{"self":[{"href":"https:\/\/astrobrain.site\/fr\/wp-json\/wp\/v2\/product\/2620","targetHints":{"allow":["GET"]}}],"collection":[{"href":"https:\/\/astrobrain.site\/fr\/wp-json\/wp\/v2\/product"}],"about":[{"href":"https:\/\/astrobrain.site\/fr\/wp-json\/wp\/v2\/types\/product"}],"replies":[{"embeddable":true,"href":"https:\/\/astrobrain.site\/fr\/wp-json\/wp\/v2\/comments?post=2620"}],"wp:featuredmedia":[{"embeddable":true,"href":"https:\/\/astrobrain.site\/fr\/wp-json\/wp\/v2\/media\/1723"}],"wp:attachment":[{"href":"https:\/\/astrobrain.site\/fr\/wp-json\/wp\/v2\/media?parent=2620"}],"wp:term":[{"taxonomy":"product_brand","embeddable":true,"href":"https:\/\/astrobrain.site\/fr\/wp-json\/wp\/v2\/product_brand?post=2620"},{"taxonomy":"product_cat","embeddable":true,"href":"https:\/\/astrobrain.site\/fr\/wp-json\/wp\/v2\/product_cat?post=2620"},{"taxonomy":"product_tag","embeddable":true,"href":"https:\/\/astrobrain.site\/fr\/wp-json\/wp\/v2\/product_tag?post=2620"}],"curies":[{"name":"wp","href":"https:\/\/api.w.org\/{rel}","templated":true}]}}