{"id":2653,"date":"2024-11-13T21:03:36","date_gmt":"2024-11-13T21:03:36","guid":{"rendered":"https:\/\/astrobrain.site\/product\/rectification-de-lheure-de-naissance\/"},"modified":"2025-12-15T09:40:13","modified_gmt":"2025-12-15T09:40:13","slug":"rectification-de-lheure-de-naissance","status":"publish","type":"product","link":"https:\/\/astrobrain.site\/fr\/produit\/rectification-de-lheure-de-naissance\/","title":{"rendered":"Rectification de l&rsquo;heure de naissance"},"content":{"rendered":"<p>Je propose une rectification de l&rsquo;heure de naissance en utilisant une liste d&rsquo;\u00e9v\u00e9nements importants de ta vie et leurs dates que tu me fournis.<\/p>\n<p>Le processus est bas\u00e9 sur les techniques d&rsquo;astrologie hell\u00e9nistique et sur les transits.<\/p>\n<p>La livraison finale inclura l&rsquo;heure de naissance d\u00e9termin\u00e9e.<\/p>\n<p>Pour de meilleurs r\u00e9sultats, fournis une liste de 5 \u00e0 10 \u00e9v\u00e9nements de vie avec leurs dates exactes. Tu peux envoyer ces informations \u00e0 <a href=\"mailto:astrobrain.site@gmail.com\">astrobrain.site@gmail.com<\/a> <\/p>\n","protected":false},"excerpt":{"rendered":"<p>C&rsquo;est une analyse approfondie du th\u00e8me natal en utilisant une plage horaire de plusieurs heures (6, 12 ou 24), ainsi que plusieurs \u00e9v\u00e9nements majeurs de la vie (5-10). Voir les d\u00e9tails ci-dessous. <\/p>\n","protected":false},"featured_media":1663,"comment_status":"closed","ping_status":"closed","template":"","meta":{"neve_meta_sidebar":"","neve_meta_container":"","neve_meta_enable_content_width":"off","neve_meta_content_width":100,"neve_meta_title_alignment":"","neve_meta_author_avatar":"","neve_post_elements_order":"","neve_meta_disable_header":"","neve_meta_disable_footer":"","neve_meta_disable_title":"","neve_meta_reading_time":""},"product_brand":[],"product_cat":[170],"product_tag":[191,210,209],"class_list":{"0":"post-2653","1":"product","2":"type-product","3":"status-publish","4":"has-post-thumbnail","6":"product_cat-offres","7":"product_tag-astrologie-fr","8":"product_tag-heure-de-naissance","9":"product_tag-rectification-fr","11":"first","12":"instock","13":"shipping-taxable","14":"purchasable","15":"product-type-variable"},"jetpack_sharing_enabled":true,"_links":{"self":[{"href":"https:\/\/astrobrain.site\/fr\/wp-json\/wp\/v2\/product\/2653","targetHints":{"allow":["GET"]}}],"collection":[{"href":"https:\/\/astrobrain.site\/fr\/wp-json\/wp\/v2\/product"}],"about":[{"href":"https:\/\/astrobrain.site\/fr\/wp-json\/wp\/v2\/types\/product"}],"replies":[{"embeddable":true,"href":"https:\/\/astrobrain.site\/fr\/wp-json\/wp\/v2\/comments?post=2653"}],"wp:featuredmedia":[{"embeddable":true,"href":"https:\/\/astrobrain.site\/fr\/wp-json\/wp\/v2\/media\/1663"}],"wp:attachment":[{"href":"https:\/\/astrobrain.site\/fr\/wp-json\/wp\/v2\/media?parent=2653"}],"wp:term":[{"taxonomy":"product_brand","embeddable":true,"href":"https:\/\/astrobrain.site\/fr\/wp-json\/wp\/v2\/product_brand?post=2653"},{"taxonomy":"product_cat","embeddable":true,"href":"https:\/\/astrobrain.site\/fr\/wp-json\/wp\/v2\/product_cat?post=2653"},{"taxonomy":"product_tag","embeddable":true,"href":"https:\/\/astrobrain.site\/fr\/wp-json\/wp\/v2\/product_tag?post=2653"}],"curies":[{"name":"wp","href":"https:\/\/api.w.org\/{rel}","templated":true}]}}