{"id":2572,"date":"2024-07-16T17:48:23","date_gmt":"2024-07-16T17:48:23","guid":{"rendered":"https:\/\/astrobrain.site\/blog\/"},"modified":"2025-11-26T19:29:38","modified_gmt":"2025-11-26T19:29:38","slug":"blog","status":"publish","type":"page","link":"https:\/\/astrobrain.site\/it\/blog\/","title":{"rendered":"Blog"},"content":{"rendered":"\n<div style=\"background-image:url(&apos;https:\/\/astrobrain.site\/wp-content\/uploads\/2024\/12\/guyongroundbooks-3.jpg&apos;);background-position:50% 50%;background-repeat:no-repeat;background-size:contain;\" class=\"wp-block-group nfd-container nfd-p-lg nfd-bg-surface nfd-theme-white is-style-nfd-theme-white has-background\"><div class=\"wp-block-group__inner-container is-layout-constrained wp-block-group-is-layout-constrained\">\n<div class=\"wp-block-group has-contrast-3-color has-text-color has-link-color wp-elements-d88497f6ea6731b3c158746a1a40d23f is-vertical is-content-justification-center is-layout-flex wp-container-core-group-is-layout-4b2eccd6 wp-block-group-is-layout-flex\">\n<h1 class=\"wp-block-heading has-text-align-center nfd-text-giga nfd-text-contrast nfd-text-balance has-nv-light-bg-color has-text-color has-link-color wp-elements-7e605b97274e2717713994b0f4ae6b30\" style=\"margin-top:0px;margin-bottom:0px;padding-top:185px;padding-bottom:185px\">Le Riflessioni<\/h1>\n<\/div>\n<\/div><\/div>\n\n<div style=\"height:100px\" aria-hidden=\"true\" class=\"wp-block-spacer\"><\/div>\n\n<div class=\"wp-block-group nfd-container nfd-px-md nfd-bg-surface nfd-theme-light is-style-nfd-theme-light\"><div class=\"wp-block-group__inner-container is-layout-constrained wp-block-group-is-layout-constrained\">\n<div class=\"wp-block-query nfd-query-loop-1 is-layout-flow wp-block-query-is-layout-flow\"><ul class=\"wp-block-post-template is-layout-flow wp-block-post-template-is-layout-flow\"><li class=\"wp-block-post post-8642 post type-post status-publish format-standard has-post-thumbnail hentry category-astrologia category-non-categorizzato category-personale\">\n\n<div class=\"wp-block-columns is-layout-flex wp-container-core-columns-is-layout-2f387617 wp-block-columns-is-layout-flex\">\n<div class=\"wp-block-column is-layout-flow wp-block-column-is-layout-flow\" style=\"flex-basis:30%\"><figure style=\"aspect-ratio:1;width:100%;\" class=\"nfd-rounded-md wp-block-post-featured-image\"><a href=\"https:\/\/astrobrain.site\/it\/sfruttare-il-ciclo-di-giove-trasforma-la-tua-casa-questanno\/\" target=\"_self\"  ><img data-recalc-dims=\"1\" loading=\"lazy\" decoding=\"async\" width=\"1024\" height=\"768\" src=\"https:\/\/i0.wp.com\/astrobrain.site\/wp-content\/uploads\/2025\/12\/image-3.png?resize=1024%2C768&#038;ssl=1\" class=\"attachment-post-thumbnail size-post-thumbnail wp-post-image\" alt=\"Sfruttare il ciclo di Giove: trasforma la tua casa quest&#8217;anno\" style=\"width:100%;height:100%;object-fit:cover;\" srcset=\"https:\/\/i0.wp.com\/astrobrain.site\/wp-content\/uploads\/2025\/12\/image-3.png?w=1024&amp;ssl=1 1024w, https:\/\/i0.wp.com\/astrobrain.site\/wp-content\/uploads\/2025\/12\/image-3.png?resize=300%2C225&amp;ssl=1 300w, https:\/\/i0.wp.com\/astrobrain.site\/wp-content\/uploads\/2025\/12\/image-3.png?resize=768%2C576&amp;ssl=1 768w, https:\/\/i0.wp.com\/astrobrain.site\/wp-content\/uploads\/2025\/12\/image-3.png?resize=600%2C450&amp;ssl=1 600w\" sizes=\"auto, (max-width: 1024px) 100vw, 1024px\" \/><\/a><\/figure><\/div>\n\n\n\n<div class=\"wp-block-column is-vertically-aligned-center is-layout-flow wp-block-column-is-layout-flow\" style=\"flex-basis:66.66%\">\n<div class=\"wp-block-group is-vertical is-layout-flex wp-container-core-group-is-layout-c88e71c7 wp-block-group-is-layout-flex\">\n<div class=\"wp-block-group is-vertical is-layout-flex wp-container-core-group-is-layout-8cf370e7 wp-block-group-is-layout-flex\"><h2 style=\"font-style:normal;font-weight:500;\" class=\"nfd-text-balance wp-block-post-title\"><a href=\"https:\/\/astrobrain.site\/it\/sfruttare-il-ciclo-di-giove-trasforma-la-tua-casa-questanno\/\" target=\"_self\" >Sfruttare il ciclo di Giove: trasforma la tua casa quest&#8217;anno<\/a><\/h2>\n\n<div class=\"nfd-text-balance wp-block-post-excerpt\"><p class=\"wp-block-post-excerpt__excerpt\">L&#8217;avvicinarsi del cambio dell&#8217;anno solletica, creando l&#8217;opportunit\u00e0 di fare un bilancio e ricominciare. Ma astrologicamente \u00e8 in realt\u00e0 la met\u00e0 di un diverso tipo di anno: l&#8217;anno del&hellip;<\/p><p class=\"wp-block-post-excerpt__more-text\"><a class=\"wp-block-post-excerpt__more-link\" href=\"https:\/\/astrobrain.site\/it\/sfruttare-il-ciclo-di-giove-trasforma-la-tua-casa-questanno\/\"><strong>Continua a leggere<\/strong><\/a><\/p><\/div><\/div>\n\n\n\n<div class=\"wp-block-group nfd-gap-md  nfd-text-base is-content-justification-left is-layout-flex wp-container-core-group-is-layout-76ea2f42 wp-block-group-is-layout-flex\">\n<div class=\"wp-block-group\" style=\"border-left-width:2px;min-height:0.85em\"><div class=\"wp-block-group__inner-container is-layout-constrained wp-block-group-is-layout-constrained\"><\/div><\/div>\n\n\n<div class=\"nfd-text-faded wp-block-post-date\"><time datetime=\"2025-12-25T22:24:47+00:00\">25 Dicembre 2025<\/time><\/div><\/div>\n<\/div>\n<\/div>\n<\/div>\n\n<\/li><li class=\"wp-block-post post-8451 post type-post status-publish format-standard has-post-thumbnail hentry category-astrologia category-banale category-cultura-it category-non-categorizzato category-personale\">\n\n<div class=\"wp-block-columns is-layout-flex wp-container-core-columns-is-layout-2f387617 wp-block-columns-is-layout-flex\">\n<div class=\"wp-block-column is-layout-flow wp-block-column-is-layout-flow\" style=\"flex-basis:30%\"><figure style=\"aspect-ratio:1;width:100%;\" class=\"nfd-rounded-md wp-block-post-featured-image\"><a href=\"https:\/\/astrobrain.site\/it\/fine-anno-astrologico-cambiamenti-cosmici-e-il-loro-impatto\/\" target=\"_self\"  ><img data-recalc-dims=\"1\" loading=\"lazy\" decoding=\"async\" width=\"1200\" height=\"648\" src=\"https:\/\/i0.wp.com\/astrobrain.site\/wp-content\/uploads\/2025\/12\/getimg_ai_img-jNiOuOFuE1ZuawprKf6UV.webp?resize=1200%2C648&#038;ssl=1\" class=\"attachment-post-thumbnail size-post-thumbnail wp-post-image\" alt=\"Fine anno astrologico: cambiamenti cosmici e il loro impatto\" style=\"width:100%;height:100%;object-fit:cover;\" srcset=\"https:\/\/i0.wp.com\/astrobrain.site\/wp-content\/uploads\/2025\/12\/getimg_ai_img-jNiOuOFuE1ZuawprKf6UV.webp?w=1392&amp;ssl=1 1392w, https:\/\/i0.wp.com\/astrobrain.site\/wp-content\/uploads\/2025\/12\/getimg_ai_img-jNiOuOFuE1ZuawprKf6UV.webp?resize=300%2C162&amp;ssl=1 300w, https:\/\/i0.wp.com\/astrobrain.site\/wp-content\/uploads\/2025\/12\/getimg_ai_img-jNiOuOFuE1ZuawprKf6UV.webp?resize=1024%2C553&amp;ssl=1 1024w, https:\/\/i0.wp.com\/astrobrain.site\/wp-content\/uploads\/2025\/12\/getimg_ai_img-jNiOuOFuE1ZuawprKf6UV.webp?resize=768%2C415&amp;ssl=1 768w, https:\/\/i0.wp.com\/astrobrain.site\/wp-content\/uploads\/2025\/12\/getimg_ai_img-jNiOuOFuE1ZuawprKf6UV.webp?resize=600%2C324&amp;ssl=1 600w\" sizes=\"auto, (max-width: 1200px) 100vw, 1200px\" \/><\/a><\/figure><\/div>\n\n\n\n<div class=\"wp-block-column is-vertically-aligned-center is-layout-flow wp-block-column-is-layout-flow\" style=\"flex-basis:66.66%\">\n<div class=\"wp-block-group is-vertical is-layout-flex wp-container-core-group-is-layout-c88e71c7 wp-block-group-is-layout-flex\">\n<div class=\"wp-block-group is-vertical is-layout-flex wp-container-core-group-is-layout-8cf370e7 wp-block-group-is-layout-flex\"><h2 style=\"font-style:normal;font-weight:500;\" class=\"nfd-text-balance wp-block-post-title\"><a href=\"https:\/\/astrobrain.site\/it\/fine-anno-astrologico-cambiamenti-cosmici-e-il-loro-impatto\/\" target=\"_self\" >Fine anno astrologico: cambiamenti cosmici e il loro impatto<\/a><\/h2>\n\n<div class=\"nfd-text-balance wp-block-post-excerpt\"><p class=\"wp-block-post-excerpt__excerpt\">Esiste una fine astrologica dell&#8217;anno che possa essere correlata alla fine dell&#8217;anno solare creato dall&#8217;uomo? Tra gli astrologi, specialmente quelli tradizionali, si presuppone generalmente che i cicli e&hellip;<\/p><p class=\"wp-block-post-excerpt__more-text\"><a class=\"wp-block-post-excerpt__more-link\" href=\"https:\/\/astrobrain.site\/it\/fine-anno-astrologico-cambiamenti-cosmici-e-il-loro-impatto\/\"><strong>Continua a leggere<\/strong><\/a><\/p><\/div><\/div>\n\n\n\n<div class=\"wp-block-group nfd-gap-md  nfd-text-base is-content-justification-left is-layout-flex wp-container-core-group-is-layout-76ea2f42 wp-block-group-is-layout-flex\">\n<div class=\"wp-block-group\" style=\"border-left-width:2px;min-height:0.85em\"><div class=\"wp-block-group__inner-container is-layout-constrained wp-block-group-is-layout-constrained\"><\/div><\/div>\n\n\n<div class=\"nfd-text-faded wp-block-post-date\"><time datetime=\"2025-12-13T23:34:57+00:00\">13 Dicembre 2025<\/time><\/div><\/div>\n<\/div>\n<\/div>\n<\/div>\n\n<\/li><li class=\"wp-block-post post-8344 post type-post status-publish format-standard has-post-thumbnail hentry category-astrologia category-personale\">\n\n<div class=\"wp-block-columns is-layout-flex wp-container-core-columns-is-layout-2f387617 wp-block-columns-is-layout-flex\">\n<div class=\"wp-block-column is-layout-flow wp-block-column-is-layout-flow\" style=\"flex-basis:30%\"><figure style=\"aspect-ratio:1;width:100%;\" class=\"nfd-rounded-md wp-block-post-featured-image\"><a href=\"https:\/\/astrobrain.site\/it\/il-potente-impatto-delle-eclissi\/\" target=\"_self\"  ><img data-recalc-dims=\"1\" loading=\"lazy\" decoding=\"async\" width=\"1200\" height=\"648\" src=\"https:\/\/i0.wp.com\/astrobrain.site\/wp-content\/uploads\/2025\/12\/getimg_ai_img-MCRbeSnVWC2yrzBQyVxSh.webp?resize=1200%2C648&#038;ssl=1\" class=\"attachment-post-thumbnail size-post-thumbnail wp-post-image\" alt=\"Il potente impatto delle eclissi\" style=\"width:100%;height:100%;object-fit:cover;\" srcset=\"https:\/\/i0.wp.com\/astrobrain.site\/wp-content\/uploads\/2025\/12\/getimg_ai_img-MCRbeSnVWC2yrzBQyVxSh.webp?w=1392&amp;ssl=1 1392w, https:\/\/i0.wp.com\/astrobrain.site\/wp-content\/uploads\/2025\/12\/getimg_ai_img-MCRbeSnVWC2yrzBQyVxSh.webp?resize=300%2C162&amp;ssl=1 300w, https:\/\/i0.wp.com\/astrobrain.site\/wp-content\/uploads\/2025\/12\/getimg_ai_img-MCRbeSnVWC2yrzBQyVxSh.webp?resize=1024%2C553&amp;ssl=1 1024w, https:\/\/i0.wp.com\/astrobrain.site\/wp-content\/uploads\/2025\/12\/getimg_ai_img-MCRbeSnVWC2yrzBQyVxSh.webp?resize=768%2C415&amp;ssl=1 768w, https:\/\/i0.wp.com\/astrobrain.site\/wp-content\/uploads\/2025\/12\/getimg_ai_img-MCRbeSnVWC2yrzBQyVxSh.webp?resize=600%2C324&amp;ssl=1 600w\" sizes=\"auto, (max-width: 1200px) 100vw, 1200px\" \/><\/a><\/figure><\/div>\n\n\n\n<div class=\"wp-block-column is-vertically-aligned-center is-layout-flow wp-block-column-is-layout-flow\" style=\"flex-basis:66.66%\">\n<div class=\"wp-block-group is-vertical is-layout-flex wp-container-core-group-is-layout-c88e71c7 wp-block-group-is-layout-flex\">\n<div class=\"wp-block-group is-vertical is-layout-flex wp-container-core-group-is-layout-8cf370e7 wp-block-group-is-layout-flex\"><h2 style=\"font-style:normal;font-weight:500;\" class=\"nfd-text-balance wp-block-post-title\"><a href=\"https:\/\/astrobrain.site\/it\/il-potente-impatto-delle-eclissi\/\" target=\"_self\" >Il potente impatto delle eclissi<\/a><\/h2>\n\n<div class=\"nfd-text-balance wp-block-post-excerpt\"><p class=\"wp-block-post-excerpt__excerpt\">Anche se non \u00e8 la stagione delle eclissi, vale la pena menzionare la possibile influenza di questi eventi, specialmente quando i loro effetti durano ben oltre il momento&hellip;<\/p><p class=\"wp-block-post-excerpt__more-text\"><a class=\"wp-block-post-excerpt__more-link\" href=\"https:\/\/astrobrain.site\/it\/il-potente-impatto-delle-eclissi\/\"><strong>Continua a leggere<\/strong><\/a><\/p><\/div><\/div>\n\n\n\n<div class=\"wp-block-group nfd-gap-md  nfd-text-base is-content-justification-left is-layout-flex wp-container-core-group-is-layout-76ea2f42 wp-block-group-is-layout-flex\">\n<div class=\"wp-block-group\" style=\"border-left-width:2px;min-height:0.85em\"><div class=\"wp-block-group__inner-container is-layout-constrained wp-block-group-is-layout-constrained\"><\/div><\/div>\n\n\n<div class=\"nfd-text-faded wp-block-post-date\"><time datetime=\"2025-12-06T23:20:17+00:00\">6 Dicembre 2025<\/time><\/div><\/div>\n<\/div>\n<\/div>\n<\/div>\n\n<\/li><li class=\"wp-block-post post-6332 post type-post status-publish format-standard has-post-thumbnail hentry category-tarocchi\">\n\n<div class=\"wp-block-columns is-layout-flex wp-container-core-columns-is-layout-2f387617 wp-block-columns-is-layout-flex\">\n<div class=\"wp-block-column is-layout-flow wp-block-column-is-layout-flow\" style=\"flex-basis:30%\"><figure style=\"aspect-ratio:1;width:100%;\" class=\"nfd-rounded-md wp-block-post-featured-image\"><a href=\"https:\/\/astrobrain.site\/it\/il-somnia-tarot-aggiornato\/\" target=\"_self\"  ><img data-recalc-dims=\"1\" loading=\"lazy\" decoding=\"async\" width=\"1200\" height=\"1030\" src=\"https:\/\/i0.wp.com\/astrobrain.site\/wp-content\/uploads\/2025\/11\/IMG_4638-scaled.webp?resize=1200%2C1030&#038;ssl=1\" class=\"attachment-post-thumbnail size-post-thumbnail wp-post-image\" alt=\"Il Somnia Tarot aggiornato\" style=\"width:100%;height:100%;object-fit:cover;\" srcset=\"https:\/\/i0.wp.com\/astrobrain.site\/wp-content\/uploads\/2025\/11\/IMG_4638-scaled.webp?w=2560&amp;ssl=1 2560w, https:\/\/i0.wp.com\/astrobrain.site\/wp-content\/uploads\/2025\/11\/IMG_4638-scaled.webp?resize=300%2C257&amp;ssl=1 300w, https:\/\/i0.wp.com\/astrobrain.site\/wp-content\/uploads\/2025\/11\/IMG_4638-scaled.webp?resize=1024%2C879&amp;ssl=1 1024w, https:\/\/i0.wp.com\/astrobrain.site\/wp-content\/uploads\/2025\/11\/IMG_4638-scaled.webp?resize=768%2C659&amp;ssl=1 768w, https:\/\/i0.wp.com\/astrobrain.site\/wp-content\/uploads\/2025\/11\/IMG_4638-scaled.webp?resize=1536%2C1318&amp;ssl=1 1536w, https:\/\/i0.wp.com\/astrobrain.site\/wp-content\/uploads\/2025\/11\/IMG_4638-scaled.webp?resize=2048%2C1758&amp;ssl=1 2048w, https:\/\/i0.wp.com\/astrobrain.site\/wp-content\/uploads\/2025\/11\/IMG_4638-scaled.webp?resize=600%2C515&amp;ssl=1 600w, https:\/\/i0.wp.com\/astrobrain.site\/wp-content\/uploads\/2025\/11\/IMG_4638-scaled.webp?w=2400&amp;ssl=1 2400w\" sizes=\"auto, (max-width: 1200px) 100vw, 1200px\" \/><\/a><\/figure><\/div>\n\n\n\n<div class=\"wp-block-column is-vertically-aligned-center is-layout-flow wp-block-column-is-layout-flow\" style=\"flex-basis:66.66%\">\n<div class=\"wp-block-group is-vertical is-layout-flex wp-container-core-group-is-layout-c88e71c7 wp-block-group-is-layout-flex\">\n<div class=\"wp-block-group is-vertical is-layout-flex wp-container-core-group-is-layout-8cf370e7 wp-block-group-is-layout-flex\"><h2 style=\"font-style:normal;font-weight:500;\" class=\"nfd-text-balance wp-block-post-title\"><a href=\"https:\/\/astrobrain.site\/it\/il-somnia-tarot-aggiornato\/\" target=\"_self\" >Il Somnia Tarot aggiornato<\/a><\/h2>\n\n<div class=\"nfd-text-balance wp-block-post-excerpt\"><p class=\"wp-block-post-excerpt__excerpt\">Circa un anno fa ho comprato qualcosa che avevo sognato non molto tempo prima. Di solito non ricordo molto dei miei sogni, ma questa volta mi sono svegliato&hellip;<\/p><p class=\"wp-block-post-excerpt__more-text\"><a class=\"wp-block-post-excerpt__more-link\" href=\"https:\/\/astrobrain.site\/it\/il-somnia-tarot-aggiornato\/\"><strong>Continua a leggere<\/strong><\/a><\/p><\/div><\/div>\n\n\n\n<div class=\"wp-block-group nfd-gap-md  nfd-text-base is-content-justification-left is-layout-flex wp-container-core-group-is-layout-76ea2f42 wp-block-group-is-layout-flex\">\n<div class=\"wp-block-group\" style=\"border-left-width:2px;min-height:0.85em\"><div class=\"wp-block-group__inner-container is-layout-constrained wp-block-group-is-layout-constrained\"><\/div><\/div>\n\n\n<div class=\"nfd-text-faded wp-block-post-date\"><time datetime=\"2025-11-29T22:41:02+00:00\">29 Novembre 2025<\/time><\/div><\/div>\n<\/div>\n<\/div>\n<\/div>\n\n<\/li><li class=\"wp-block-post post-4665 post type-post status-publish format-standard has-post-thumbnail hentry category-personale\">\n\n<div class=\"wp-block-columns is-layout-flex wp-container-core-columns-is-layout-2f387617 wp-block-columns-is-layout-flex\">\n<div class=\"wp-block-column is-layout-flow wp-block-column-is-layout-flow\" style=\"flex-basis:30%\"><figure style=\"aspect-ratio:1;width:100%;\" class=\"nfd-rounded-md wp-block-post-featured-image\"><a href=\"https:\/\/astrobrain.site\/it\/due-cicli-lunari-e-urano-uninfluenza-inaspettata\/\" target=\"_self\"  ><img data-recalc-dims=\"1\" loading=\"lazy\" decoding=\"async\" width=\"1200\" height=\"675\" src=\"https:\/\/i0.wp.com\/astrobrain.site\/wp-content\/uploads\/2025\/02\/img-2xBwLdP23UI5Vv0PJq2YI-1.webp?resize=1200%2C675&#038;ssl=1\" class=\"attachment-post-thumbnail size-post-thumbnail wp-post-image\" alt=\"Due cicli lunari e Urano &#8211; un&#8217;influenza inaspettata\" style=\"width:100%;height:100%;object-fit:cover;\" srcset=\"https:\/\/i0.wp.com\/astrobrain.site\/wp-content\/uploads\/2025\/02\/img-2xBwLdP23UI5Vv0PJq2YI-1.webp?w=1280&amp;ssl=1 1280w, https:\/\/i0.wp.com\/astrobrain.site\/wp-content\/uploads\/2025\/02\/img-2xBwLdP23UI5Vv0PJq2YI-1.webp?resize=300%2C169&amp;ssl=1 300w, https:\/\/i0.wp.com\/astrobrain.site\/wp-content\/uploads\/2025\/02\/img-2xBwLdP23UI5Vv0PJq2YI-1.webp?resize=1024%2C576&amp;ssl=1 1024w, https:\/\/i0.wp.com\/astrobrain.site\/wp-content\/uploads\/2025\/02\/img-2xBwLdP23UI5Vv0PJq2YI-1.webp?resize=768%2C432&amp;ssl=1 768w, https:\/\/i0.wp.com\/astrobrain.site\/wp-content\/uploads\/2025\/02\/img-2xBwLdP23UI5Vv0PJq2YI-1.webp?resize=600%2C338&amp;ssl=1 600w\" sizes=\"auto, (max-width: 1200px) 100vw, 1200px\" \/><\/a><\/figure><\/div>\n\n\n\n<div class=\"wp-block-column is-vertically-aligned-center is-layout-flow wp-block-column-is-layout-flow\" style=\"flex-basis:66.66%\">\n<div class=\"wp-block-group is-vertical is-layout-flex wp-container-core-group-is-layout-c88e71c7 wp-block-group-is-layout-flex\">\n<div class=\"wp-block-group is-vertical is-layout-flex wp-container-core-group-is-layout-8cf370e7 wp-block-group-is-layout-flex\"><h2 style=\"font-style:normal;font-weight:500;\" class=\"nfd-text-balance wp-block-post-title\"><a href=\"https:\/\/astrobrain.site\/it\/due-cicli-lunari-e-urano-uninfluenza-inaspettata\/\" target=\"_self\" >Due cicli lunari e Urano &#8211; un&#8217;influenza inaspettata<\/a><\/h2>\n\n<div class=\"nfd-text-balance wp-block-post-excerpt\"><p class=\"wp-block-post-excerpt__excerpt\">Questa Luna piena in Leone, che sta avvenendo proprio ora, \u00e8 in realt\u00e0 un punto di rivalutazione personale. Anche quando non ci sono pianeti o punti nel segno&hellip;<\/p><p class=\"wp-block-post-excerpt__more-text\"><a class=\"wp-block-post-excerpt__more-link\" href=\"https:\/\/astrobrain.site\/it\/due-cicli-lunari-e-urano-uninfluenza-inaspettata\/\"><strong>Continua a leggere<\/strong><\/a><\/p><\/div><\/div>\n\n\n\n<div class=\"wp-block-group nfd-gap-md  nfd-text-base is-content-justification-left is-layout-flex wp-container-core-group-is-layout-76ea2f42 wp-block-group-is-layout-flex\">\n<div class=\"wp-block-group\" style=\"border-left-width:2px;min-height:0.85em\"><div class=\"wp-block-group__inner-container is-layout-constrained wp-block-group-is-layout-constrained\"><\/div><\/div>\n\n\n<div class=\"nfd-text-faded wp-block-post-date\"><time datetime=\"2025-02-12T23:26:36+00:00\">12 Febbraio 2025<\/time><\/div><\/div>\n<\/div>\n<\/div>\n<\/div>\n\n<\/li><li class=\"wp-block-post post-4557 post type-post status-publish format-standard has-post-thumbnail hentry category-personale category-tarocchi\">\n\n<div class=\"wp-block-columns is-layout-flex wp-container-core-columns-is-layout-2f387617 wp-block-columns-is-layout-flex\">\n<div class=\"wp-block-column is-layout-flow wp-block-column-is-layout-flow\" style=\"flex-basis:30%\"><figure style=\"aspect-ratio:1;width:100%;\" class=\"nfd-rounded-md wp-block-post-featured-image\"><a href=\"https:\/\/astrobrain.site\/it\/usare-i-tarocchi-per-trovare-il-tuo-segno-zodiacale\/\" target=\"_self\"  ><img data-recalc-dims=\"1\" loading=\"lazy\" decoding=\"async\" width=\"1200\" height=\"800\" src=\"https:\/\/i0.wp.com\/astrobrain.site\/wp-content\/uploads\/2025\/02\/iStock-1905743504-scaled.webp?resize=1200%2C800&#038;ssl=1\" class=\"attachment-post-thumbnail size-post-thumbnail wp-post-image\" alt=\"Usare i tarocchi per trovare il tuo ascendente\" style=\"width:100%;height:100%;object-fit:cover;\" srcset=\"https:\/\/i0.wp.com\/astrobrain.site\/wp-content\/uploads\/2025\/02\/iStock-1905743504-scaled.webp?w=2560&amp;ssl=1 2560w, https:\/\/i0.wp.com\/astrobrain.site\/wp-content\/uploads\/2025\/02\/iStock-1905743504-scaled.webp?resize=300%2C200&amp;ssl=1 300w, https:\/\/i0.wp.com\/astrobrain.site\/wp-content\/uploads\/2025\/02\/iStock-1905743504-scaled.webp?resize=1024%2C683&amp;ssl=1 1024w, https:\/\/i0.wp.com\/astrobrain.site\/wp-content\/uploads\/2025\/02\/iStock-1905743504-scaled.webp?resize=768%2C512&amp;ssl=1 768w, https:\/\/i0.wp.com\/astrobrain.site\/wp-content\/uploads\/2025\/02\/iStock-1905743504-scaled.webp?resize=1536%2C1024&amp;ssl=1 1536w, https:\/\/i0.wp.com\/astrobrain.site\/wp-content\/uploads\/2025\/02\/iStock-1905743504-scaled.webp?resize=2048%2C1365&amp;ssl=1 2048w, https:\/\/i0.wp.com\/astrobrain.site\/wp-content\/uploads\/2025\/02\/iStock-1905743504-scaled.webp?resize=930%2C620&amp;ssl=1 930w, https:\/\/i0.wp.com\/astrobrain.site\/wp-content\/uploads\/2025\/02\/iStock-1905743504-scaled.webp?resize=600%2C400&amp;ssl=1 600w, https:\/\/i0.wp.com\/astrobrain.site\/wp-content\/uploads\/2025\/02\/iStock-1905743504-scaled.webp?w=2400&amp;ssl=1 2400w\" sizes=\"auto, (max-width: 1200px) 100vw, 1200px\" \/><\/a><\/figure><\/div>\n\n\n\n<div class=\"wp-block-column is-vertically-aligned-center is-layout-flow wp-block-column-is-layout-flow\" style=\"flex-basis:66.66%\">\n<div class=\"wp-block-group is-vertical is-layout-flex wp-container-core-group-is-layout-c88e71c7 wp-block-group-is-layout-flex\">\n<div class=\"wp-block-group is-vertical is-layout-flex wp-container-core-group-is-layout-8cf370e7 wp-block-group-is-layout-flex\"><h2 style=\"font-style:normal;font-weight:500;\" class=\"nfd-text-balance wp-block-post-title\"><a href=\"https:\/\/astrobrain.site\/it\/usare-i-tarocchi-per-trovare-il-tuo-segno-zodiacale\/\" target=\"_self\" >Usare i tarocchi per trovare il tuo ascendente<\/a><\/h2>\n\n<div class=\"nfd-text-balance wp-block-post-excerpt\"><p class=\"wp-block-post-excerpt__excerpt\">Uno dei dettagli pi\u00f9 importanti nel calcolo e nell&#8217;interpretazione del tema natale di una persona, se non il pi\u00f9 importante, \u00e8 l&#8217;ora esatta di nascita che fornisce l&#8217;ascendente&hellip;<\/p><p class=\"wp-block-post-excerpt__more-text\"><a class=\"wp-block-post-excerpt__more-link\" href=\"https:\/\/astrobrain.site\/it\/usare-i-tarocchi-per-trovare-il-tuo-segno-zodiacale\/\"><strong>Continua a leggere<\/strong><\/a><\/p><\/div><\/div>\n\n\n\n<div class=\"wp-block-group nfd-gap-md  nfd-text-base is-content-justification-left is-layout-flex wp-container-core-group-is-layout-76ea2f42 wp-block-group-is-layout-flex\">\n<div class=\"wp-block-group\" style=\"border-left-width:2px;min-height:0.85em\"><div class=\"wp-block-group__inner-container is-layout-constrained wp-block-group-is-layout-constrained\"><\/div><\/div>\n\n\n<div class=\"nfd-text-faded wp-block-post-date\"><time datetime=\"2025-02-08T12:22:58+00:00\">8 Febbraio 2025<\/time><\/div><\/div>\n<\/div>\n<\/div>\n<\/div>\n\n<\/li><\/ul>\n\n<nav class=\"wp-block-query-pagination has-normal-font-size is-content-justification-center is-layout-flex wp-container-core-query-pagination-is-layout-16018d1d wp-block-query-pagination-is-layout-flex\" aria-label=\"Paginazione\">\n\n\n<div class=\"wp-block-query-pagination-numbers\"><span aria-label=\"Pagina 1\" aria-current=\"page\" class=\"page-numbers current\">1<\/span>\n<a aria-label=\"Pagina 2\" class=\"page-numbers\" href=\"?query-33-page=2\">2<\/a>\n<a aria-label=\"Pagina 3\" class=\"page-numbers\" href=\"?query-33-page=3\">3<\/a>\n<a aria-label=\"Pagina 4\" class=\"page-numbers\" href=\"?query-33-page=4\">4<\/a><\/div>\n\n<a href=\"\/it\/wp-json\/wp\/v2\/pages\/2572?query-33-page=2\" class=\"wp-block-query-pagination-next\" aria-label=\"Pagina successiva\"><span class='wp-block-query-pagination-next-arrow is-arrow-arrow' aria-hidden='true'>\u2192<\/span><\/a>\n<\/nav><\/div>\n<\/div><\/div>\n\n<div style=\"height:0px\" aria-hidden=\"true\" class=\"wp-block-spacer\"><\/div>\n\n<p><\/p>\n","protected":false},"excerpt":{"rendered":"<p>Le Riflessioni<\/p>\n","protected":false},"author":1,"featured_media":0,"parent":0,"menu_order":0,"comment_status":"closed","ping_status":"closed","template":"","meta":{"neve_meta_sidebar":"","neve_meta_container":"","neve_meta_enable_content_width":"","neve_meta_content_width":0,"neve_meta_title_alignment":"","neve_meta_author_avatar":"","neve_post_elements_order":"","neve_meta_disable_header":"","neve_meta_disable_footer":"","neve_meta_disable_title":"","neve_meta_reading_time":"","footnotes":""},"class_list":["post-2572","page","type-page","status-publish","hentry"],"jetpack_sharing_enabled":true,"_links":{"self":[{"href":"https:\/\/astrobrain.site\/it\/wp-json\/wp\/v2\/pages\/2572","targetHints":{"allow":["GET"]}}],"collection":[{"href":"https:\/\/astrobrain.site\/it\/wp-json\/wp\/v2\/pages"}],"about":[{"href":"https:\/\/astrobrain.site\/it\/wp-json\/wp\/v2\/types\/page"}],"author":[{"embeddable":true,"href":"https:\/\/astrobrain.site\/it\/wp-json\/wp\/v2\/users\/1"}],"replies":[{"embeddable":true,"href":"https:\/\/astrobrain.site\/it\/wp-json\/wp\/v2\/comments?post=2572"}],"version-history":[{"count":14,"href":"https:\/\/astrobrain.site\/it\/wp-json\/wp\/v2\/pages\/2572\/revisions"}],"predecessor-version":[{"id":5977,"href":"https:\/\/astrobrain.site\/it\/wp-json\/wp\/v2\/pages\/2572\/revisions\/5977"}],"wp:attachment":[{"href":"https:\/\/astrobrain.site\/it\/wp-json\/wp\/v2\/media?parent=2572"}],"curies":[{"name":"wp","href":"https:\/\/api.w.org\/{rel}","templated":true}]}}