{"id":2482,"date":"2024-07-20T04:34:11","date_gmt":"2024-07-20T04:34:11","guid":{"rendered":"https:\/\/astrobrain.site\/aloha-2\/"},"modified":"2025-12-18T10:21:32","modified_gmt":"2025-12-18T10:21:32","slug":"aloha-2","status":"publish","type":"page","link":"https:\/\/astrobrain.site\/pl\/","title":{"rendered":"Aloha!"},"content":{"rendered":"\n<div style=\"height:54px\" aria-hidden=\"true\" class=\"wp-block-spacer\"><\/div>\n\n\n\n<img data-recalc-dims=\"1\" decoding=\"async\" class=\"gb-media-e83a1873\" alt=\"\" src=\"https:\/\/i0.wp.com\/astrobrain.site\/wp-content\/uploads\/2025\/01\/iStock-1333819741-1-scaled.webp?w=1200&#038;ssl=1\" title=\"iStock-1333819741\"\/>\n\n\n\n<div style=\"height:54px\" aria-hidden=\"true\" class=\"wp-block-spacer\"><\/div>\n\n\n\n<p>Jestem astrologiem zachodnim, kt\u00f3ry interesuje si\u0119 astrologi\u0105 od czas\u00f3w nastoletnich. Moj\u0105 pasj\u0105 jest czytanie i interpretacja horoskop\u00f3w oraz innych temat\u00f3w zwi\u0105zanych z astrologi\u0105, takich jak astrologia mundalna. <\/p>\n\n\n\n<p>Niedawno zda\u0142em egzamin kompetencyjny CAPISAR (<a href=\"http:\/\/capisar.org\">http:\/\/capisar.org<\/a>), do\u015b\u0107 obszerny i wszechstronny egzamin z astrologii, a tak\u017ce uko\u0144czy\u0142em 2 kursy w <a href=\"https:\/\/courses.theastrologyschool.com\/\">http:\/\/theastrlogyschool.com<\/a> &#8211; astrologi\u0119 hellenistyczn\u0105 i rektyfikacj\u0119 czasu urodzenia.<\/p>\n\n\n\n<p>Opr\u00f3cz pewnych rozwa\u017ca\u0144 na temat astrologii, oferuj\u0119 tutaj 3 us\u0142ugi:<\/p>\n\n\n\n<ol class=\"wp-block-list\">\n<li style=\"margin-right:var(--wp--preset--spacing--50);margin-left:var(--wp--preset--spacing--50)\">Odczyt na rok do przodu (co najmniej 500 s\u0142\u00f3w) w formie odpowiedzi na pytanie oparte na horoskopie urodzeniowym.<\/li>\n\n\n\n<li style=\"margin-right:var(--wp--preset--spacing--50);margin-left:var(--wp--preset--spacing--50)\">Darmowe czytanie tarota jedn\u0105 z 3 znanych metod: RWS, Thoth lub Marsylsk\u0105.<\/li>\n\n\n\n<li style=\"margin-right:var(--wp--preset--spacing--50);margin-left:var(--wp--preset--spacing--50)\">Rektyfikacja czasu urodzenia dost\u0119pna jest w 3 wariantach, w zale\u017cno\u015bci od dok\u0142adno\u015bci, jak\u0105 posiadasz odno\u015bnie swojej godziny urodzenia. Ka\u017cdy wariant ma inn\u0105 cen\u0119, zale\u017cn\u0105 od z\u0142o\u017cono\u015bci procesu rektyfikacji:  \n<ul class=\"wp-block-list\">\n<li style=\"margin-right:var(--wp--preset--spacing--50);margin-left:var(--wp--preset--spacing--50)\">dla tych z przybli\u017conym czasem urodzenia w zakresie 6 godzin.<\/li>\n\n\n\n<li style=\"margin-right:var(--wp--preset--spacing--50);margin-left:var(--wp--preset--spacing--50)\">dla os\u00f3b ze znan\u0105 przybli\u017con\u0105 godzin\u0105 urodzenia w przedziale 12 godzin. <\/li>\n\n\n\n<li style=\"margin-right:var(--wp--preset--spacing--50);margin-left:var(--wp--preset--spacing--50)\">oraz dla tych, kt\u00f3rzy znaj\u0105 tylko dat\u0119 urodzenia, bez przybli\u017conej godziny (zakres 24-godzinny).  <br><\/li>\n<\/ul>\n<\/li>\n<\/ol>\n\n\n\n<p>Sprawd\u017a moj\u0105 stron\u0119 Sklep, \u017ceby zobaczy\u0107 oferty, i wpadnij na m\u00f3j Blog po rozwa\u017cania:<\/p>\n\n\n\n<div class=\"wp-block-buttons is-layout-flex wp-block-buttons-is-layout-flex\">\n<div class=\"wp-block-button\"><a class=\"wp-block-button__link wp-element-button\" href=\"https:\/\/astrobrain.site\/pl\/sklep\/\">Sklep<\/a><\/div>\n\n\n\n<div class=\"wp-block-button\"><a class=\"wp-block-button__link wp-element-button\" href=\"https:\/\/astrobrain.site\/pl\/blog\/\">Blog<\/a><\/div>\n\n\n<\/div>\n\n\n\n<p><\/p>\n","protected":false},"excerpt":{"rendered":"<p>Jestem astrologiem zachodnim, kt\u00f3ry interesuje si\u0119 astrologi\u0105 od czas\u00f3w nastoletnich. Moj\u0105 pasj\u0105 jest czytanie i interpretacja horoskop\u00f3w oraz innych temat\u00f3w zwi\u0105zanych z astrologi\u0105, takich jak astrologia mundalna. Niedawno zda\u0142em egzamin kompetencyjny CAPISAR (http:\/\/capisar.org), do\u015b\u0107 obszerny i wszechstronny egzamin z astrologii, a tak\u017ce uko\u0144czy\u0142em 2 kursy w http:\/\/theastrlogyschool.com &#8211; astrologi\u0119 hellenistyczn\u0105 i rektyfikacj\u0119 czasu urodzenia. Opr\u00f3cz&hellip;&nbsp;<a href=\"https:\/\/astrobrain.site\/pl\/\" rel=\"bookmark\">Read More &raquo;<span class=\"screen-reader-text\">Aloha!<\/span><\/a><\/p>\n","protected":false},"author":1,"featured_media":4214,"parent":0,"menu_order":0,"comment_status":"closed","ping_status":"closed","template":"","meta":{"neve_meta_sidebar":"","neve_meta_container":"","neve_meta_enable_content_width":"","neve_meta_content_width":0,"neve_meta_title_alignment":"","neve_meta_author_avatar":"","neve_post_elements_order":"","neve_meta_disable_header":"","neve_meta_disable_footer":"","neve_meta_disable_title":"","neve_meta_reading_time":"","footnotes":""},"class_list":["post-2482","page","type-page","status-publish","has-post-thumbnail","hentry"],"jetpack_sharing_enabled":true,"_links":{"self":[{"href":"https:\/\/astrobrain.site\/pl\/wp-json\/wp\/v2\/pages\/2482","targetHints":{"allow":["GET"]}}],"collection":[{"href":"https:\/\/astrobrain.site\/pl\/wp-json\/wp\/v2\/pages"}],"about":[{"href":"https:\/\/astrobrain.site\/pl\/wp-json\/wp\/v2\/types\/page"}],"author":[{"embeddable":true,"href":"https:\/\/astrobrain.site\/pl\/wp-json\/wp\/v2\/users\/1"}],"replies":[{"embeddable":true,"href":"https:\/\/astrobrain.site\/pl\/wp-json\/wp\/v2\/comments?post=2482"}],"version-history":[{"count":20,"href":"https:\/\/astrobrain.site\/pl\/wp-json\/wp\/v2\/pages\/2482\/revisions"}],"predecessor-version":[{"id":8600,"href":"https:\/\/astrobrain.site\/pl\/wp-json\/wp\/v2\/pages\/2482\/revisions\/8600"}],"wp:featuredmedia":[{"embeddable":true,"href":"https:\/\/astrobrain.site\/pl\/wp-json\/wp\/v2\/media\/4214"}],"wp:attachment":[{"href":"https:\/\/astrobrain.site\/pl\/wp-json\/wp\/v2\/media?parent=2482"}],"curies":[{"name":"wp","href":"https:\/\/api.w.org\/{rel}","templated":true}]}}