{"id":2557,"date":"2024-07-16T17:48:23","date_gmt":"2024-07-16T17:48:23","guid":{"rendered":"https:\/\/astrobrain.site\/blog\/"},"modified":"2025-11-26T19:29:38","modified_gmt":"2025-11-26T19:29:38","slug":"blog","status":"publish","type":"page","link":"https:\/\/astrobrain.site\/pl\/blog\/","title":{"rendered":"Blog"},"content":{"rendered":"\n<div style=\"background-image:url(&apos;https:\/\/astrobrain.site\/wp-content\/uploads\/2024\/12\/guyongroundbooks-3.jpg&apos;);background-position:50% 50%;background-repeat:no-repeat;background-size:contain;\" class=\"wp-block-group nfd-container nfd-p-lg nfd-bg-surface nfd-theme-white is-style-nfd-theme-white has-background\"><div class=\"wp-block-group__inner-container is-layout-constrained wp-block-group-is-layout-constrained\">\n<div class=\"wp-block-group has-contrast-3-color has-text-color has-link-color wp-elements-fff8d6c66b87d0a6cdeb687e4ad82f8c is-vertical is-content-justification-center is-layout-flex wp-container-core-group-is-layout-4b2eccd6 wp-block-group-is-layout-flex\">\n<h1 class=\"wp-block-heading has-text-align-center nfd-text-giga nfd-text-contrast nfd-text-balance has-nv-light-bg-color has-text-color has-link-color wp-elements-254b993df49078ed17571337fc81c0e2\" style=\"margin-top:0px;margin-bottom:0px;padding-top:185px;padding-bottom:185px\">Przemy\u015blenia<\/h1>\n<\/div>\n<\/div><\/div>\n\n<div style=\"height:100px\" aria-hidden=\"true\" class=\"wp-block-spacer\"><\/div>\n\n<div class=\"wp-block-group nfd-container nfd-px-md nfd-bg-surface nfd-theme-light is-style-nfd-theme-light\"><div class=\"wp-block-group__inner-container is-layout-constrained wp-block-group-is-layout-constrained\">\n<div class=\"wp-block-query nfd-query-loop-1 is-layout-flow wp-block-query-is-layout-flow\"><ul class=\"wp-block-post-template is-layout-flow wp-block-post-template-is-layout-flow\"><li class=\"wp-block-post post-8666 post type-post status-publish format-standard has-post-thumbnail hentry category-astrologia category-bez-kategorii category-osobiste\">\n\n<div class=\"wp-block-columns is-layout-flex wp-container-core-columns-is-layout-2f387617 wp-block-columns-is-layout-flex\">\n<div class=\"wp-block-column is-layout-flow wp-block-column-is-layout-flow\" style=\"flex-basis:30%\"><figure style=\"aspect-ratio:1;width:100%;\" class=\"nfd-rounded-md wp-block-post-featured-image\"><a href=\"https:\/\/astrobrain.site\/pl\/wykorzystanie-cyklu-jowisza-zmien-swoj-dom-w-tym-roku\/\" target=\"_self\"  ><img data-recalc-dims=\"1\" loading=\"lazy\" decoding=\"async\" width=\"1024\" height=\"768\" src=\"https:\/\/i0.wp.com\/astrobrain.site\/wp-content\/uploads\/2025\/12\/image-3.png?resize=1024%2C768&#038;ssl=1\" class=\"attachment-post-thumbnail size-post-thumbnail wp-post-image\" alt=\"Wykorzystanie cyklu Jowisza: Zmie\u0144 sw\u00f3j dom w tym roku\" style=\"width:100%;height:100%;object-fit:cover;\" srcset=\"https:\/\/i0.wp.com\/astrobrain.site\/wp-content\/uploads\/2025\/12\/image-3.png?w=1024&amp;ssl=1 1024w, https:\/\/i0.wp.com\/astrobrain.site\/wp-content\/uploads\/2025\/12\/image-3.png?resize=300%2C225&amp;ssl=1 300w, https:\/\/i0.wp.com\/astrobrain.site\/wp-content\/uploads\/2025\/12\/image-3.png?resize=768%2C576&amp;ssl=1 768w, https:\/\/i0.wp.com\/astrobrain.site\/wp-content\/uploads\/2025\/12\/image-3.png?resize=600%2C450&amp;ssl=1 600w\" sizes=\"auto, (max-width: 1024px) 100vw, 1024px\" \/><\/a><\/figure><\/div>\n\n\n\n<div class=\"wp-block-column is-vertically-aligned-center is-layout-flow wp-block-column-is-layout-flow\" style=\"flex-basis:66.66%\">\n<div class=\"wp-block-group is-vertical is-layout-flex wp-container-core-group-is-layout-c88e71c7 wp-block-group-is-layout-flex\">\n<div class=\"wp-block-group is-vertical is-layout-flex wp-container-core-group-is-layout-8cf370e7 wp-block-group-is-layout-flex\"><h2 style=\"font-style:normal;font-weight:500;\" class=\"nfd-text-balance wp-block-post-title\"><a href=\"https:\/\/astrobrain.site\/pl\/wykorzystanie-cyklu-jowisza-zmien-swoj-dom-w-tym-roku\/\" target=\"_self\" >Wykorzystanie cyklu Jowisza: Zmie\u0144 sw\u00f3j dom w tym roku<\/a><\/h2>\n\n<div class=\"nfd-text-balance wp-block-post-excerpt\"><p class=\"wp-block-post-excerpt__excerpt\">Zbli\u017ca si\u0119 zmiana roku kalendarzowego, tworz\u0105c okazj\u0119 do podsumowa\u0144 i nowych pocz\u0105tk\u00f3w. Ale astrologicznie to w\u0142a\u015bciwie \u015brodek innego rodzaju roku &#8211; roku cyklu Jowisza. Ta planeta potrzebuje oko\u0142o&hellip;<\/p><p class=\"wp-block-post-excerpt__more-text\"><a class=\"wp-block-post-excerpt__more-link\" href=\"https:\/\/astrobrain.site\/pl\/wykorzystanie-cyklu-jowisza-zmien-swoj-dom-w-tym-roku\/\"><strong>Czytaj dalej<\/strong><\/a><\/p><\/div><\/div>\n\n\n\n<div class=\"wp-block-group nfd-gap-md  nfd-text-base is-content-justification-left is-layout-flex wp-container-core-group-is-layout-76ea2f42 wp-block-group-is-layout-flex\">\n<div class=\"wp-block-group\" style=\"border-left-width:2px;min-height:0.85em\"><div class=\"wp-block-group__inner-container is-layout-constrained wp-block-group-is-layout-constrained\"><\/div><\/div>\n\n\n<div class=\"nfd-text-faded wp-block-post-date\"><time datetime=\"2025-12-25T22:24:47+00:00\">2025-12-25<\/time><\/div><\/div>\n<\/div>\n<\/div>\n<\/div>\n\n<\/li><li class=\"wp-block-post post-8523 post type-post status-publish format-standard has-post-thumbnail hentry category-astrologia category-bez-kategorii category-kultura category-osobiste category-przyziemny\">\n\n<div class=\"wp-block-columns is-layout-flex wp-container-core-columns-is-layout-2f387617 wp-block-columns-is-layout-flex\">\n<div class=\"wp-block-column is-layout-flow wp-block-column-is-layout-flow\" style=\"flex-basis:30%\"><figure style=\"aspect-ratio:1;width:100%;\" class=\"nfd-rounded-md wp-block-post-featured-image\"><a href=\"https:\/\/astrobrain.site\/pl\/astrologiczny-koniec-roku-kosmiczne-zmiany-i-ich-wplyw\/\" target=\"_self\"  ><img data-recalc-dims=\"1\" loading=\"lazy\" decoding=\"async\" width=\"1200\" height=\"648\" src=\"https:\/\/i0.wp.com\/astrobrain.site\/wp-content\/uploads\/2025\/12\/getimg_ai_img-jNiOuOFuE1ZuawprKf6UV.webp?resize=1200%2C648&#038;ssl=1\" class=\"attachment-post-thumbnail size-post-thumbnail wp-post-image\" alt=\"Astrologiczny koniec roku: Kosmiczne zmiany i ich wp\u0142yw\" style=\"width:100%;height:100%;object-fit:cover;\" srcset=\"https:\/\/i0.wp.com\/astrobrain.site\/wp-content\/uploads\/2025\/12\/getimg_ai_img-jNiOuOFuE1ZuawprKf6UV.webp?w=1392&amp;ssl=1 1392w, https:\/\/i0.wp.com\/astrobrain.site\/wp-content\/uploads\/2025\/12\/getimg_ai_img-jNiOuOFuE1ZuawprKf6UV.webp?resize=300%2C162&amp;ssl=1 300w, https:\/\/i0.wp.com\/astrobrain.site\/wp-content\/uploads\/2025\/12\/getimg_ai_img-jNiOuOFuE1ZuawprKf6UV.webp?resize=1024%2C553&amp;ssl=1 1024w, https:\/\/i0.wp.com\/astrobrain.site\/wp-content\/uploads\/2025\/12\/getimg_ai_img-jNiOuOFuE1ZuawprKf6UV.webp?resize=768%2C415&amp;ssl=1 768w, https:\/\/i0.wp.com\/astrobrain.site\/wp-content\/uploads\/2025\/12\/getimg_ai_img-jNiOuOFuE1ZuawprKf6UV.webp?resize=600%2C324&amp;ssl=1 600w\" sizes=\"auto, (max-width: 1200px) 100vw, 1200px\" \/><\/a><\/figure><\/div>\n\n\n\n<div class=\"wp-block-column is-vertically-aligned-center is-layout-flow wp-block-column-is-layout-flow\" style=\"flex-basis:66.66%\">\n<div class=\"wp-block-group is-vertical is-layout-flex wp-container-core-group-is-layout-c88e71c7 wp-block-group-is-layout-flex\">\n<div class=\"wp-block-group is-vertical is-layout-flex wp-container-core-group-is-layout-8cf370e7 wp-block-group-is-layout-flex\"><h2 style=\"font-style:normal;font-weight:500;\" class=\"nfd-text-balance wp-block-post-title\"><a href=\"https:\/\/astrobrain.site\/pl\/astrologiczny-koniec-roku-kosmiczne-zmiany-i-ich-wplyw\/\" target=\"_self\" >Astrologiczny koniec roku: Kosmiczne zmiany i ich wp\u0142yw<\/a><\/h2>\n\n<div class=\"nfd-text-balance wp-block-post-excerpt\"><p class=\"wp-block-post-excerpt__excerpt\">Czy istnieje astrologiczne zako\u0144czenie roku, kt\u00f3re mo\u017cna powi\u0105za\u0107 z ko\u0144cem stworzonego przez cz\u0142owieka roku kalendarzowego? W\u015br\u00f3d astrolog\u00f3w, szczeg\u00f3lnie tych tradycyjnych, powszechnie przyjmuje si\u0119, \u017ce cykle i zjawiska astrologiczne&hellip;<\/p><p class=\"wp-block-post-excerpt__more-text\"><a class=\"wp-block-post-excerpt__more-link\" href=\"https:\/\/astrobrain.site\/pl\/astrologiczny-koniec-roku-kosmiczne-zmiany-i-ich-wplyw\/\"><strong>Czytaj dalej<\/strong><\/a><\/p><\/div><\/div>\n\n\n\n<div class=\"wp-block-group nfd-gap-md  nfd-text-base is-content-justification-left is-layout-flex wp-container-core-group-is-layout-76ea2f42 wp-block-group-is-layout-flex\">\n<div class=\"wp-block-group\" style=\"border-left-width:2px;min-height:0.85em\"><div class=\"wp-block-group__inner-container is-layout-constrained wp-block-group-is-layout-constrained\"><\/div><\/div>\n\n\n<div class=\"nfd-text-faded wp-block-post-date\"><time datetime=\"2025-12-13T23:34:57+00:00\">2025-12-13<\/time><\/div><\/div>\n<\/div>\n<\/div>\n<\/div>\n\n<\/li><li class=\"wp-block-post post-8354 post type-post status-publish format-standard has-post-thumbnail hentry category-astrologia category-osobiste\">\n\n<div class=\"wp-block-columns is-layout-flex wp-container-core-columns-is-layout-2f387617 wp-block-columns-is-layout-flex\">\n<div class=\"wp-block-column is-layout-flow wp-block-column-is-layout-flow\" style=\"flex-basis:30%\"><figure style=\"aspect-ratio:1;width:100%;\" class=\"nfd-rounded-md wp-block-post-featured-image\"><a href=\"https:\/\/astrobrain.site\/pl\/potezny-wplyw-zacmien\/\" target=\"_self\"  ><img data-recalc-dims=\"1\" loading=\"lazy\" decoding=\"async\" width=\"1200\" height=\"648\" src=\"https:\/\/i0.wp.com\/astrobrain.site\/wp-content\/uploads\/2025\/12\/getimg_ai_img-MCRbeSnVWC2yrzBQyVxSh.webp?resize=1200%2C648&#038;ssl=1\" class=\"attachment-post-thumbnail size-post-thumbnail wp-post-image\" alt=\"Pot\u0119\u017cny wp\u0142yw za\u0107mie\u0144\" style=\"width:100%;height:100%;object-fit:cover;\" srcset=\"https:\/\/i0.wp.com\/astrobrain.site\/wp-content\/uploads\/2025\/12\/getimg_ai_img-MCRbeSnVWC2yrzBQyVxSh.webp?w=1392&amp;ssl=1 1392w, https:\/\/i0.wp.com\/astrobrain.site\/wp-content\/uploads\/2025\/12\/getimg_ai_img-MCRbeSnVWC2yrzBQyVxSh.webp?resize=300%2C162&amp;ssl=1 300w, https:\/\/i0.wp.com\/astrobrain.site\/wp-content\/uploads\/2025\/12\/getimg_ai_img-MCRbeSnVWC2yrzBQyVxSh.webp?resize=1024%2C553&amp;ssl=1 1024w, https:\/\/i0.wp.com\/astrobrain.site\/wp-content\/uploads\/2025\/12\/getimg_ai_img-MCRbeSnVWC2yrzBQyVxSh.webp?resize=768%2C415&amp;ssl=1 768w, https:\/\/i0.wp.com\/astrobrain.site\/wp-content\/uploads\/2025\/12\/getimg_ai_img-MCRbeSnVWC2yrzBQyVxSh.webp?resize=600%2C324&amp;ssl=1 600w\" sizes=\"auto, (max-width: 1200px) 100vw, 1200px\" \/><\/a><\/figure><\/div>\n\n\n\n<div class=\"wp-block-column is-vertically-aligned-center is-layout-flow wp-block-column-is-layout-flow\" style=\"flex-basis:66.66%\">\n<div class=\"wp-block-group is-vertical is-layout-flex wp-container-core-group-is-layout-c88e71c7 wp-block-group-is-layout-flex\">\n<div class=\"wp-block-group is-vertical is-layout-flex wp-container-core-group-is-layout-8cf370e7 wp-block-group-is-layout-flex\"><h2 style=\"font-style:normal;font-weight:500;\" class=\"nfd-text-balance wp-block-post-title\"><a href=\"https:\/\/astrobrain.site\/pl\/potezny-wplyw-zacmien\/\" target=\"_self\" >Pot\u0119\u017cny wp\u0142yw za\u0107mie\u0144<\/a><\/h2>\n\n<div class=\"nfd-text-balance wp-block-post-excerpt\"><p class=\"wp-block-post-excerpt__excerpt\">Mimo \u017ce obecnie nie mamy sezonu za\u0107mie\u0144, warto wspomnie\u0107 o mo\u017cliwym wp\u0142ywie tych zjawisk, zw\u0142aszcza \u017ce ich efekty trwaj\u0105 znacznie d\u0142u\u017cej ni\u017c sam moment ich wyst\u0105pienia. W\u015br\u00f3d astrolog\u00f3w&hellip;<\/p><p class=\"wp-block-post-excerpt__more-text\"><a class=\"wp-block-post-excerpt__more-link\" href=\"https:\/\/astrobrain.site\/pl\/potezny-wplyw-zacmien\/\"><strong>Czytaj dalej<\/strong><\/a><\/p><\/div><\/div>\n\n\n\n<div class=\"wp-block-group nfd-gap-md  nfd-text-base is-content-justification-left is-layout-flex wp-container-core-group-is-layout-76ea2f42 wp-block-group-is-layout-flex\">\n<div class=\"wp-block-group\" style=\"border-left-width:2px;min-height:0.85em\"><div class=\"wp-block-group__inner-container is-layout-constrained wp-block-group-is-layout-constrained\"><\/div><\/div>\n\n\n<div class=\"nfd-text-faded wp-block-post-date\"><time datetime=\"2025-12-06T23:20:17+00:00\">2025-12-06<\/time><\/div><\/div>\n<\/div>\n<\/div>\n<\/div>\n\n<\/li><li class=\"wp-block-post post-6352 post type-post status-publish format-standard has-post-thumbnail hentry category-tarot-pl\">\n\n<div class=\"wp-block-columns is-layout-flex wp-container-core-columns-is-layout-2f387617 wp-block-columns-is-layout-flex\">\n<div class=\"wp-block-column is-layout-flow wp-block-column-is-layout-flow\" style=\"flex-basis:30%\"><figure style=\"aspect-ratio:1;width:100%;\" class=\"nfd-rounded-md wp-block-post-featured-image\"><a href=\"https:\/\/astrobrain.site\/pl\/ulepszona-somnia-tarot\/\" target=\"_self\"  ><img data-recalc-dims=\"1\" loading=\"lazy\" decoding=\"async\" width=\"1200\" height=\"1030\" src=\"https:\/\/i0.wp.com\/astrobrain.site\/wp-content\/uploads\/2025\/11\/IMG_4638-scaled.webp?resize=1200%2C1030&#038;ssl=1\" class=\"attachment-post-thumbnail size-post-thumbnail wp-post-image\" alt=\"Ulepszona Somnia Tarot\" style=\"width:100%;height:100%;object-fit:cover;\" srcset=\"https:\/\/i0.wp.com\/astrobrain.site\/wp-content\/uploads\/2025\/11\/IMG_4638-scaled.webp?w=2560&amp;ssl=1 2560w, https:\/\/i0.wp.com\/astrobrain.site\/wp-content\/uploads\/2025\/11\/IMG_4638-scaled.webp?resize=300%2C257&amp;ssl=1 300w, https:\/\/i0.wp.com\/astrobrain.site\/wp-content\/uploads\/2025\/11\/IMG_4638-scaled.webp?resize=1024%2C879&amp;ssl=1 1024w, https:\/\/i0.wp.com\/astrobrain.site\/wp-content\/uploads\/2025\/11\/IMG_4638-scaled.webp?resize=768%2C659&amp;ssl=1 768w, https:\/\/i0.wp.com\/astrobrain.site\/wp-content\/uploads\/2025\/11\/IMG_4638-scaled.webp?resize=1536%2C1318&amp;ssl=1 1536w, https:\/\/i0.wp.com\/astrobrain.site\/wp-content\/uploads\/2025\/11\/IMG_4638-scaled.webp?resize=2048%2C1758&amp;ssl=1 2048w, https:\/\/i0.wp.com\/astrobrain.site\/wp-content\/uploads\/2025\/11\/IMG_4638-scaled.webp?resize=600%2C515&amp;ssl=1 600w, https:\/\/i0.wp.com\/astrobrain.site\/wp-content\/uploads\/2025\/11\/IMG_4638-scaled.webp?w=2400&amp;ssl=1 2400w\" sizes=\"auto, (max-width: 1200px) 100vw, 1200px\" \/><\/a><\/figure><\/div>\n\n\n\n<div class=\"wp-block-column is-vertically-aligned-center is-layout-flow wp-block-column-is-layout-flow\" style=\"flex-basis:66.66%\">\n<div class=\"wp-block-group is-vertical is-layout-flex wp-container-core-group-is-layout-c88e71c7 wp-block-group-is-layout-flex\">\n<div class=\"wp-block-group is-vertical is-layout-flex wp-container-core-group-is-layout-8cf370e7 wp-block-group-is-layout-flex\"><h2 style=\"font-style:normal;font-weight:500;\" class=\"nfd-text-balance wp-block-post-title\"><a href=\"https:\/\/astrobrain.site\/pl\/ulepszona-somnia-tarot\/\" target=\"_self\" >Ulepszona Somnia Tarot<\/a><\/h2>\n\n<div class=\"nfd-text-balance wp-block-post-excerpt\"><p class=\"wp-block-post-excerpt__excerpt\">Oko\u0142o rok temu kupi\u0142em co\u015b, o czym \u015bni\u0142em nie tak dawno wcze\u015bniej. Zwykle nie pami\u0119tam zbyt wiele ze swoich sn\u00f3w, ale tym razem obudzi\u0142em si\u0119 zaraz po tym,&hellip;<\/p><p class=\"wp-block-post-excerpt__more-text\"><a class=\"wp-block-post-excerpt__more-link\" href=\"https:\/\/astrobrain.site\/pl\/ulepszona-somnia-tarot\/\"><strong>Czytaj dalej<\/strong><\/a><\/p><\/div><\/div>\n\n\n\n<div class=\"wp-block-group nfd-gap-md  nfd-text-base is-content-justification-left is-layout-flex wp-container-core-group-is-layout-76ea2f42 wp-block-group-is-layout-flex\">\n<div class=\"wp-block-group\" style=\"border-left-width:2px;min-height:0.85em\"><div class=\"wp-block-group__inner-container is-layout-constrained wp-block-group-is-layout-constrained\"><\/div><\/div>\n\n\n<div class=\"nfd-text-faded wp-block-post-date\"><time datetime=\"2025-11-29T22:41:02+00:00\">2025-11-29<\/time><\/div><\/div>\n<\/div>\n<\/div>\n<\/div>\n\n<\/li><li class=\"wp-block-post post-4686 post type-post status-publish format-standard has-post-thumbnail hentry category-osobiste\">\n\n<div class=\"wp-block-columns is-layout-flex wp-container-core-columns-is-layout-2f387617 wp-block-columns-is-layout-flex\">\n<div class=\"wp-block-column is-layout-flow wp-block-column-is-layout-flow\" style=\"flex-basis:30%\"><figure style=\"aspect-ratio:1;width:100%;\" class=\"nfd-rounded-md wp-block-post-featured-image\"><a href=\"https:\/\/astrobrain.site\/pl\/dwa-cykle-ksiezycowe-i-uran-nieoczekiwany-wplyw\/\" target=\"_self\"  ><img data-recalc-dims=\"1\" loading=\"lazy\" decoding=\"async\" width=\"1200\" height=\"675\" src=\"https:\/\/i0.wp.com\/astrobrain.site\/wp-content\/uploads\/2025\/02\/img-2xBwLdP23UI5Vv0PJq2YI-1.webp?resize=1200%2C675&#038;ssl=1\" class=\"attachment-post-thumbnail size-post-thumbnail wp-post-image\" alt=\"Dwa cykle ksi\u0119\u017cycowe i Uran &#8211; nieoczekiwany wp\u0142yw\" style=\"width:100%;height:100%;object-fit:cover;\" srcset=\"https:\/\/i0.wp.com\/astrobrain.site\/wp-content\/uploads\/2025\/02\/img-2xBwLdP23UI5Vv0PJq2YI-1.webp?w=1280&amp;ssl=1 1280w, https:\/\/i0.wp.com\/astrobrain.site\/wp-content\/uploads\/2025\/02\/img-2xBwLdP23UI5Vv0PJq2YI-1.webp?resize=300%2C169&amp;ssl=1 300w, https:\/\/i0.wp.com\/astrobrain.site\/wp-content\/uploads\/2025\/02\/img-2xBwLdP23UI5Vv0PJq2YI-1.webp?resize=1024%2C576&amp;ssl=1 1024w, https:\/\/i0.wp.com\/astrobrain.site\/wp-content\/uploads\/2025\/02\/img-2xBwLdP23UI5Vv0PJq2YI-1.webp?resize=768%2C432&amp;ssl=1 768w, https:\/\/i0.wp.com\/astrobrain.site\/wp-content\/uploads\/2025\/02\/img-2xBwLdP23UI5Vv0PJq2YI-1.webp?resize=600%2C338&amp;ssl=1 600w\" sizes=\"auto, (max-width: 1200px) 100vw, 1200px\" \/><\/a><\/figure><\/div>\n\n\n\n<div class=\"wp-block-column is-vertically-aligned-center is-layout-flow wp-block-column-is-layout-flow\" style=\"flex-basis:66.66%\">\n<div class=\"wp-block-group is-vertical is-layout-flex wp-container-core-group-is-layout-c88e71c7 wp-block-group-is-layout-flex\">\n<div class=\"wp-block-group is-vertical is-layout-flex wp-container-core-group-is-layout-8cf370e7 wp-block-group-is-layout-flex\"><h2 style=\"font-style:normal;font-weight:500;\" class=\"nfd-text-balance wp-block-post-title\"><a href=\"https:\/\/astrobrain.site\/pl\/dwa-cykle-ksiezycowe-i-uran-nieoczekiwany-wplyw\/\" target=\"_self\" >Dwa cykle ksi\u0119\u017cycowe i Uran &#8211; nieoczekiwany wp\u0142yw<\/a><\/h2>\n\n<div class=\"nfd-text-balance wp-block-post-excerpt\"><p class=\"wp-block-post-excerpt__excerpt\">Ta pe\u0142nia Ksi\u0119\u017cyca w Lwie, kt\u00f3ra ma miejsce w\u0142a\u015bnie teraz, jest tak naprawd\u0119 momentem osobistej ponownej oceny. Nawet gdy w znaku pe\u0142ni Ksi\u0119\u017cyca nie ma planet ani punkt\u00f3w,&hellip;<\/p><p class=\"wp-block-post-excerpt__more-text\"><a class=\"wp-block-post-excerpt__more-link\" href=\"https:\/\/astrobrain.site\/pl\/dwa-cykle-ksiezycowe-i-uran-nieoczekiwany-wplyw\/\"><strong>Czytaj dalej<\/strong><\/a><\/p><\/div><\/div>\n\n\n\n<div class=\"wp-block-group nfd-gap-md  nfd-text-base is-content-justification-left is-layout-flex wp-container-core-group-is-layout-76ea2f42 wp-block-group-is-layout-flex\">\n<div class=\"wp-block-group\" style=\"border-left-width:2px;min-height:0.85em\"><div class=\"wp-block-group__inner-container is-layout-constrained wp-block-group-is-layout-constrained\"><\/div><\/div>\n\n\n<div class=\"nfd-text-faded wp-block-post-date\"><time datetime=\"2025-02-12T23:26:36+00:00\">2025-02-12<\/time><\/div><\/div>\n<\/div>\n<\/div>\n<\/div>\n\n<\/li><li class=\"wp-block-post post-4560 post type-post status-publish format-standard has-post-thumbnail hentry category-osobiste category-tarot-pl\">\n\n<div class=\"wp-block-columns is-layout-flex wp-container-core-columns-is-layout-2f387617 wp-block-columns-is-layout-flex\">\n<div class=\"wp-block-column is-layout-flow wp-block-column-is-layout-flow\" style=\"flex-basis:30%\"><figure style=\"aspect-ratio:1;width:100%;\" class=\"nfd-rounded-md wp-block-post-featured-image\"><a href=\"https:\/\/astrobrain.site\/pl\/uzywanie-tarota-do-znalezienia-swojego-znaku-wschodzacego\/\" target=\"_self\"  ><img data-recalc-dims=\"1\" loading=\"lazy\" decoding=\"async\" width=\"1200\" height=\"800\" src=\"https:\/\/i0.wp.com\/astrobrain.site\/wp-content\/uploads\/2025\/02\/iStock-1905743504-scaled.webp?resize=1200%2C800&#038;ssl=1\" class=\"attachment-post-thumbnail size-post-thumbnail wp-post-image\" alt=\"U\u017cywanie Tarota do odkrycia Twojego znaku wschodz\u0105cego\" style=\"width:100%;height:100%;object-fit:cover;\" srcset=\"https:\/\/i0.wp.com\/astrobrain.site\/wp-content\/uploads\/2025\/02\/iStock-1905743504-scaled.webp?w=2560&amp;ssl=1 2560w, https:\/\/i0.wp.com\/astrobrain.site\/wp-content\/uploads\/2025\/02\/iStock-1905743504-scaled.webp?resize=300%2C200&amp;ssl=1 300w, https:\/\/i0.wp.com\/astrobrain.site\/wp-content\/uploads\/2025\/02\/iStock-1905743504-scaled.webp?resize=1024%2C683&amp;ssl=1 1024w, https:\/\/i0.wp.com\/astrobrain.site\/wp-content\/uploads\/2025\/02\/iStock-1905743504-scaled.webp?resize=768%2C512&amp;ssl=1 768w, https:\/\/i0.wp.com\/astrobrain.site\/wp-content\/uploads\/2025\/02\/iStock-1905743504-scaled.webp?resize=1536%2C1024&amp;ssl=1 1536w, https:\/\/i0.wp.com\/astrobrain.site\/wp-content\/uploads\/2025\/02\/iStock-1905743504-scaled.webp?resize=2048%2C1365&amp;ssl=1 2048w, https:\/\/i0.wp.com\/astrobrain.site\/wp-content\/uploads\/2025\/02\/iStock-1905743504-scaled.webp?resize=930%2C620&amp;ssl=1 930w, https:\/\/i0.wp.com\/astrobrain.site\/wp-content\/uploads\/2025\/02\/iStock-1905743504-scaled.webp?resize=600%2C400&amp;ssl=1 600w, https:\/\/i0.wp.com\/astrobrain.site\/wp-content\/uploads\/2025\/02\/iStock-1905743504-scaled.webp?w=2400&amp;ssl=1 2400w\" sizes=\"auto, (max-width: 1200px) 100vw, 1200px\" \/><\/a><\/figure><\/div>\n\n\n\n<div class=\"wp-block-column is-vertically-aligned-center is-layout-flow wp-block-column-is-layout-flow\" style=\"flex-basis:66.66%\">\n<div class=\"wp-block-group is-vertical is-layout-flex wp-container-core-group-is-layout-c88e71c7 wp-block-group-is-layout-flex\">\n<div class=\"wp-block-group is-vertical is-layout-flex wp-container-core-group-is-layout-8cf370e7 wp-block-group-is-layout-flex\"><h2 style=\"font-style:normal;font-weight:500;\" class=\"nfd-text-balance wp-block-post-title\"><a href=\"https:\/\/astrobrain.site\/pl\/uzywanie-tarota-do-znalezienia-swojego-znaku-wschodzacego\/\" target=\"_self\" >U\u017cywanie Tarota do odkrycia Twojego znaku wschodz\u0105cego<\/a><\/h2>\n\n<div class=\"nfd-text-balance wp-block-post-excerpt\"><p class=\"wp-block-post-excerpt__excerpt\">Jednym z najwa\u017cniejszych, je\u015bli nie najwa\u017cniejszym, elementem w obliczaniu i interpretacji horoskopu urodzeniowego jest dok\u0142adna godzina urodzenia, kt\u00f3ra okre\u015bla ascendent, a wraz z nim konfiguracj\u0119 po\u0142o\u017cenia planet i&hellip;<\/p><p class=\"wp-block-post-excerpt__more-text\"><a class=\"wp-block-post-excerpt__more-link\" href=\"https:\/\/astrobrain.site\/pl\/uzywanie-tarota-do-znalezienia-swojego-znaku-wschodzacego\/\"><strong>Czytaj dalej<\/strong><\/a><\/p><\/div><\/div>\n\n\n\n<div class=\"wp-block-group nfd-gap-md  nfd-text-base is-content-justification-left is-layout-flex wp-container-core-group-is-layout-76ea2f42 wp-block-group-is-layout-flex\">\n<div class=\"wp-block-group\" style=\"border-left-width:2px;min-height:0.85em\"><div class=\"wp-block-group__inner-container is-layout-constrained wp-block-group-is-layout-constrained\"><\/div><\/div>\n\n\n<div class=\"nfd-text-faded wp-block-post-date\"><time datetime=\"2025-02-08T12:22:58+00:00\">2025-02-08<\/time><\/div><\/div>\n<\/div>\n<\/div>\n<\/div>\n\n<\/li><\/ul>\n\n<nav class=\"wp-block-query-pagination has-normal-font-size is-content-justification-center is-layout-flex wp-container-core-query-pagination-is-layout-16018d1d wp-block-query-pagination-is-layout-flex\" aria-label=\"Stronicowanie\">\n\n\n<div class=\"wp-block-query-pagination-numbers\"><span aria-label=\"Strona 1\" aria-current=\"page\" class=\"page-numbers current\">1<\/span>\n<a aria-label=\"Strona 2\" class=\"page-numbers\" href=\"?query-33-page=2\">2<\/a>\n<a aria-label=\"Strona 3\" class=\"page-numbers\" href=\"?query-33-page=3\">3<\/a>\n<a aria-label=\"Strona 4\" class=\"page-numbers\" href=\"?query-33-page=4\">4<\/a><\/div>\n\n<a href=\"\/pl\/wp-json\/wp\/v2\/pages\/2557?query-33-page=2\" class=\"wp-block-query-pagination-next\" aria-label=\"Nast\u0119pna strona\"><span class='wp-block-query-pagination-next-arrow is-arrow-arrow' aria-hidden='true'>\u2192<\/span><\/a>\n<\/nav><\/div>\n<\/div><\/div>\n\n<div style=\"height:0px\" aria-hidden=\"true\" class=\"wp-block-spacer\"><\/div>\n\n<p><\/p>\n","protected":false},"excerpt":{"rendered":"<p>Przemy\u015blenia<\/p>\n","protected":false},"author":1,"featured_media":0,"parent":0,"menu_order":0,"comment_status":"closed","ping_status":"closed","template":"","meta":{"neve_meta_sidebar":"","neve_meta_container":"","neve_meta_enable_content_width":"","neve_meta_content_width":0,"neve_meta_title_alignment":"","neve_meta_author_avatar":"","neve_post_elements_order":"","neve_meta_disable_header":"","neve_meta_disable_footer":"","neve_meta_disable_title":"","neve_meta_reading_time":"","footnotes":""},"class_list":["post-2557","page","type-page","status-publish","hentry"],"jetpack_sharing_enabled":true,"_links":{"self":[{"href":"https:\/\/astrobrain.site\/pl\/wp-json\/wp\/v2\/pages\/2557","targetHints":{"allow":["GET"]}}],"collection":[{"href":"https:\/\/astrobrain.site\/pl\/wp-json\/wp\/v2\/pages"}],"about":[{"href":"https:\/\/astrobrain.site\/pl\/wp-json\/wp\/v2\/types\/page"}],"author":[{"embeddable":true,"href":"https:\/\/astrobrain.site\/pl\/wp-json\/wp\/v2\/users\/1"}],"replies":[{"embeddable":true,"href":"https:\/\/astrobrain.site\/pl\/wp-json\/wp\/v2\/comments?post=2557"}],"version-history":[{"count":14,"href":"https:\/\/astrobrain.site\/pl\/wp-json\/wp\/v2\/pages\/2557\/revisions"}],"predecessor-version":[{"id":5974,"href":"https:\/\/astrobrain.site\/pl\/wp-json\/wp\/v2\/pages\/2557\/revisions\/5974"}],"wp:attachment":[{"href":"https:\/\/astrobrain.site\/pl\/wp-json\/wp\/v2\/media?parent=2557"}],"curies":[{"name":"wp","href":"https:\/\/api.w.org\/{rel}","templated":true}]}}