{"id":2611,"date":"2024-11-13T22:33:55","date_gmt":"2024-11-13T22:33:55","guid":{"rendered":"https:\/\/astrobrain.site\/product\/krotki-odczyt-wykresu-urodzeniowego\/"},"modified":"2025-12-01T15:33:54","modified_gmt":"2025-12-01T15:33:54","slug":"krotki-odczyt-wykresu-urodzeniowego","status":"publish","type":"product","link":"https:\/\/astrobrain.site\/pl\/produkt\/krotki-odczyt-wykresu-urodzeniowego\/","title":{"rendered":"Analiza horoskopu urodzeniowego"},"content":{"rendered":"<p style=\"text-align: left;\">Odpowied\u017a na Twoje pytanie, oparta na r\u00f3\u017cnych narz\u0119dziach astrologicznych. W co najmniej 500 s\u0142owach. <\/p>\n<p>Niekt\u00f3re z narz\u0119dzi, kt\u00f3rych u\u017cywam, to roczne profekcje i uwalnianie zodiakalne (astrologia hellenistyczna), tranzyty, a tak\u017ce powroty s\u0142oneczne i progresje.<\/p>\n<p>Dostarczane w formacie PDF przez e-mail.<\/p>\n<p>Mo\u017cesz przes\u0142a\u0107 mi swoje pytanie oraz miejsce, dat\u0119 i dok\u0142adn\u0105 godzin\u0119 urodzenia dla horoskopu na adres <a href=\"mailto:astrobrain.site@gmail.com\">astrobrain.site@gmail.com<\/a>.<\/p>\n<p>&nbsp;<\/p>\n<p>&nbsp;<\/p>\n<p>&nbsp;<\/p>\n","protected":false},"excerpt":{"rendered":"<p>Analiza horoskopu urodzeniowego na nadchodz\u0105cy rok na podstawie przes\u0142anego pisemnego pytania. Zobacz szczeg\u00f3\u0142y poni\u017cej. <\/p>\n<p>&nbsp;<\/p>\n<p>&nbsp;<\/p>\n","protected":false},"featured_media":1729,"comment_status":"closed","ping_status":"closed","template":"","meta":{"neve_meta_sidebar":"","neve_meta_container":"","neve_meta_enable_content_width":"off","neve_meta_content_width":100,"neve_meta_title_alignment":"","neve_meta_author_avatar":"","neve_post_elements_order":"","neve_meta_disable_header":"","neve_meta_disable_footer":"","neve_meta_disable_title":"","neve_meta_reading_time":""},"product_brand":[],"product_cat":[154],"product_tag":[168,155,169],"class_list":{"0":"post-2611","1":"product","2":"type-product","3":"status-publish","4":"has-post-thumbnail","6":"product_cat-oferty","7":"product_tag-astrologia-pl","8":"product_tag-czytanie","9":"product_tag-wykres-urodzeniowy","11":"first","12":"instock","13":"virtual","14":"purchasable","15":"product-type-simple"},"jetpack_sharing_enabled":true,"_links":{"self":[{"href":"https:\/\/astrobrain.site\/pl\/wp-json\/wp\/v2\/product\/2611","targetHints":{"allow":["GET"]}}],"collection":[{"href":"https:\/\/astrobrain.site\/pl\/wp-json\/wp\/v2\/product"}],"about":[{"href":"https:\/\/astrobrain.site\/pl\/wp-json\/wp\/v2\/types\/product"}],"replies":[{"embeddable":true,"href":"https:\/\/astrobrain.site\/pl\/wp-json\/wp\/v2\/comments?post=2611"}],"wp:featuredmedia":[{"embeddable":true,"href":"https:\/\/astrobrain.site\/pl\/wp-json\/wp\/v2\/media\/1729"}],"wp:attachment":[{"href":"https:\/\/astrobrain.site\/pl\/wp-json\/wp\/v2\/media?parent=2611"}],"wp:term":[{"taxonomy":"product_brand","embeddable":true,"href":"https:\/\/astrobrain.site\/pl\/wp-json\/wp\/v2\/product_brand?post=2611"},{"taxonomy":"product_cat","embeddable":true,"href":"https:\/\/astrobrain.site\/pl\/wp-json\/wp\/v2\/product_cat?post=2611"},{"taxonomy":"product_tag","embeddable":true,"href":"https:\/\/astrobrain.site\/pl\/wp-json\/wp\/v2\/product_tag?post=2611"}],"curies":[{"name":"wp","href":"https:\/\/api.w.org\/{rel}","templated":true}]}}