{"id":2625,"date":"2024-11-13T21:03:36","date_gmt":"2024-11-13T21:03:36","guid":{"rendered":"https:\/\/astrobrain.site\/product\/korekta-czasu-urodzenia\/"},"modified":"2025-12-15T09:40:15","modified_gmt":"2025-12-15T09:40:15","slug":"korekta-czasu-urodzenia","status":"publish","type":"product","link":"https:\/\/astrobrain.site\/pl\/produkt\/korekta-czasu-urodzenia\/","title":{"rendered":"Rektyfikacja czasu urodzenia"},"content":{"rendered":"<p>Oferuj\u0119 rektyfikacj\u0119 czasu urodzenia na podstawie listy wa\u017cnych wydarze\u0144 \u017cyciowych i ich dat, kt\u00f3re mi dostarczysz.<\/p>\n<p>Proces opiera si\u0119 na technikach astrologii hellenistycznej i tranzytach.<\/p>\n<p>Ko\u0144cowy rezultat b\u0119dzie zawiera\u0142 ustalony czas urodzenia.<\/p>\n<p>Dla najlepszych wynik\u00f3w, prosz\u0119 poda\u0107 list\u0119 5-10 wydarze\u0144 \u017cyciowych z dok\u0142adnymi datami. Mo\u017cesz przes\u0142a\u0107 te informacje na adres <a href=\"mailto:astrobrain.site@gmail.com\">astrobrain.site@gmail.com<\/a> <\/p>\n","protected":false},"excerpt":{"rendered":"<p>To dok\u0142adna analiza danego horoskopu urodzeniowego, wykorzystuj\u0105ca zakres czasowy kilku godzin (6, 12 lub 24), wraz z kilkoma g\u0142\u00f3wnymi wydarzeniami \u017cyciowymi (5-10). Szczeg\u00f3\u0142y poni\u017cej. <\/p>\n","protected":false},"featured_media":1669,"comment_status":"closed","ping_status":"closed","template":"","meta":{"neve_meta_sidebar":"","neve_meta_container":"","neve_meta_enable_content_width":"off","neve_meta_content_width":100,"neve_meta_title_alignment":"","neve_meta_author_avatar":"","neve_post_elements_order":"","neve_meta_disable_header":"","neve_meta_disable_footer":"","neve_meta_disable_title":"","neve_meta_reading_time":""},"product_brand":[],"product_cat":[154],"product_tag":[168,196,195],"class_list":{"0":"post-2625","1":"product","2":"type-product","3":"status-publish","4":"has-post-thumbnail","6":"product_cat-oferty","7":"product_tag-astrologia-pl","8":"product_tag-czas-urodzenia","9":"product_tag-rektyfikacja","11":"first","12":"instock","13":"shipping-taxable","14":"purchasable","15":"product-type-variable"},"jetpack_sharing_enabled":true,"_links":{"self":[{"href":"https:\/\/astrobrain.site\/pl\/wp-json\/wp\/v2\/product\/2625","targetHints":{"allow":["GET"]}}],"collection":[{"href":"https:\/\/astrobrain.site\/pl\/wp-json\/wp\/v2\/product"}],"about":[{"href":"https:\/\/astrobrain.site\/pl\/wp-json\/wp\/v2\/types\/product"}],"replies":[{"embeddable":true,"href":"https:\/\/astrobrain.site\/pl\/wp-json\/wp\/v2\/comments?post=2625"}],"wp:featuredmedia":[{"embeddable":true,"href":"https:\/\/astrobrain.site\/pl\/wp-json\/wp\/v2\/media\/1669"}],"wp:attachment":[{"href":"https:\/\/astrobrain.site\/pl\/wp-json\/wp\/v2\/media?parent=2625"}],"wp:term":[{"taxonomy":"product_brand","embeddable":true,"href":"https:\/\/astrobrain.site\/pl\/wp-json\/wp\/v2\/product_brand?post=2625"},{"taxonomy":"product_cat","embeddable":true,"href":"https:\/\/astrobrain.site\/pl\/wp-json\/wp\/v2\/product_cat?post=2625"},{"taxonomy":"product_tag","embeddable":true,"href":"https:\/\/astrobrain.site\/pl\/wp-json\/wp\/v2\/product_tag?post=2625"}],"curies":[{"name":"wp","href":"https:\/\/api.w.org\/{rel}","templated":true}]}}