{"id":8007,"date":"2024-07-16T17:48:23","date_gmt":"2024-07-16T17:48:23","guid":{"rendered":"https:\/\/astrobrain.site\/blog\/"},"modified":"2025-12-09T00:20:48","modified_gmt":"2025-12-09T00:20:48","slug":"blog","status":"publish","type":"page","link":"https:\/\/astrobrain.site\/pt-br\/blog\/","title":{"rendered":"Blog"},"content":{"rendered":"\n<div style=\"background-image:url(&apos;https:\/\/astrobrain.site\/wp-content\/uploads\/2024\/12\/guyongroundbooks-3.jpg&apos;);background-position:50% 50%;background-repeat:no-repeat;background-size:contain;\" class=\"wp-block-group nfd-container nfd-p-lg nfd-bg-surface nfd-theme-white is-style-nfd-theme-white has-background\"><div class=\"wp-block-group__inner-container is-layout-constrained wp-block-group-is-layout-constrained\">\n<div class=\"wp-block-group has-contrast-3-color has-text-color has-link-color wp-elements-29bd04c895943734f52af10ba9990951 is-vertical is-content-justification-center is-layout-flex wp-container-core-group-is-layout-4b2eccd6 wp-block-group-is-layout-flex\">\n<h1 class=\"wp-block-heading has-text-align-center nfd-text-giga nfd-text-contrast nfd-text-balance has-nv-light-bg-color has-text-color has-link-color wp-elements-718d544506c5a39a525e2b1fecb21b63\" style=\"margin-top:0px;margin-bottom:0px;padding-top:185px;padding-bottom:185px\">As Reflex\u00f5es<\/h1>\n<\/div>\n<\/div><\/div>\n\n<div style=\"height:100px\" aria-hidden=\"true\" class=\"wp-block-spacer\"><\/div>\n\n<div class=\"wp-block-group nfd-container nfd-px-md nfd-bg-surface nfd-theme-light is-style-nfd-theme-light\"><div class=\"wp-block-group__inner-container is-layout-constrained wp-block-group-is-layout-constrained\">\n<div class=\"wp-block-query nfd-query-loop-1 is-layout-flow wp-block-query-is-layout-flow\"><ul class=\"wp-block-post-template is-layout-flow wp-block-post-template-is-layout-flow\"><li class=\"wp-block-post post-8648 post type-post status-publish format-standard has-post-thumbnail hentry category-astrologia category-pessoal category-uncategorized\">\n\n<div class=\"wp-block-columns is-layout-flex wp-container-core-columns-is-layout-2f387617 wp-block-columns-is-layout-flex\">\n<div class=\"wp-block-column is-layout-flow wp-block-column-is-layout-flow\" style=\"flex-basis:30%\"><figure style=\"aspect-ratio:1;width:100%;\" class=\"nfd-rounded-md wp-block-post-featured-image\"><a href=\"https:\/\/astrobrain.site\/pt-br\/aproveitando-o-ciclo-de-jupiter-transforme-a-sua-casa-este-ano\/\" target=\"_self\"  ><img data-recalc-dims=\"1\" loading=\"lazy\" decoding=\"async\" width=\"1024\" height=\"768\" src=\"https:\/\/i0.wp.com\/astrobrain.site\/wp-content\/uploads\/2025\/12\/image-3.png?resize=1024%2C768&#038;ssl=1\" class=\"attachment-post-thumbnail size-post-thumbnail wp-post-image\" alt=\"Aproveitando o Ciclo de J\u00fapiter: Transforme a Sua Casa Este Ano\" style=\"width:100%;height:100%;object-fit:cover;\" srcset=\"https:\/\/i0.wp.com\/astrobrain.site\/wp-content\/uploads\/2025\/12\/image-3.png?w=1024&amp;ssl=1 1024w, https:\/\/i0.wp.com\/astrobrain.site\/wp-content\/uploads\/2025\/12\/image-3.png?resize=300%2C225&amp;ssl=1 300w, https:\/\/i0.wp.com\/astrobrain.site\/wp-content\/uploads\/2025\/12\/image-3.png?resize=768%2C576&amp;ssl=1 768w, https:\/\/i0.wp.com\/astrobrain.site\/wp-content\/uploads\/2025\/12\/image-3.png?resize=600%2C450&amp;ssl=1 600w\" sizes=\"auto, (max-width: 1024px) 100vw, 1024px\" \/><\/a><\/figure><\/div>\n\n\n\n<div class=\"wp-block-column is-vertically-aligned-center is-layout-flow wp-block-column-is-layout-flow\" style=\"flex-basis:66.66%\">\n<div class=\"wp-block-group is-vertical is-layout-flex wp-container-core-group-is-layout-c88e71c7 wp-block-group-is-layout-flex\">\n<div class=\"wp-block-group is-vertical is-layout-flex wp-container-core-group-is-layout-8cf370e7 wp-block-group-is-layout-flex\"><h2 style=\"font-style:normal;font-weight:500;\" class=\"nfd-text-balance wp-block-post-title\"><a href=\"https:\/\/astrobrain.site\/pt-br\/aproveitando-o-ciclo-de-jupiter-transforme-a-sua-casa-este-ano\/\" target=\"_self\" >Aproveitando o Ciclo de J\u00fapiter: Transforme a Sua Casa Este Ano<\/a><\/h2>\n\n<div class=\"nfd-text-balance wp-block-post-excerpt\"><p class=\"wp-block-post-excerpt__excerpt\">A mudan\u00e7a do ano civil aproxima-se, criando a oportunidade para resumir e come\u00e7ar de novo. Mas astrologicamente, \u00e9 na verdade o meio de um tipo diferente de ano&hellip;<\/p><p class=\"wp-block-post-excerpt__more-text\"><a class=\"wp-block-post-excerpt__more-link\" href=\"https:\/\/astrobrain.site\/pt-br\/aproveitando-o-ciclo-de-jupiter-transforme-a-sua-casa-este-ano\/\"><strong>Continuar a ler<\/strong><\/a><\/p><\/div><\/div>\n\n\n\n<div class=\"wp-block-group nfd-gap-md  nfd-text-base is-content-justification-left is-layout-flex wp-container-core-group-is-layout-76ea2f42 wp-block-group-is-layout-flex\">\n<div class=\"wp-block-group\" style=\"border-left-width:2px;min-height:0.85em\"><div class=\"wp-block-group__inner-container is-layout-constrained wp-block-group-is-layout-constrained\"><\/div><\/div>\n\n\n<div class=\"nfd-text-faded wp-block-post-date\"><time datetime=\"2025-12-25T22:24:47+00:00\">25 de dezembro de 2025<\/time><\/div><\/div>\n<\/div>\n<\/div>\n<\/div>\n\n<\/li><li class=\"wp-block-post post-8483 post type-post status-publish format-standard has-post-thumbnail hentry category-astrologia category-cultura category-mundano category-pessoal category-uncategorized\">\n\n<div class=\"wp-block-columns is-layout-flex wp-container-core-columns-is-layout-2f387617 wp-block-columns-is-layout-flex\">\n<div class=\"wp-block-column is-layout-flow wp-block-column-is-layout-flow\" style=\"flex-basis:30%\"><figure style=\"aspect-ratio:1;width:100%;\" class=\"nfd-rounded-md wp-block-post-featured-image\"><a href=\"https:\/\/astrobrain.site\/pt-br\/fim-de-ano-astrologico-mudancas-cosmicas-e-seu-impacto\/\" target=\"_self\"  ><img data-recalc-dims=\"1\" loading=\"lazy\" decoding=\"async\" width=\"1200\" height=\"648\" src=\"https:\/\/i0.wp.com\/astrobrain.site\/wp-content\/uploads\/2025\/12\/getimg_ai_img-jNiOuOFuE1ZuawprKf6UV.webp?resize=1200%2C648&#038;ssl=1\" class=\"attachment-post-thumbnail size-post-thumbnail wp-post-image\" alt=\"Fim de Ano Astrol\u00f3gico: Mudan\u00e7as C\u00f3smicas e Seu Impacto\" style=\"width:100%;height:100%;object-fit:cover;\" srcset=\"https:\/\/i0.wp.com\/astrobrain.site\/wp-content\/uploads\/2025\/12\/getimg_ai_img-jNiOuOFuE1ZuawprKf6UV.webp?w=1392&amp;ssl=1 1392w, https:\/\/i0.wp.com\/astrobrain.site\/wp-content\/uploads\/2025\/12\/getimg_ai_img-jNiOuOFuE1ZuawprKf6UV.webp?resize=300%2C162&amp;ssl=1 300w, https:\/\/i0.wp.com\/astrobrain.site\/wp-content\/uploads\/2025\/12\/getimg_ai_img-jNiOuOFuE1ZuawprKf6UV.webp?resize=1024%2C553&amp;ssl=1 1024w, https:\/\/i0.wp.com\/astrobrain.site\/wp-content\/uploads\/2025\/12\/getimg_ai_img-jNiOuOFuE1ZuawprKf6UV.webp?resize=768%2C415&amp;ssl=1 768w, https:\/\/i0.wp.com\/astrobrain.site\/wp-content\/uploads\/2025\/12\/getimg_ai_img-jNiOuOFuE1ZuawprKf6UV.webp?resize=600%2C324&amp;ssl=1 600w\" sizes=\"auto, (max-width: 1200px) 100vw, 1200px\" \/><\/a><\/figure><\/div>\n\n\n\n<div class=\"wp-block-column is-vertically-aligned-center is-layout-flow wp-block-column-is-layout-flow\" style=\"flex-basis:66.66%\">\n<div class=\"wp-block-group is-vertical is-layout-flex wp-container-core-group-is-layout-c88e71c7 wp-block-group-is-layout-flex\">\n<div class=\"wp-block-group is-vertical is-layout-flex wp-container-core-group-is-layout-8cf370e7 wp-block-group-is-layout-flex\"><h2 style=\"font-style:normal;font-weight:500;\" class=\"nfd-text-balance wp-block-post-title\"><a href=\"https:\/\/astrobrain.site\/pt-br\/fim-de-ano-astrologico-mudancas-cosmicas-e-seu-impacto\/\" target=\"_self\" >Fim de Ano Astrol\u00f3gico: Mudan\u00e7as C\u00f3smicas e Seu Impacto<\/a><\/h2>\n\n<div class=\"nfd-text-balance wp-block-post-excerpt\"><p class=\"wp-block-post-excerpt__excerpt\">Existe um fim astrol\u00f3gico do ano que pode ser correlacionado com o fim do ano civil criado pelos humanos? \u00c9 geralmente pressuposto entre os astr\u00f3logos, especialmente os tradicionais,&hellip;<\/p><p class=\"wp-block-post-excerpt__more-text\"><a class=\"wp-block-post-excerpt__more-link\" href=\"https:\/\/astrobrain.site\/pt-br\/fim-de-ano-astrologico-mudancas-cosmicas-e-seu-impacto\/\"><strong>Continuar a ler<\/strong><\/a><\/p><\/div><\/div>\n\n\n\n<div class=\"wp-block-group nfd-gap-md  nfd-text-base is-content-justification-left is-layout-flex wp-container-core-group-is-layout-76ea2f42 wp-block-group-is-layout-flex\">\n<div class=\"wp-block-group\" style=\"border-left-width:2px;min-height:0.85em\"><div class=\"wp-block-group__inner-container is-layout-constrained wp-block-group-is-layout-constrained\"><\/div><\/div>\n\n\n<div class=\"nfd-text-faded wp-block-post-date\"><time datetime=\"2025-12-13T23:34:57+00:00\">13 de dezembro de 2025<\/time><\/div><\/div>\n<\/div>\n<\/div>\n<\/div>\n\n<\/li><li class=\"wp-block-post post-8271 post type-post status-publish format-standard has-post-thumbnail hentry category-astrologia category-pessoal\">\n\n<div class=\"wp-block-columns is-layout-flex wp-container-core-columns-is-layout-2f387617 wp-block-columns-is-layout-flex\">\n<div class=\"wp-block-column is-layout-flow wp-block-column-is-layout-flow\" style=\"flex-basis:30%\"><figure style=\"aspect-ratio:1;width:100%;\" class=\"nfd-rounded-md wp-block-post-featured-image\"><a href=\"https:\/\/astrobrain.site\/pt-br\/o-poderoso-impacto-dos-eclipses\/\" target=\"_self\"  ><img data-recalc-dims=\"1\" loading=\"lazy\" decoding=\"async\" width=\"1200\" height=\"648\" src=\"https:\/\/i0.wp.com\/astrobrain.site\/wp-content\/uploads\/2025\/12\/getimg_ai_img-MCRbeSnVWC2yrzBQyVxSh.webp?resize=1200%2C648&#038;ssl=1\" class=\"attachment-post-thumbnail size-post-thumbnail wp-post-image\" alt=\"O poderoso impacto dos eclipses\" style=\"width:100%;height:100%;object-fit:cover;\" srcset=\"https:\/\/i0.wp.com\/astrobrain.site\/wp-content\/uploads\/2025\/12\/getimg_ai_img-MCRbeSnVWC2yrzBQyVxSh.webp?w=1392&amp;ssl=1 1392w, https:\/\/i0.wp.com\/astrobrain.site\/wp-content\/uploads\/2025\/12\/getimg_ai_img-MCRbeSnVWC2yrzBQyVxSh.webp?resize=300%2C162&amp;ssl=1 300w, https:\/\/i0.wp.com\/astrobrain.site\/wp-content\/uploads\/2025\/12\/getimg_ai_img-MCRbeSnVWC2yrzBQyVxSh.webp?resize=1024%2C553&amp;ssl=1 1024w, https:\/\/i0.wp.com\/astrobrain.site\/wp-content\/uploads\/2025\/12\/getimg_ai_img-MCRbeSnVWC2yrzBQyVxSh.webp?resize=768%2C415&amp;ssl=1 768w, https:\/\/i0.wp.com\/astrobrain.site\/wp-content\/uploads\/2025\/12\/getimg_ai_img-MCRbeSnVWC2yrzBQyVxSh.webp?resize=600%2C324&amp;ssl=1 600w\" sizes=\"auto, (max-width: 1200px) 100vw, 1200px\" \/><\/a><\/figure><\/div>\n\n\n\n<div class=\"wp-block-column is-vertically-aligned-center is-layout-flow wp-block-column-is-layout-flow\" style=\"flex-basis:66.66%\">\n<div class=\"wp-block-group is-vertical is-layout-flex wp-container-core-group-is-layout-c88e71c7 wp-block-group-is-layout-flex\">\n<div class=\"wp-block-group is-vertical is-layout-flex wp-container-core-group-is-layout-8cf370e7 wp-block-group-is-layout-flex\"><h2 style=\"font-style:normal;font-weight:500;\" class=\"nfd-text-balance wp-block-post-title\"><a href=\"https:\/\/astrobrain.site\/pt-br\/o-poderoso-impacto-dos-eclipses\/\" target=\"_self\" >O poderoso impacto dos eclipses<\/a><\/h2>\n\n<div class=\"nfd-text-balance wp-block-post-excerpt\"><p class=\"wp-block-post-excerpt__excerpt\">Mesmo n\u00e3o estando em uma temporada de eclipses agora, vale a pena mencionar a poss\u00edvel influ\u00eancia desses eventos, especialmente quando seus efeitos duram muito al\u00e9m do momento exato&hellip;<\/p><p class=\"wp-block-post-excerpt__more-text\"><a class=\"wp-block-post-excerpt__more-link\" href=\"https:\/\/astrobrain.site\/pt-br\/o-poderoso-impacto-dos-eclipses\/\"><strong>Continuar a ler<\/strong><\/a><\/p><\/div><\/div>\n\n\n\n<div class=\"wp-block-group nfd-gap-md  nfd-text-base is-content-justification-left is-layout-flex wp-container-core-group-is-layout-76ea2f42 wp-block-group-is-layout-flex\">\n<div class=\"wp-block-group\" style=\"border-left-width:2px;min-height:0.85em\"><div class=\"wp-block-group__inner-container is-layout-constrained wp-block-group-is-layout-constrained\"><\/div><\/div>\n\n\n<div class=\"nfd-text-faded wp-block-post-date\"><time datetime=\"2025-12-06T23:20:17+00:00\">6 de dezembro de 2025<\/time><\/div><\/div>\n<\/div>\n<\/div>\n<\/div>\n\n<\/li><li class=\"wp-block-post post-8337 post type-post status-publish format-standard has-post-thumbnail hentry category-taro\">\n\n<div class=\"wp-block-columns is-layout-flex wp-container-core-columns-is-layout-2f387617 wp-block-columns-is-layout-flex\">\n<div class=\"wp-block-column is-layout-flow wp-block-column-is-layout-flow\" style=\"flex-basis:30%\"><figure style=\"aspect-ratio:1;width:100%;\" class=\"nfd-rounded-md wp-block-post-featured-image\"><a href=\"https:\/\/astrobrain.site\/pt-br\/o-taro-somnia-aprimorado\/\" target=\"_self\"  ><img data-recalc-dims=\"1\" loading=\"lazy\" decoding=\"async\" width=\"1200\" height=\"1030\" src=\"https:\/\/i0.wp.com\/astrobrain.site\/wp-content\/uploads\/2025\/11\/IMG_4638-scaled.webp?resize=1200%2C1030&#038;ssl=1\" class=\"attachment-post-thumbnail size-post-thumbnail wp-post-image\" alt=\"O Tar\u00f4 Somnia Aprimorado\" style=\"width:100%;height:100%;object-fit:cover;\" srcset=\"https:\/\/i0.wp.com\/astrobrain.site\/wp-content\/uploads\/2025\/11\/IMG_4638-scaled.webp?w=2560&amp;ssl=1 2560w, https:\/\/i0.wp.com\/astrobrain.site\/wp-content\/uploads\/2025\/11\/IMG_4638-scaled.webp?resize=300%2C257&amp;ssl=1 300w, https:\/\/i0.wp.com\/astrobrain.site\/wp-content\/uploads\/2025\/11\/IMG_4638-scaled.webp?resize=1024%2C879&amp;ssl=1 1024w, https:\/\/i0.wp.com\/astrobrain.site\/wp-content\/uploads\/2025\/11\/IMG_4638-scaled.webp?resize=768%2C659&amp;ssl=1 768w, https:\/\/i0.wp.com\/astrobrain.site\/wp-content\/uploads\/2025\/11\/IMG_4638-scaled.webp?resize=1536%2C1318&amp;ssl=1 1536w, https:\/\/i0.wp.com\/astrobrain.site\/wp-content\/uploads\/2025\/11\/IMG_4638-scaled.webp?resize=2048%2C1758&amp;ssl=1 2048w, https:\/\/i0.wp.com\/astrobrain.site\/wp-content\/uploads\/2025\/11\/IMG_4638-scaled.webp?resize=600%2C515&amp;ssl=1 600w, https:\/\/i0.wp.com\/astrobrain.site\/wp-content\/uploads\/2025\/11\/IMG_4638-scaled.webp?w=2400&amp;ssl=1 2400w\" sizes=\"auto, (max-width: 1200px) 100vw, 1200px\" \/><\/a><\/figure><\/div>\n\n\n\n<div class=\"wp-block-column is-vertically-aligned-center is-layout-flow wp-block-column-is-layout-flow\" style=\"flex-basis:66.66%\">\n<div class=\"wp-block-group is-vertical is-layout-flex wp-container-core-group-is-layout-c88e71c7 wp-block-group-is-layout-flex\">\n<div class=\"wp-block-group is-vertical is-layout-flex wp-container-core-group-is-layout-8cf370e7 wp-block-group-is-layout-flex\"><h2 style=\"font-style:normal;font-weight:500;\" class=\"nfd-text-balance wp-block-post-title\"><a href=\"https:\/\/astrobrain.site\/pt-br\/o-taro-somnia-aprimorado\/\" target=\"_self\" >O Tar\u00f4 Somnia Aprimorado<\/a><\/h2>\n\n<div class=\"nfd-text-balance wp-block-post-excerpt\"><p class=\"wp-block-post-excerpt__excerpt\">H\u00e1 cerca de um ano, comprei algo com que tinha sonhado n\u00e3o muito tempo antes. Normalmente n\u00e3o me lembro muito dos meus sonhos, mas desta vez acordei logo&hellip;<\/p><p class=\"wp-block-post-excerpt__more-text\"><a class=\"wp-block-post-excerpt__more-link\" href=\"https:\/\/astrobrain.site\/pt-br\/o-taro-somnia-aprimorado\/\"><strong>Continuar a ler<\/strong><\/a><\/p><\/div><\/div>\n\n\n\n<div class=\"wp-block-group nfd-gap-md  nfd-text-base is-content-justification-left is-layout-flex wp-container-core-group-is-layout-76ea2f42 wp-block-group-is-layout-flex\">\n<div class=\"wp-block-group\" style=\"border-left-width:2px;min-height:0.85em\"><div class=\"wp-block-group__inner-container is-layout-constrained wp-block-group-is-layout-constrained\"><\/div><\/div>\n\n\n<div class=\"nfd-text-faded wp-block-post-date\"><time datetime=\"2025-11-29T22:41:02+00:00\">29 de novembro de 2025<\/time><\/div><\/div>\n<\/div>\n<\/div>\n<\/div>\n\n<\/li><li class=\"wp-block-post post-8341 post type-post status-publish format-standard has-post-thumbnail hentry category-pessoal\">\n\n<div class=\"wp-block-columns is-layout-flex wp-container-core-columns-is-layout-2f387617 wp-block-columns-is-layout-flex\">\n<div class=\"wp-block-column is-layout-flow wp-block-column-is-layout-flow\" style=\"flex-basis:30%\"><figure style=\"aspect-ratio:1;width:100%;\" class=\"nfd-rounded-md wp-block-post-featured-image\"><a href=\"https:\/\/astrobrain.site\/pt-br\/dois-ciclos-lunares-e-urano-uma-influencia-inesperada\/\" target=\"_self\"  ><img data-recalc-dims=\"1\" loading=\"lazy\" decoding=\"async\" width=\"1200\" height=\"675\" src=\"https:\/\/i0.wp.com\/astrobrain.site\/wp-content\/uploads\/2025\/02\/img-2xBwLdP23UI5Vv0PJq2YI-1.webp?resize=1200%2C675&#038;ssl=1\" class=\"attachment-post-thumbnail size-post-thumbnail wp-post-image\" alt=\"Dois ciclos lunares e Urano &#8211; uma influ\u00eancia inesperada\" style=\"width:100%;height:100%;object-fit:cover;\" srcset=\"https:\/\/i0.wp.com\/astrobrain.site\/wp-content\/uploads\/2025\/02\/img-2xBwLdP23UI5Vv0PJq2YI-1.webp?w=1280&amp;ssl=1 1280w, https:\/\/i0.wp.com\/astrobrain.site\/wp-content\/uploads\/2025\/02\/img-2xBwLdP23UI5Vv0PJq2YI-1.webp?resize=300%2C169&amp;ssl=1 300w, https:\/\/i0.wp.com\/astrobrain.site\/wp-content\/uploads\/2025\/02\/img-2xBwLdP23UI5Vv0PJq2YI-1.webp?resize=1024%2C576&amp;ssl=1 1024w, https:\/\/i0.wp.com\/astrobrain.site\/wp-content\/uploads\/2025\/02\/img-2xBwLdP23UI5Vv0PJq2YI-1.webp?resize=768%2C432&amp;ssl=1 768w, https:\/\/i0.wp.com\/astrobrain.site\/wp-content\/uploads\/2025\/02\/img-2xBwLdP23UI5Vv0PJq2YI-1.webp?resize=600%2C338&amp;ssl=1 600w\" sizes=\"auto, (max-width: 1200px) 100vw, 1200px\" \/><\/a><\/figure><\/div>\n\n\n\n<div class=\"wp-block-column is-vertically-aligned-center is-layout-flow wp-block-column-is-layout-flow\" style=\"flex-basis:66.66%\">\n<div class=\"wp-block-group is-vertical is-layout-flex wp-container-core-group-is-layout-c88e71c7 wp-block-group-is-layout-flex\">\n<div class=\"wp-block-group is-vertical is-layout-flex wp-container-core-group-is-layout-8cf370e7 wp-block-group-is-layout-flex\"><h2 style=\"font-style:normal;font-weight:500;\" class=\"nfd-text-balance wp-block-post-title\"><a href=\"https:\/\/astrobrain.site\/pt-br\/dois-ciclos-lunares-e-urano-uma-influencia-inesperada\/\" target=\"_self\" >Dois ciclos lunares e Urano &#8211; uma influ\u00eancia inesperada<\/a><\/h2>\n\n<div class=\"nfd-text-balance wp-block-post-excerpt\"><p class=\"wp-block-post-excerpt__excerpt\">Esta lua cheia em Le\u00e3o, acontecendo agora, \u00e9, na verdade, um ponto de reavalia\u00e7\u00e3o pessoal. Mesmo quando n\u00e3o h\u00e1 planetas ou pontos no signo da lua cheia, ou&hellip;<\/p><p class=\"wp-block-post-excerpt__more-text\"><a class=\"wp-block-post-excerpt__more-link\" href=\"https:\/\/astrobrain.site\/pt-br\/dois-ciclos-lunares-e-urano-uma-influencia-inesperada\/\"><strong>Continuar a ler<\/strong><\/a><\/p><\/div><\/div>\n\n\n\n<div class=\"wp-block-group nfd-gap-md  nfd-text-base is-content-justification-left is-layout-flex wp-container-core-group-is-layout-76ea2f42 wp-block-group-is-layout-flex\">\n<div class=\"wp-block-group\" style=\"border-left-width:2px;min-height:0.85em\"><div class=\"wp-block-group__inner-container is-layout-constrained wp-block-group-is-layout-constrained\"><\/div><\/div>\n\n\n<div class=\"nfd-text-faded wp-block-post-date\"><time datetime=\"2025-02-12T23:26:36+00:00\">12 de fevereiro de 2025<\/time><\/div><\/div>\n<\/div>\n<\/div>\n<\/div>\n\n<\/li><li class=\"wp-block-post post-8348 post type-post status-publish format-standard has-post-thumbnail hentry category-cultura\">\n\n<div class=\"wp-block-columns is-layout-flex wp-container-core-columns-is-layout-2f387617 wp-block-columns-is-layout-flex\">\n<div class=\"wp-block-column is-layout-flow wp-block-column-is-layout-flow\" style=\"flex-basis:30%\"><figure style=\"aspect-ratio:1;width:100%;\" class=\"nfd-rounded-md wp-block-post-featured-image\"><a href=\"https:\/\/astrobrain.site\/pt-br\/lendo-os-sinais-internos-e-externos-na-cultura-aborigene\/\" target=\"_self\"  ><img data-recalc-dims=\"1\" loading=\"lazy\" decoding=\"async\" width=\"1200\" height=\"675\" src=\"https:\/\/i0.wp.com\/astrobrain.site\/wp-content\/uploads\/2025\/01\/img-VpIQ4PmkagmhFOFnXjH2m.webp?resize=1200%2C675&#038;ssl=1\" class=\"attachment-post-thumbnail size-post-thumbnail wp-post-image\" alt=\"Lendo os sinais internos e externos na cultura abor\u00edgene\" style=\"width:100%;height:100%;object-fit:cover;\" srcset=\"https:\/\/i0.wp.com\/astrobrain.site\/wp-content\/uploads\/2025\/01\/img-VpIQ4PmkagmhFOFnXjH2m.webp?w=1280&amp;ssl=1 1280w, https:\/\/i0.wp.com\/astrobrain.site\/wp-content\/uploads\/2025\/01\/img-VpIQ4PmkagmhFOFnXjH2m.webp?resize=300%2C169&amp;ssl=1 300w, https:\/\/i0.wp.com\/astrobrain.site\/wp-content\/uploads\/2025\/01\/img-VpIQ4PmkagmhFOFnXjH2m.webp?resize=1024%2C576&amp;ssl=1 1024w, https:\/\/i0.wp.com\/astrobrain.site\/wp-content\/uploads\/2025\/01\/img-VpIQ4PmkagmhFOFnXjH2m.webp?resize=768%2C432&amp;ssl=1 768w, https:\/\/i0.wp.com\/astrobrain.site\/wp-content\/uploads\/2025\/01\/img-VpIQ4PmkagmhFOFnXjH2m.webp?resize=600%2C338&amp;ssl=1 600w\" sizes=\"auto, (max-width: 1200px) 100vw, 1200px\" \/><\/a><\/figure><\/div>\n\n\n\n<div class=\"wp-block-column is-vertically-aligned-center is-layout-flow wp-block-column-is-layout-flow\" style=\"flex-basis:66.66%\">\n<div class=\"wp-block-group is-vertical is-layout-flex wp-container-core-group-is-layout-c88e71c7 wp-block-group-is-layout-flex\">\n<div class=\"wp-block-group is-vertical is-layout-flex wp-container-core-group-is-layout-8cf370e7 wp-block-group-is-layout-flex\"><h2 style=\"font-style:normal;font-weight:500;\" class=\"nfd-text-balance wp-block-post-title\"><a href=\"https:\/\/astrobrain.site\/pt-br\/lendo-os-sinais-internos-e-externos-na-cultura-aborigene\/\" target=\"_self\" >Lendo os sinais internos e externos na cultura abor\u00edgene<\/a><\/h2>\n\n<div class=\"nfd-text-balance wp-block-post-excerpt\"><p class=\"wp-block-post-excerpt__excerpt\">Como exemplo de qu\u00e3o profundamente a adivinha\u00e7\u00e3o, a interpreta\u00e7\u00e3o de sinais e a orienta\u00e7\u00e3o espiritual est\u00e3o enraizadas na cultura e hist\u00f3ria humanas, pode-se observar a cultura abor\u00edgene australiana.&hellip;<\/p><p class=\"wp-block-post-excerpt__more-text\"><a class=\"wp-block-post-excerpt__more-link\" href=\"https:\/\/astrobrain.site\/pt-br\/lendo-os-sinais-internos-e-externos-na-cultura-aborigene\/\"><strong>Continuar a ler<\/strong><\/a><\/p><\/div><\/div>\n\n\n\n<div class=\"wp-block-group nfd-gap-md  nfd-text-base is-content-justification-left is-layout-flex wp-container-core-group-is-layout-76ea2f42 wp-block-group-is-layout-flex\">\n<div class=\"wp-block-group\" style=\"border-left-width:2px;min-height:0.85em\"><div class=\"wp-block-group__inner-container is-layout-constrained wp-block-group-is-layout-constrained\"><\/div><\/div>\n\n\n<div class=\"nfd-text-faded wp-block-post-date\"><time datetime=\"2025-01-31T18:50:54+00:00\">31 de janeiro de 2025<\/time><\/div><\/div>\n<\/div>\n<\/div>\n<\/div>\n\n<\/li><\/ul>\n\n<nav class=\"wp-block-query-pagination has-normal-font-size is-content-justification-center is-layout-flex wp-container-core-query-pagination-is-layout-16018d1d wp-block-query-pagination-is-layout-flex\" aria-label=\"Pagina\u00e7\u00e3o\">\n\n\n<div class=\"wp-block-query-pagination-numbers\"><span aria-label=\"Page 1\" aria-current=\"page\" class=\"page-numbers current\">1<\/span>\n<a aria-label=\"Page 2\" class=\"page-numbers\" href=\"?query-33-page=2\">2<\/a>\n<a aria-label=\"Page 3\" class=\"page-numbers\" href=\"?query-33-page=3\">3<\/a>\n<a aria-label=\"Page 4\" class=\"page-numbers\" href=\"?query-33-page=4\">4<\/a><\/div>\n\n<a href=\"\/pt-br\/wp-json\/wp\/v2\/pages\/8007?query-33-page=2\" class=\"wp-block-query-pagination-next\" aria-label=\"Pr\u00f3xima p\u00e1gina\"><span class='wp-block-query-pagination-next-arrow is-arrow-arrow' aria-hidden='true'>\u2192<\/span><\/a>\n<\/nav><\/div>\n<\/div><\/div>\n\n<div style=\"height:0px\" aria-hidden=\"true\" class=\"wp-block-spacer\"><\/div>\n\n<p><\/p>\n","protected":false},"excerpt":{"rendered":"<p>As Reflex\u00f5es<\/p>\n","protected":false},"author":1,"featured_media":0,"parent":0,"menu_order":0,"comment_status":"closed","ping_status":"closed","template":"","meta":{"neve_meta_sidebar":"","neve_meta_container":"","neve_meta_enable_content_width":"","neve_meta_content_width":0,"neve_meta_title_alignment":"","neve_meta_author_avatar":"","neve_post_elements_order":"","neve_meta_disable_header":"","neve_meta_disable_footer":"","neve_meta_disable_title":"","neve_meta_reading_time":"","footnotes":""},"class_list":["post-8007","page","type-page","status-publish","hentry"],"jetpack_sharing_enabled":true,"_links":{"self":[{"href":"https:\/\/astrobrain.site\/pt-br\/wp-json\/wp\/v2\/pages\/8007","targetHints":{"allow":["GET"]}}],"collection":[{"href":"https:\/\/astrobrain.site\/pt-br\/wp-json\/wp\/v2\/pages"}],"about":[{"href":"https:\/\/astrobrain.site\/pt-br\/wp-json\/wp\/v2\/types\/page"}],"author":[{"embeddable":true,"href":"https:\/\/astrobrain.site\/pt-br\/wp-json\/wp\/v2\/users\/1"}],"replies":[{"embeddable":true,"href":"https:\/\/astrobrain.site\/pt-br\/wp-json\/wp\/v2\/comments?post=8007"}],"version-history":[{"count":1,"href":"https:\/\/astrobrain.site\/pt-br\/wp-json\/wp\/v2\/pages\/8007\/revisions"}],"predecessor-version":[{"id":8017,"href":"https:\/\/astrobrain.site\/pt-br\/wp-json\/wp\/v2\/pages\/8007\/revisions\/8017"}],"wp:attachment":[{"href":"https:\/\/astrobrain.site\/pt-br\/wp-json\/wp\/v2\/media?parent=8007"}],"curies":[{"name":"wp","href":"https:\/\/api.w.org\/{rel}","templated":true}]}}