{"id":8042,"date":"2024-07-20T04:34:11","date_gmt":"2024-07-20T04:34:11","guid":{"rendered":"https:\/\/astrobrain.site\/aloha\/"},"modified":"2025-12-18T10:23:22","modified_gmt":"2025-12-18T10:23:22","slug":"aloha","status":"publish","type":"page","link":"https:\/\/astrobrain.site\/pt-br\/","title":{"rendered":"Aloha!"},"content":{"rendered":"\n<div style=\"height:54px\" aria-hidden=\"true\" class=\"wp-block-spacer\"><\/div>\n\n\n\n<img data-recalc-dims=\"1\" decoding=\"async\" class=\"gb-media-e83a1873\" alt=\"\" src=\"https:\/\/i0.wp.com\/astrobrain.site\/wp-content\/uploads\/2025\/01\/iStock-1333819741-1-scaled.webp?w=1200&#038;ssl=1\" title=\"iStock-1333819741\"\/>\n\n\n\n<div style=\"height:54px\" aria-hidden=\"true\" class=\"wp-block-spacer\"><\/div>\n\n\n\n<p>Sou um astr\u00f3logo ocidental que se interessa por astrologia desde a adolesc\u00eancia. Minha paix\u00e3o \u00e9 ler e interpretar mapas astrais e outros t\u00f3picos relacionados \u00e0 astrologia, como astrologia mundana. <\/p>\n\n\n\n<p>Recentemente, passei no exame de compet\u00eancia CAPISAR (<a href=\"http:\/\/capisar.org\">http:\/\/capisar.org<\/a>), um exame bastante extenso e abrangente sobre astrologia, e tamb\u00e9m completei 2 cursos com <a href=\"https:\/\/courses.theastrologyschool.com\/\">http:\/\/theastrlogyschool.com<\/a> &#8211; astrologia helen\u00edstica e Retifica\u00e7\u00e3o do Hor\u00e1rio de Nascimento.<\/p>\n\n\n\n<p>Al\u00e9m de algumas reflex\u00f5es sobre astrologia, estou oferecendo aqui 3 servi\u00e7os:<\/p>\n\n\n\n<ol class=\"wp-block-list\">\n<li style=\"margin-right:var(--wp--preset--spacing--50);margin-left:var(--wp--preset--spacing--50)\">Leitura do ano \u00e0 frente (pelo menos 500 palavras) em forma de resposta a uma pergunta baseada no mapa astral.<\/li>\n\n\n\n<li style=\"margin-right:var(--wp--preset--spacing--50);margin-left:var(--wp--preset--spacing--50)\">Leitura de tarot gratuita em um dos 3 m\u00e9todos conhecidos: RWS, Thoth ou Marselha.<\/li>\n\n\n\n<li style=\"margin-right:var(--wp--preset--spacing--50);margin-left:var(--wp--preset--spacing--50)\">A retifica\u00e7\u00e3o da hora de nascimento est\u00e1 dispon\u00edvel em 3 n\u00edveis, de acordo com o n\u00edvel de precis\u00e3o que tens sobre a tua hora de nascimento. Cada n\u00edvel tem um pre\u00e7o diferente com base na complexidade do processo de retifica\u00e7\u00e3o:  \n<ul class=\"wp-block-list\">\n<li style=\"margin-right:var(--wp--preset--spacing--50);margin-left:var(--wp--preset--spacing--50)\">para aqueles com um hor\u00e1rio de nascimento aproximado dentro de um intervalo de 6 horas.<\/li>\n\n\n\n<li style=\"margin-right:var(--wp--preset--spacing--50);margin-left:var(--wp--preset--spacing--50)\">para quem tem uma hora de nascimento aproximada dentro de um intervalo de 12 horas. <\/li>\n\n\n\n<li style=\"margin-right:var(--wp--preset--spacing--50);margin-left:var(--wp--preset--spacing--50)\">e para quem s\u00f3 sabe a data de nascimento, sem hora aproximada (intervalo de 24 horas). <br><\/li>\n<\/ul>\n<\/li>\n<\/ol>\n\n\n\n<p>Confira minha p\u00e1gina da Loja para as ofertas e d\u00ea uma passada no meu Blog para as reflex\u00f5es:<\/p>\n\n\n\n<div class=\"wp-block-buttons is-layout-flex wp-block-buttons-is-layout-flex\">\n<div class=\"wp-block-button\"><a class=\"wp-block-button__link wp-element-button\" href=\"https:\/\/astrobrain.site\/pt-br\/loja\/\">Loja<\/a><\/div>\n\n\n\n<div class=\"wp-block-button\"><a class=\"wp-block-button__link wp-element-button\" href=\"https:\/\/astrobrain.site\/pt-br\/blog\/\">Blog<\/a><\/div>\n\n\n<\/div>\n\n\n\n<p><\/p>\n","protected":false},"excerpt":{"rendered":"<p>Sou um astr\u00f3logo ocidental que se interessa por astrologia desde a adolesc\u00eancia. Minha paix\u00e3o \u00e9 ler e interpretar mapas astrais e outros t\u00f3picos relacionados \u00e0 astrologia, como astrologia mundana. Recentemente, passei no exame de compet\u00eancia CAPISAR (http:\/\/capisar.org), um exame bastante extenso e abrangente sobre astrologia, e tamb\u00e9m completei 2 cursos com http:\/\/theastrlogyschool.com &#8211; astrologia helen\u00edstica&hellip;&nbsp;<a href=\"https:\/\/astrobrain.site\/pt-br\/\" rel=\"bookmark\">Read More &raquo;<span class=\"screen-reader-text\">Aloha!<\/span><\/a><\/p>\n","protected":false},"author":1,"featured_media":8046,"parent":0,"menu_order":0,"comment_status":"closed","ping_status":"closed","template":"","meta":{"neve_meta_sidebar":"","neve_meta_container":"","neve_meta_enable_content_width":"","neve_meta_content_width":0,"neve_meta_title_alignment":"","neve_meta_author_avatar":"","neve_post_elements_order":"","neve_meta_disable_header":"","neve_meta_disable_footer":"","neve_meta_disable_title":"","neve_meta_reading_time":"","footnotes":""},"class_list":["post-8042","page","type-page","status-publish","has-post-thumbnail","hentry"],"jetpack_sharing_enabled":true,"_links":{"self":[{"href":"https:\/\/astrobrain.site\/pt-br\/wp-json\/wp\/v2\/pages\/8042","targetHints":{"allow":["GET"]}}],"collection":[{"href":"https:\/\/astrobrain.site\/pt-br\/wp-json\/wp\/v2\/pages"}],"about":[{"href":"https:\/\/astrobrain.site\/pt-br\/wp-json\/wp\/v2\/types\/page"}],"author":[{"embeddable":true,"href":"https:\/\/astrobrain.site\/pt-br\/wp-json\/wp\/v2\/users\/1"}],"replies":[{"embeddable":true,"href":"https:\/\/astrobrain.site\/pt-br\/wp-json\/wp\/v2\/comments?post=8042"}],"version-history":[{"count":6,"href":"https:\/\/astrobrain.site\/pt-br\/wp-json\/wp\/v2\/pages\/8042\/revisions"}],"predecessor-version":[{"id":8601,"href":"https:\/\/astrobrain.site\/pt-br\/wp-json\/wp\/v2\/pages\/8042\/revisions\/8601"}],"wp:featuredmedia":[{"embeddable":true,"href":"https:\/\/astrobrain.site\/pt-br\/wp-json\/wp\/v2\/media\/8046"}],"wp:attachment":[{"href":"https:\/\/astrobrain.site\/pt-br\/wp-json\/wp\/v2\/media?parent=8042"}],"curies":[{"name":"wp","href":"https:\/\/api.w.org\/{rel}","templated":true}]}}