{"id":8148,"date":"2025-01-06T17:13:00","date_gmt":"2025-01-06T17:13:00","guid":{"rendered":"https:\/\/astrobrain.site\/carrinho\/"},"modified":"2026-05-05T10:20:19","modified_gmt":"2026-05-05T10:20:19","slug":"carrinho","status":"publish","type":"page","link":"https:\/\/astrobrain.site\/pt-br\/carrinho\/","title":{"rendered":"Carrinho"},"content":{"rendered":"\n<div data-block-name=\"woocommerce\/cart\" class=\"wp-block-woocommerce-cart alignwide is-loading\">\n<div data-block-name=\"woocommerce\/filled-cart-block\" class=\"wp-block-woocommerce-filled-cart-block\">\n<div data-block-name=\"woocommerce\/cart-items-block\" class=\"wp-block-woocommerce-cart-items-block\">\n<div data-block-name=\"woocommerce\/cart-line-items-block\" data-translated-with-w-p-m-l-t-m=\"1\" class=\"wp-block-woocommerce-cart-line-items-block\"\/>\n\n\n\n<div data-block-name=\"woocommerce\/cart-cross-sells-block\" class=\"wp-block-woocommerce-cart-cross-sells-block\">\n<h2 class=\"wp-block-heading has-large-font-size\">Voc\u00ea pode se interessar por&#8230;<\/h2>\n\n\n\n<div data-block-name=\"woocommerce\/cart-cross-sells-products-block\" data-translated-with-w-p-m-l-t-m=\"1\" class=\"wp-block-woocommerce-cart-cross-sells-products-block\"\/>\n<\/div>\n<\/div>\n\n\n\n<div data-block-name=\"woocommerce\/cart-totals-block\" class=\"wp-block-woocommerce-cart-totals-block\">\n<div data-block-name=\"woocommerce\/cart-order-summary-block\" class=\"wp-block-woocommerce-cart-order-summary-block\">\n\t\t\t<div data-block-name=\"woocommerce\/cart-order-summary-heading-block\" class=\"wp-block-woocommerce-cart-order-summary-heading-block\"><\/div>\n\t\t\t<div data-block-name=\"woocommerce\/cart-order-summary-subtotal-block\" class=\"wp-block-woocommerce-cart-order-summary-subtotal-block\"><\/div>\n\t\t\t<div data-block-name=\"woocommerce\/cart-order-summary-fee-block\" class=\"wp-block-woocommerce-cart-order-summary-fee-block\"><\/div>\n\t\t\t<div data-block-name=\"woocommerce\/cart-order-summary-discount-block\" class=\"wp-block-woocommerce-cart-order-summary-discount-block\"><\/div>\n\t\t\t<div data-block-name=\"woocommerce\/cart-order-summary-coupon-form-block\" class=\"wp-block-woocommerce-cart-order-summary-coupon-form-block\"><\/div>\n\t\t\t<div data-block-name=\"woocommerce\/cart-order-summary-shipping-form-block\" class=\"wp-block-woocommerce-cart-order-summary-shipping-block\"><\/div>\n\t\t\t<div data-block-name=\"woocommerce\/cart-order-summary-taxes-block\" class=\"wp-block-woocommerce-cart-order-summary-taxes-block\"><\/div>\n\t\t\n<div data-block-name=\"woocommerce\/cart-order-summary-heading-block\" class=\"wp-block-woocommerce-cart-order-summary-heading-block\"><\/div><div data-block-name=\"woocommerce\/cart-order-summary-coupon-form-block\" data-translated-with-w-p-m-l-t-m=\"1\" class=\"wp-block-woocommerce-cart-order-summary-coupon-form-block\"\/>\n\n\n\n<div data-block-name=\"woocommerce\/cart-express-payment-block\" data-button-border-radius=\"4\" data-button-height=\"48\" data-show-button-styles=\"false\" data-translated-with-w-p-m-l-t-m=\"1\" class=\"wp-block-woocommerce-cart-express-payment-block\"\/>\n\n\n\n<div data-block-name=\"woocommerce\/proceed-to-checkout-block\" class=\"wp-block-woocommerce-proceed-to-checkout-block\"><\/div>\n\n\n\n<div data-block-name=\"woocommerce\/cart-accepted-payment-methods-block\" data-translated-with-w-p-m-l-t-m=\"1\" class=\"wp-block-woocommerce-cart-accepted-payment-methods-block\"\/>\n<\/div>\n<\/div>\n\n\n\n<div data-block-name=\"woocommerce\/empty-cart-block\" class=\"wp-block-woocommerce-empty-cart-block\">\n<h2 class=\"wp-block-heading has-text-align-center with-empty-cart-icon wc-block-cart__empty-cart__title\">Seu carrinho est\u00e1 vazio no momento!<\/h2>\n\n\n\n<hr class=\"wp-block-separator has-alpha-channel-opacity is-style-dots\"\/>\n\n\n\n<h2 class=\"wp-block-heading has-text-align-center\">Novidades na loja<\/h2>\n\n\n<div data-block-name=\"woocommerce\/product-new\" data-columns=\"4\" data-rows=\"1\" class=\"wc-block-grid wp-block-product-new wp-block-woocommerce-product-new wc-block-product-new has-4-columns\"><ul class=\"wc-block-grid__products\"><li class=\"wc-block-grid__product\">\n\t\t\t\t<a href=\"https:\/\/astrobrain.site\/pt-br\/product\/leitura-de-taro\/\" class=\"wc-block-grid__product-link\">\n\t\t\t\t\t\n\t\t\t\t\t<div class=\"wc-block-grid__product-image\"><img loading=\"lazy\" decoding=\"async\" width=\"300\" height=\"300\" src=\"https:\/\/i0.wp.com\/astrobrain.site\/wp-content\/uploads\/2024\/11\/iStock-1441237392-2-e1734679690827.jpg?resize=300%2C300&amp;ssl=1\" class=\"attachment-woocommerce_thumbnail size-woocommerce_thumbnail\" alt=\"Leitura de Tar\u00f4\" srcset=\"https:\/\/i0.wp.com\/astrobrain.site\/wp-content\/uploads\/2024\/11\/iStock-1441237392-2-e1734679690827.jpg?resize=150%2C150&amp;ssl=1 150w, https:\/\/i0.wp.com\/astrobrain.site\/wp-content\/uploads\/2024\/11\/iStock-1441237392-2-e1734679690827.jpg?resize=300%2C300&amp;ssl=1 300w, https:\/\/i0.wp.com\/astrobrain.site\/wp-content\/uploads\/2024\/11\/iStock-1441237392-2-e1734679690827.jpg?resize=100%2C100&amp;ssl=1 100w, https:\/\/i0.wp.com\/astrobrain.site\/wp-content\/uploads\/2024\/11\/iStock-1441237392-2-e1734679690827.jpg?zoom=2&amp;resize=300%2C300&amp;ssl=1 600w, https:\/\/i0.wp.com\/astrobrain.site\/wp-content\/uploads\/2024\/11\/iStock-1441237392-2-e1734679690827.jpg?zoom=3&amp;resize=300%2C300&amp;ssl=1 900w\" sizes=\"auto, (max-width: 300px) 100vw, 300px\" \/><\/div>\n\t\t\t\t\t<div class=\"wc-block-grid__product-title\">Leitura de Tar\u00f4<\/div>\n\t\t\t\t<\/a>\n\t\t\t\t<div class=\"wc-block-grid__product-price price\"><span class=\"woocommerce-Price-amount amount\"><span class=\"woocommerce-Price-currencySymbol\">&#036;<\/span>0.00<\/span><\/div>\n\t\t\t\t\n\t\t\t\t<div class=\"wp-block-button wc-block-grid__product-add-to-cart\"><a href=\"\/pt-br\/wp-json\/wp\/v2\/pages\/8148?add-to-cart=8317\" aria-label=\"Adicione ao carrinho: &ldquo;Leitura de Tar\u00f4&rdquo;\" data-quantity=\"1\" data-product_id=\"8317\" data-product_sku=\"\" data-price=\"0\" rel=\"nofollow\" class=\"wp-block-button__link  add_to_cart_button ajax_add_to_cart\">Adicionar ao carrinho<\/a><\/div>\n\t\t\t<\/li><li class=\"wc-block-grid__product\">\n\t\t\t\t<a href=\"https:\/\/astrobrain.site\/pt-br\/product\/leitura-do-mapa-astral\/\" class=\"wc-block-grid__product-link\">\n\t\t\t\t\t\n\t\t\t\t\t<div class=\"wc-block-grid__product-image\"><img loading=\"lazy\" decoding=\"async\" width=\"300\" height=\"300\" src=\"https:\/\/i0.wp.com\/astrobrain.site\/wp-content\/uploads\/2024\/11\/getimg_ai_img-FJ2LkrsXDZQDKVctJ4PlQ.jpg?resize=300%2C300&amp;ssl=1\" class=\"attachment-woocommerce_thumbnail size-woocommerce_thumbnail\" alt=\"Leitura do mapa astral\" srcset=\"https:\/\/i0.wp.com\/astrobrain.site\/wp-content\/uploads\/2024\/11\/getimg_ai_img-FJ2LkrsXDZQDKVctJ4PlQ.jpg?w=1024&amp;ssl=1 1024w, https:\/\/i0.wp.com\/astrobrain.site\/wp-content\/uploads\/2024\/11\/getimg_ai_img-FJ2LkrsXDZQDKVctJ4PlQ.jpg?resize=300%2C300&amp;ssl=1 300w, https:\/\/i0.wp.com\/astrobrain.site\/wp-content\/uploads\/2024\/11\/getimg_ai_img-FJ2LkrsXDZQDKVctJ4PlQ.jpg?resize=600%2C600&amp;ssl=1 600w, https:\/\/i0.wp.com\/astrobrain.site\/wp-content\/uploads\/2024\/11\/getimg_ai_img-FJ2LkrsXDZQDKVctJ4PlQ.jpg?resize=150%2C150&amp;ssl=1 150w, https:\/\/i0.wp.com\/astrobrain.site\/wp-content\/uploads\/2024\/11\/getimg_ai_img-FJ2LkrsXDZQDKVctJ4PlQ.jpg?resize=768%2C768&amp;ssl=1 768w\" sizes=\"auto, (max-width: 300px) 100vw, 300px\" \/><\/div>\n\t\t\t\t\t<div class=\"wc-block-grid__product-title\">Leitura do mapa astral<\/div>\n\t\t\t\t<\/a>\n\t\t\t\t<div class=\"wc-block-grid__product-price price\"><span class=\"woocommerce-Price-amount amount\"><span class=\"woocommerce-Price-currencySymbol\">&#036;<\/span>40.00<\/span><\/div>\n\t\t\t\t\n\t\t\t\t<div class=\"wp-block-button wc-block-grid__product-add-to-cart\"><a href=\"\/pt-br\/wp-json\/wp\/v2\/pages\/8148?add-to-cart=8305\" aria-label=\"Adicione ao carrinho: &ldquo;Leitura do mapa astral&rdquo;\" data-quantity=\"1\" data-product_id=\"8305\" data-product_sku=\"\" data-price=\"40\" rel=\"nofollow\" class=\"wp-block-button__link  add_to_cart_button ajax_add_to_cart\">Adicionar ao carrinho<\/a><\/div>\n\t\t\t<\/li><li class=\"wc-block-grid__product\">\n\t\t\t\t<a href=\"https:\/\/astrobrain.site\/pt-br\/product\/retificacao-do-horario-de-nascimento\/\" class=\"wc-block-grid__product-link\">\n\t\t\t\t\t\n\t\t\t\t\t<div class=\"wc-block-grid__product-image\"><img loading=\"lazy\" decoding=\"async\" width=\"300\" height=\"300\" src=\"https:\/\/i0.wp.com\/astrobrain.site\/wp-content\/uploads\/2024\/11\/sagies._Horologe_with_a_starry_background_-v_6.1_d38bb184-60d0-432c-ab40-d553cca7b1b8_1.jpg?resize=300%2C300&amp;ssl=1\" class=\"attachment-woocommerce_thumbnail size-woocommerce_thumbnail\" alt=\"Retifica\u00e7\u00e3o do hor\u00e1rio de nascimento\" srcset=\"https:\/\/i0.wp.com\/astrobrain.site\/wp-content\/uploads\/2024\/11\/sagies._Horologe_with_a_starry_background_-v_6.1_d38bb184-60d0-432c-ab40-d553cca7b1b8_1.jpg?w=1024&amp;ssl=1 1024w, https:\/\/i0.wp.com\/astrobrain.site\/wp-content\/uploads\/2024\/11\/sagies._Horologe_with_a_starry_background_-v_6.1_d38bb184-60d0-432c-ab40-d553cca7b1b8_1.jpg?resize=300%2C300&amp;ssl=1 300w, https:\/\/i0.wp.com\/astrobrain.site\/wp-content\/uploads\/2024\/11\/sagies._Horologe_with_a_starry_background_-v_6.1_d38bb184-60d0-432c-ab40-d553cca7b1b8_1.jpg?resize=600%2C600&amp;ssl=1 600w, https:\/\/i0.wp.com\/astrobrain.site\/wp-content\/uploads\/2024\/11\/sagies._Horologe_with_a_starry_background_-v_6.1_d38bb184-60d0-432c-ab40-d553cca7b1b8_1.jpg?resize=150%2C150&amp;ssl=1 150w, https:\/\/i0.wp.com\/astrobrain.site\/wp-content\/uploads\/2024\/11\/sagies._Horologe_with_a_starry_background_-v_6.1_d38bb184-60d0-432c-ab40-d553cca7b1b8_1.jpg?resize=768%2C768&amp;ssl=1 768w\" sizes=\"auto, (max-width: 300px) 100vw, 300px\" \/><\/div>\n\t\t\t\t\t<div class=\"wc-block-grid__product-title\">Retifica\u00e7\u00e3o do hor\u00e1rio de nascimento<\/div>\n\t\t\t\t<\/a>\n\t\t\t\t<div class=\"wc-block-grid__product-price price\"><span class=\"woocommerce-Price-amount amount\" aria-hidden=\"true\"><span class=\"woocommerce-Price-currencySymbol\">&#036;<\/span>50.00<\/span> <span aria-hidden=\"true\">\u2013<\/span> <span class=\"woocommerce-Price-amount amount\" aria-hidden=\"true\"><span class=\"woocommerce-Price-currencySymbol\">&#036;<\/span>150.00<\/span><span class=\"screen-reader-text\">Faixa de pre\u00e7o: de &#036;50.00 at\u00e9 &#036;150.00<\/span><\/div>\n\t\t\t\t\n\t\t\t\t<div class=\"wp-block-button wc-block-grid__product-add-to-cart\"><a href=\"https:\/\/astrobrain.site\/pt-br\/product\/retificacao-do-horario-de-nascimento\/\" aria-label=\"Selecione as op\u00e7\u00f5es para &ldquo;Retifica\u00e7\u00e3o do hor\u00e1rio de nascimento&rdquo;\" data-quantity=\"1\" data-product_id=\"8307\" data-product_sku=\"\" data-price=\"50\" rel=\"nofollow\" class=\"wp-block-button__link  add_to_cart_button\">Ver op\u00e7\u00f5es<\/a><\/div>\n\t\t\t<\/li><\/ul><\/div><\/div>\n<\/div>\n","protected":false},"excerpt":{"rendered":"","protected":false},"author":1,"featured_media":0,"parent":0,"menu_order":0,"comment_status":"closed","ping_status":"closed","template":"","meta":{"neve_meta_sidebar":"","neve_meta_container":"","neve_meta_enable_content_width":"","neve_meta_content_width":0,"neve_meta_title_alignment":"","neve_meta_author_avatar":"","neve_post_elements_order":"","neve_meta_disable_header":"","neve_meta_disable_footer":"","neve_meta_disable_title":"","neve_meta_reading_time":"","footnotes":""},"class_list":["post-8148","page","type-page","status-publish","hentry"],"jetpack_sharing_enabled":true,"_links":{"self":[{"href":"https:\/\/astrobrain.site\/pt-br\/wp-json\/wp\/v2\/pages\/8148","targetHints":{"allow":["GET"]}}],"collection":[{"href":"https:\/\/astrobrain.site\/pt-br\/wp-json\/wp\/v2\/pages"}],"about":[{"href":"https:\/\/astrobrain.site\/pt-br\/wp-json\/wp\/v2\/types\/page"}],"author":[{"embeddable":true,"href":"https:\/\/astrobrain.site\/pt-br\/wp-json\/wp\/v2\/users\/1"}],"replies":[{"embeddable":true,"href":"https:\/\/astrobrain.site\/pt-br\/wp-json\/wp\/v2\/comments?post=8148"}],"version-history":[{"count":1,"href":"https:\/\/astrobrain.site\/pt-br\/wp-json\/wp\/v2\/pages\/8148\/revisions"}],"predecessor-version":[{"id":8149,"href":"https:\/\/astrobrain.site\/pt-br\/wp-json\/wp\/v2\/pages\/8148\/revisions\/8149"}],"wp:attachment":[{"href":"https:\/\/astrobrain.site\/pt-br\/wp-json\/wp\/v2\/media?parent=8148"}],"curies":[{"name":"wp","href":"https:\/\/api.w.org\/{rel}","templated":true}]}}