{"id":8305,"date":"2024-11-13T22:33:55","date_gmt":"2024-11-13T22:33:55","guid":{"rendered":"https:\/\/astrobrain.site\/product\/leitura-do-mapa-astral\/"},"modified":"2024-11-13T22:33:55","modified_gmt":"2024-11-13T22:33:55","slug":"leitura-do-mapa-astral","status":"publish","type":"product","link":"https:\/\/astrobrain.site\/pt-br\/product\/leitura-do-mapa-astral\/","title":{"rendered":"Leitura do mapa astral"},"content":{"rendered":"<p style=\"text-align: left;\">Resposta a uma pergunta tua, baseada numa variedade de ferramentas astrol\u00f3gicas. Em pelo menos 500 palavras. <\/p>\n<p>Algumas das ferramentas que uso s\u00e3o profe\u00e7\u00f5es anuais e libera\u00e7\u00e3o zodiacal (astrologia helen\u00edstica), tr\u00e2nsitos, bem como retornos solares e progress\u00f5es.<\/p>\n<p>Entregue em formato PDF por email.<\/p>\n<p>Podes enviar-me a tua pergunta, mais local, data e hora exata de nascimento para o mapa astral para <a href=\"mailto:astrobrain.site@gmail.com\">astrobrain.site@gmail.com<\/a>.<\/p>\n<p>&nbsp;<\/p>\n<p>&nbsp;<\/p>\n<p>&nbsp;<\/p>\n","protected":false},"excerpt":{"rendered":"<p>An\u00e1lise do mapa astral para o pr\u00f3ximo ano baseada numa pergunta escrita submetida. V\u00ea os detalhes abaixo. <\/p>\n<p>&nbsp;<\/p>\n<p>&nbsp;<\/p>\n","protected":false},"featured_media":8306,"comment_status":"closed","ping_status":"closed","template":"","meta":{"neve_meta_sidebar":"","neve_meta_container":"","neve_meta_enable_content_width":"off","neve_meta_content_width":100,"neve_meta_title_alignment":"","neve_meta_author_avatar":"","neve_post_elements_order":"","neve_meta_disable_header":"","neve_meta_disable_footer":"","neve_meta_disable_title":"","neve_meta_reading_time":""},"product_brand":[],"product_cat":[410],"product_tag":[412,411,413],"class_list":{"0":"post-8305","1":"product","2":"type-product","3":"status-publish","4":"has-post-thumbnail","6":"product_cat-ofertas","7":"product_tag-astrologia","8":"product_tag-leitura","9":"product_tag-mapa-astral","11":"first","12":"instock","13":"virtual","14":"purchasable","15":"product-type-simple"},"jetpack_sharing_enabled":true,"_links":{"self":[{"href":"https:\/\/astrobrain.site\/pt-br\/wp-json\/wp\/v2\/product\/8305","targetHints":{"allow":["GET"]}}],"collection":[{"href":"https:\/\/astrobrain.site\/pt-br\/wp-json\/wp\/v2\/product"}],"about":[{"href":"https:\/\/astrobrain.site\/pt-br\/wp-json\/wp\/v2\/types\/product"}],"replies":[{"embeddable":true,"href":"https:\/\/astrobrain.site\/pt-br\/wp-json\/wp\/v2\/comments?post=8305"}],"wp:featuredmedia":[{"embeddable":true,"href":"https:\/\/astrobrain.site\/pt-br\/wp-json\/wp\/v2\/media\/8306"}],"wp:attachment":[{"href":"https:\/\/astrobrain.site\/pt-br\/wp-json\/wp\/v2\/media?parent=8305"}],"wp:term":[{"taxonomy":"product_brand","embeddable":true,"href":"https:\/\/astrobrain.site\/pt-br\/wp-json\/wp\/v2\/product_brand?post=8305"},{"taxonomy":"product_cat","embeddable":true,"href":"https:\/\/astrobrain.site\/pt-br\/wp-json\/wp\/v2\/product_cat?post=8305"},{"taxonomy":"product_tag","embeddable":true,"href":"https:\/\/astrobrain.site\/pt-br\/wp-json\/wp\/v2\/product_tag?post=8305"}],"curies":[{"name":"wp","href":"https:\/\/api.w.org\/{rel}","templated":true}]}}