{"id":8307,"date":"2024-11-13T21:03:36","date_gmt":"2024-11-13T21:03:36","guid":{"rendered":"https:\/\/astrobrain.site\/product\/retificacao-do-horario-de-nascimento\/"},"modified":"2025-12-15T09:40:15","modified_gmt":"2025-12-15T09:40:15","slug":"retificacao-do-horario-de-nascimento","status":"publish","type":"product","link":"https:\/\/astrobrain.site\/pt-br\/product\/retificacao-do-horario-de-nascimento\/","title":{"rendered":"Retifica\u00e7\u00e3o do hor\u00e1rio de nascimento"},"content":{"rendered":"<p>Ofere\u00e7o retifica\u00e7\u00e3o do hor\u00e1rio de nascimento usando uma lista de eventos significativos da vida e suas datas fornecidas por voc\u00ea.<\/p>\n<p>O processo \u00e9 baseado em t\u00e9cnicas de astrologia helen\u00edstica e em tr\u00e2nsitos.<\/p>\n<p>A entrega final incluir\u00e1 o hor\u00e1rio de nascimento determinado.<\/p>\n<p>Para melhores resultados, forne\u00e7a uma lista de 5 a 10 eventos da vida com datas exatas. Voc\u00ea pode enviar essas informa\u00e7\u00f5es para <a href=\"mailto:astrobrain.site@gmail.com\">astrobrain.site@gmail.com<\/a> <\/p>\n","protected":false},"excerpt":{"rendered":"<p>\u00c9 uma an\u00e1lise detalhada do mapa astral fornecido usando um intervalo de tempo de v\u00e1rias horas (6, 12 ou 24), junto com v\u00e1rios eventos importantes da vida (5-10). Veja os detalhes abaixo. <\/p>\n","protected":false},"featured_media":8308,"comment_status":"closed","ping_status":"closed","template":"","meta":{"neve_meta_sidebar":"","neve_meta_container":"","neve_meta_enable_content_width":"off","neve_meta_content_width":100,"neve_meta_title_alignment":"","neve_meta_author_avatar":"","neve_post_elements_order":"","neve_meta_disable_header":"","neve_meta_disable_footer":"","neve_meta_disable_title":"","neve_meta_reading_time":""},"product_brand":[],"product_cat":[410],"product_tag":[412,415,414],"class_list":{"0":"post-8307","1":"product","2":"type-product","3":"status-publish","4":"has-post-thumbnail","6":"product_cat-ofertas","7":"product_tag-astrologia","8":"product_tag-horario-de-nascimento","9":"product_tag-retificacao","11":"first","12":"instock","13":"shipping-taxable","14":"purchasable","15":"product-type-variable"},"jetpack_sharing_enabled":true,"_links":{"self":[{"href":"https:\/\/astrobrain.site\/pt-br\/wp-json\/wp\/v2\/product\/8307","targetHints":{"allow":["GET"]}}],"collection":[{"href":"https:\/\/astrobrain.site\/pt-br\/wp-json\/wp\/v2\/product"}],"about":[{"href":"https:\/\/astrobrain.site\/pt-br\/wp-json\/wp\/v2\/types\/product"}],"replies":[{"embeddable":true,"href":"https:\/\/astrobrain.site\/pt-br\/wp-json\/wp\/v2\/comments?post=8307"}],"wp:featuredmedia":[{"embeddable":true,"href":"https:\/\/astrobrain.site\/pt-br\/wp-json\/wp\/v2\/media\/8308"}],"wp:attachment":[{"href":"https:\/\/astrobrain.site\/pt-br\/wp-json\/wp\/v2\/media?parent=8307"}],"wp:term":[{"taxonomy":"product_brand","embeddable":true,"href":"https:\/\/astrobrain.site\/pt-br\/wp-json\/wp\/v2\/product_brand?post=8307"},{"taxonomy":"product_cat","embeddable":true,"href":"https:\/\/astrobrain.site\/pt-br\/wp-json\/wp\/v2\/product_cat?post=8307"},{"taxonomy":"product_tag","embeddable":true,"href":"https:\/\/astrobrain.site\/pt-br\/wp-json\/wp\/v2\/product_tag?post=8307"}],"curies":[{"name":"wp","href":"https:\/\/api.w.org\/{rel}","templated":true}]}}