{"id":8317,"date":"2024-11-14T09:04:09","date_gmt":"2024-11-14T09:04:09","guid":{"rendered":"https:\/\/astrobrain.site\/product\/leitura-de-taro\/"},"modified":"2025-12-25T04:50:12","modified_gmt":"2025-12-25T04:50:12","slug":"leitura-de-taro","status":"publish","type":"product","link":"https:\/\/astrobrain.site\/pt-br\/product\/leitura-de-taro\/","title":{"rendered":"Leitura de Tar\u00f4"},"content":{"rendered":"<p>Voc\u00ea pode me enviar sua pergunta e a prefer\u00eancia de m\u00e9todo para <a href=\"mailto:astrobrain.site@gmail.com\">astrobrain.site@gmail.com<\/a>.<\/p>\n<p>Posso fazer uma leitura em um dos 3 m\u00e9todos conhecidos no mundo do Tar\u00f4:<\/p>\n<ol>\n<li>Estilo RWS (mais popular);<\/li>\n<li>Estilo Thoth;<\/li>\n<li>Estilo Marselha.<\/li>\n<\/ol>\n<p>Em cada um dos m\u00e9todos, uso o baralho apropriado, obviamente, assim como as disposi\u00e7\u00f5es adequadas:<\/p>\n<ol>\n<li>Para RWS e Thoth \u00e9 a Cruz Celta;<\/li>\n<li>Para Marselha \u00e9 a disposi\u00e7\u00e3o Carr\u00e9 de Neuf. H\u00e1 tamb\u00e9m a op\u00e7\u00e3o da disposi\u00e7\u00e3o Grand Tableau de 25+1 cartas para os interessados. <\/li>\n<\/ol>\n<p>Se voc\u00ea gostar do que receber de mim, fique \u00e0 vontade para fazer uma doa\u00e7\u00e3o como forma de agradecimento. Obrigado \ud83d\ude0a.<br \/>\n<style>\r\n        .wpedon-container .wpedon-select,\r\n        .wpedon-container .wpedon-input {\r\n            width: 300px;\r\n            min-width: 300px;\r\n            max-width: 300px;\r\n        }\r\n    <\/style><div class='wpedon-container wpedon-align-left'><form class='wpedon-form wpedon-form-disabled' id='042afbf150f5b37dc25ae04ad4ee31e2' action='#' method='post'>\t\t<script\r\n\t\t\tsrc='https:\/\/www.paypal.com\/sdk\/js?client-id=Advx1wc_4Se6ICsYnMXTqWntyS0F1VdRHIeWnT2Qgv0nFi6sD86KEM9DSxcG79rq_weHqfs1uClL1xDy&merchant-id=KTQTAEB6RHLKE&currency=USD&intent=capture&components=buttons,funding-eligibility&enable-funding=venmo,card'\r\n\t\t\tdata-partner-attribution-id='WPPlugin_STP_CP'\r\n\t\t\t\t\t><\/script>\r\n\t\t<style>\r\n        .wpedon-paypal-button-container > *,\r\n        .wpedon-paypal-hosted-fields-container .wpedon-paypal-btn,\r\n        .wpedon-form .wpedon-or {\r\n            width: 300px;\r\n            min-width: 300px;\r\n            max-width: 300px;\r\n        }\r\n        .wpedon-paypal-hosted-fields-container .wpedon-paypal-btn {\r\n            height: 40px;\r\n        }\r\n\t\t<\/style>\r\n\t\t<script>\r\n      const wpedonPaypalFunding = [\"paypal\",\"venmo\",\"card\"];\r\n\t\t<\/script>\r\n\t\t\r\n\t<!-- Buttons container -->\r\n\t<div id='wpedon-paypal-button-container-042afbf150f5b37dc25ae04ad4ee31e2' class='wpedon-paypal-button-container wpedon-vertical'><\/div>\r\n\r\n\t\t<div id='wpedon-paypal-message-042afbf150f5b37dc25ae04ad4ee31e2' class='wpedon-payment-message'><\/div>\r\n\r\n\r\n\r\n\r\n\t<script>\r\n    const message_042afbf150f5b37dc25ae04ad4ee31e2 = document.getElementById('wpedon-paypal-message-042afbf150f5b37dc25ae04ad4ee31e2');\r\n    if ( typeof paypal === 'undefined' ) {\r\n      message_042afbf150f5b37dc25ae04ad4ee31e2.innerHTML = '<span class=\"payment-error\">' + \r\n          'An error occurred while connecting PayPal SDK. Check the plugin settings.' + '<\/span>';\r\n      throw 'An error occurred while connecting PayPal SDK. Check the plugin settings.';\r\n    }\r\n\r\n    paypal.getFundingSources().forEach(function (fundingSource) {\r\n      if ( wpedonPaypalFunding.indexOf(fundingSource) > -1 ) {\r\n        const style = {\r\n          shape: 'rect',\r\n          label: 'donate',\r\n          height: 40        };\r\n\r\n        if ( fundingSource !== 'card' ) {\r\n          let color = 'gold';\r\n          if (fundingSource === 'venmo' && color === 'gold') {\r\n            color = 'blue';\r\n          } else if (['ideal', 'bancontact', 'giropay', 'eps', 'sofort', 'mybank', 'p24'].indexOf(fundingSource) > -1 && ['gold', 'blue'].indexOf(color) > -1) {\r\n            color = 'default';\r\n          } else if (fundingSource === 'credit' && ['darkblue', 'black', 'white'].indexOf(color) === -1) {\r\n              color = 'darkblue';\r\n          }\r\n          style.color = color;\r\n        }\r\n\r\n        const button = paypal.Buttons({\r\n          fundingSource: fundingSource,\r\n          style: style,\r\n          createOrder: function() {\r\n            message_042afbf150f5b37dc25ae04ad4ee31e2.innerHTML = '';\r\n\r\n            const form = document.getElementById('042afbf150f5b37dc25ae04ad4ee31e2');\r\n            const formData = new FormData(form);\r\n            formData.append('action', 'wpedon-ppcp-order-create');\r\n            formData.append('nonce', wpedon.nonce);\r\n\r\n            return fetch(wpedon.ajaxUrl, {\r\n              method: 'post',\r\n              body: formData\r\n            }).then(function(response) {\r\n              return response.json();\r\n            }).then(function(data) {\r\n              let orderID = false;\r\n              if (data.success && data.data.order_id) {\r\n                orderID = data.data.order_id;\r\n              } else {\r\n                throw data.data && data.data.message ? data.data.message : 'An unknown error occurred while creating the order. Please reload the page and try again.';\r\n              }\r\n              return orderID;\r\n            });\r\n          },\r\n          onApprove: function(data) {\r\n            const formData = new FormData();\r\n\r\n            formData.append('action', 'wpedon-ppcp-order-finalize');\r\n            formData.append('nonce', wpedon.nonce);\r\n            formData.append('order_id', data.orderID);\r\n\r\n            return fetch(wpedon.ajaxUrl, {\r\n              method: 'post',\r\n              body: formData\r\n            }).then(function(response) {\r\n              return response.json();\r\n            }).then(function(data) {\r\n              if (data.success) {\r\n\t\t\t    var return_url = '';\r\n                if (return_url.length) {\r\n                  window.location.href = return_url;\r\n                } else {\r\n                  message_042afbf150f5b37dc25ae04ad4ee31e2.innerHTML = '<span class=\"payment-success\">' + \r\n                    'The payment was successful' + '<\/span>';\r\n                }\r\n              } else {\r\n                throw data.data.message;\r\n              }\r\n            });\r\n          },\r\n          onCancel: function() {\r\n            if (wpedon.cancel.length && fundingSource !== 'card') {\r\n              window.location.href = wpedon.cancel;\r\n            } else {\r\n              message_042afbf150f5b37dc25ae04ad4ee31e2.innerHTML = '<span class=\"payment-error\">' + \r\n                'The payment was cancelled.' + '<\/span>';\r\n            }\r\n          },\r\n          onError: function (error) {\r\n            message_042afbf150f5b37dc25ae04ad4ee31e2.innerHTML = '<span class=\"payment-error\">' + (error ? error : '<strong>Site admin<\/strong>, an error was detected in the plugin settings.<\/br>Please check the PayPal connection and product settings (price, name, etc.)') + '<\/span>';\r\n          }\r\n        });\r\n\r\n        if (button.isEligible()) {\r\n          button.render('#wpedon-paypal-button-container-042afbf150f5b37dc25ae04ad4ee31e2');\r\n        }\r\n      }\r\n    });\r\n\r\n\t\t\t<\/script>\r\n\t\r\n\t\r\n\t\r\n\t<input type='hidden' name='amount' id='amount_042afbf150f5b37dc25ae04ad4ee31e2' value='15.00' \/><input type='hidden' name='price' id='price_042afbf150f5b37dc25ae04ad4ee31e2' value='15.00' \/><input type='hidden' name='item_number' value='' \/><input type='hidden' name='item_name' value='An appreciation token' \/><input type='hidden' name='name' value='An appreciation token' \/><input type='hidden' name='custom' value='6147'><input type='hidden' name='no_shipping' value='1'><input type='hidden' name='no_note' value='1'><input type='hidden' name='currency_code' value='USD'><\/form><\/div><br \/>\n<a href=\"https:\/\/www.buymeacoffee.com\/astrobrain.site\" target=\"_blank\" rel=\"noopener noreferrer\" style=\"display:inline-block;padding:10px 14px;border-radius:8px;text-decoration:none;font-weight:600;border:1px solid #ddd;\"><br \/>\nApoie meu trabalho \u2615<br \/>\n<\/a><br \/>\n&nbsp;<\/p>\n","protected":false},"excerpt":{"rendered":"<p>Leitura de tarot gratuita como resposta a uma pergunta escrita enviada, apenas para fins de entretenimento (ver detalhes e e-mail abaixo).<\/p>\n<p>Entregue como arquivo PDF com a imagem da disposi\u00e7\u00e3o.<\/p>\n<p>&nbsp;<\/p>\n","protected":false},"featured_media":8318,"comment_status":"closed","ping_status":"closed","template":"","meta":{"neve_meta_sidebar":"","neve_meta_container":"","neve_meta_enable_content_width":"off","neve_meta_content_width":100,"neve_meta_title_alignment":"","neve_meta_author_avatar":"","neve_post_elements_order":"","neve_meta_disable_header":"","neve_meta_disable_footer":"","neve_meta_disable_title":"","neve_meta_reading_time":""},"product_brand":[],"product_cat":[410],"product_tag":[411,416],"class_list":{"0":"post-8317","1":"product","2":"type-product","3":"status-publish","4":"has-post-thumbnail","6":"product_cat-ofertas","7":"product_tag-leitura","8":"product_tag-taro","10":"first","11":"instock","12":"virtual","13":"purchasable","14":"product-type-simple"},"jetpack_sharing_enabled":true,"_links":{"self":[{"href":"https:\/\/astrobrain.site\/pt-br\/wp-json\/wp\/v2\/product\/8317","targetHints":{"allow":["GET"]}}],"collection":[{"href":"https:\/\/astrobrain.site\/pt-br\/wp-json\/wp\/v2\/product"}],"about":[{"href":"https:\/\/astrobrain.site\/pt-br\/wp-json\/wp\/v2\/types\/product"}],"replies":[{"embeddable":true,"href":"https:\/\/astrobrain.site\/pt-br\/wp-json\/wp\/v2\/comments?post=8317"}],"wp:featuredmedia":[{"embeddable":true,"href":"https:\/\/astrobrain.site\/pt-br\/wp-json\/wp\/v2\/media\/8318"}],"wp:attachment":[{"href":"https:\/\/astrobrain.site\/pt-br\/wp-json\/wp\/v2\/media?parent=8317"}],"wp:term":[{"taxonomy":"product_brand","embeddable":true,"href":"https:\/\/astrobrain.site\/pt-br\/wp-json\/wp\/v2\/product_brand?post=8317"},{"taxonomy":"product_cat","embeddable":true,"href":"https:\/\/astrobrain.site\/pt-br\/wp-json\/wp\/v2\/product_cat?post=8317"},{"taxonomy":"product_tag","embeddable":true,"href":"https:\/\/astrobrain.site\/pt-br\/wp-json\/wp\/v2\/product_tag?post=8317"}],"curies":[{"name":"wp","href":"https:\/\/api.w.org\/{rel}","templated":true}]}}